{"id":995,"date":"2023-10-20T10:29:49","date_gmt":"2023-10-20T08:29:49","guid":{"rendered":"https:\/\/jubilerarbiszgdansk.pl\/?post_type=product&#038;p=995"},"modified":"2025-11-10T11:35:07","modified_gmt":"2025-11-10T10:35:07","slug":"bransoletka-bursztynowa-2","status":"publish","type":"product","link":"https:\/\/jubilerarbiszgdansk.pl\/en\/bransoletka-bursztynowa-2\/","title":{"rendered":"Bransoletka bursztynowa"},"content":{"rendered":"<p>Ta subtelna, r\u0119cznie wykonana bi\u017cuteria jest nie tylko pi\u0119kna, ale r\u00f3wnie\u017c nosi ze sob\u0105 bogactwo historii i legend zwi\u0105zanych z bursztynem. Ka\u017cdy kamie\u0144 u\u017cyty w tej bransolecie jest autentycznym, naturalnym bursztynem, wydobytym z najlepszych z\u0142\u00f3\u017c.<\/p>\n<p><strong>Materia\u0142 &#8211; surowy bursztyn ba\u0142tycki <\/strong><\/p>\n<p><strong>Elastyczna gumka jubilerska<\/strong><\/p>\n<p><strong>Wielko\u015b\u0107 kamieni &#8211; ok.1cm<\/strong><\/p>\n<p>Bursztyn jest znany od wiek\u00f3w z swoich przypisywanych mu w\u0142a\u015bciwo\u015bci zdrowotnych i energetycznych. Uznawany jest za kamie\u0144 oczyszczaj\u0105cy i harmonizuj\u0105cy energi\u0119, przynosz\u0105cy r\u00f3wnowag\u0119 i witalno\u015b\u0107.<\/p>\n<p>Ze wzgl\u0119du na r\u00f3\u017cnorodno\u015b\u0107 kamieni bransoletki mog\u0105 delikatnie r\u00f3\u017cni\u0107 si\u0119 kolorem.<\/p>","protected":false},"excerpt":{"rendered":"<p>Bransoletka bursztynowa<\/p>","protected":false},"featured_media":984,"template":"","meta":[],"etheme_brands":[],"product_brand":[],"product_cat":[18,50],"product_tag":[],"class_list":{"0":"post-995","1":"product","2":"type-product","3":"status-publish","4":"has-post-thumbnail","6":"product_cat-bransoletki-z-bursztynu","7":"product_cat-prezenty-do-150-zl","9":"first","10":"instock","11":"sale","12":"taxable","13":"shipping-taxable","14":"purchasable","15":"product-type-simple"},"_links":{"self":[{"href":"https:\/\/jubilerarbiszgdansk.pl\/en\/wp-json\/wp\/v2\/product\/995","targetHints":{"allow":["GET"]}}],"collection":[{"href":"https:\/\/jubilerarbiszgdansk.pl\/en\/wp-json\/wp\/v2\/product"}],"about":[{"href":"https:\/\/jubilerarbiszgdansk.pl\/en\/wp-json\/wp\/v2\/types\/product"}],"version-history":[{"count":0,"href":"https:\/\/jubilerarbiszgdansk.pl\/en\/wp-json\/wp\/v2\/product\/995\/revisions"}],"wp:featuredmedia":[{"embeddable":true,"href":"https:\/\/jubilerarbiszgdansk.pl\/en\/wp-json\/wp\/v2\/media\/984"}],"wp:attachment":[{"href":"https:\/\/jubilerarbiszgdansk.pl\/en\/wp-json\/wp\/v2\/media?parent=995"}],"wp:term":[{"taxonomy":"brand","embeddable":true,"href":"https:\/\/jubilerarbiszgdansk.pl\/en\/wp-json\/wp\/v2\/etheme_brands?post=995"},{"taxonomy":"product_brand","embeddable":true,"href":"https:\/\/jubilerarbiszgdansk.pl\/en\/wp-json\/wp\/v2\/product_brand?post=995"},{"taxonomy":"product_cat","embeddable":true,"href":"https:\/\/jubilerarbiszgdansk.pl\/en\/wp-json\/wp\/v2\/product_cat?post=995"},{"taxonomy":"product_tag","embeddable":true,"href":"https:\/\/jubilerarbiszgdansk.pl\/en\/wp-json\/wp\/v2\/product_tag?post=995"}],"curies":[{"name":"wp","href":"https:\/\/api.w.org\/{rel}","templated":true}]}}