{"id":916,"date":"2023-10-13T16:04:06","date_gmt":"2023-10-13T14:04:06","guid":{"rendered":"https:\/\/jubilerarbiszgdansk.pl\/?post_type=product&#038;p=916"},"modified":"2025-11-10T11:35:29","modified_gmt":"2025-11-10T10:35:29","slug":"bursztynowa-bransoleta-w-srebrze","status":"publish","type":"product","link":"https:\/\/jubilerarbiszgdansk.pl\/en\/bursztynowa-bransoleta-w-srebrze\/","title":{"rendered":"Bursztynowa bransoleta w srebrze"},"content":{"rendered":"<p>Bransoleta srebrna pr\u00f3by 925 z owalnym bursztynem. Centralnym punktem kompozycji jest okaza\u0142y bursztyn w kolorze koniakowym sprawiaj\u0105c, \u017ce ca\u0142o\u015b\u0107 wygl\u0105da niezwykle efektownie.<\/p>\n<p>Bransoleta b\u0119dzie idealna dla pa\u0144 lubi\u0105cych finezyjn\u0105 bi\u017cuteri\u0119 oraz ciep\u0142\u0105 barw\u0119 bursztynu.<\/p>","protected":false},"excerpt":{"rendered":"<p>Bransoleta srebrna pr\u00f3by 925 z owalnym bursztynem. Centralnym punktem kompozycji jest okaza\u0142y bursztyn w kolorze koniakowym sprawiaj\u0105c, \u017ce ca\u0142o\u015b\u0107 wygl\u0105da niezwykle efektownie. Bransoleta b\u0119dzie idealna&#8230;<\/p>","protected":false},"featured_media":917,"template":"","meta":[],"etheme_brands":[],"product_brand":[],"product_cat":[18,48],"product_tag":[46],"class_list":{"0":"post-916","1":"product","2":"type-product","3":"status-publish","4":"has-post-thumbnail","6":"product_cat-bransoletki-z-bursztynu","7":"product_cat-promocja","8":"product_tag-october10","10":"first","11":"instock","12":"sale","13":"sold-individually","14":"taxable","15":"shipping-taxable","16":"purchasable","17":"product-type-simple"},"_links":{"self":[{"href":"https:\/\/jubilerarbiszgdansk.pl\/en\/wp-json\/wp\/v2\/product\/916","targetHints":{"allow":["GET"]}}],"collection":[{"href":"https:\/\/jubilerarbiszgdansk.pl\/en\/wp-json\/wp\/v2\/product"}],"about":[{"href":"https:\/\/jubilerarbiszgdansk.pl\/en\/wp-json\/wp\/v2\/types\/product"}],"version-history":[{"count":0,"href":"https:\/\/jubilerarbiszgdansk.pl\/en\/wp-json\/wp\/v2\/product\/916\/revisions"}],"wp:featuredmedia":[{"embeddable":true,"href":"https:\/\/jubilerarbiszgdansk.pl\/en\/wp-json\/wp\/v2\/media\/917"}],"wp:attachment":[{"href":"https:\/\/jubilerarbiszgdansk.pl\/en\/wp-json\/wp\/v2\/media?parent=916"}],"wp:term":[{"taxonomy":"brand","embeddable":true,"href":"https:\/\/jubilerarbiszgdansk.pl\/en\/wp-json\/wp\/v2\/etheme_brands?post=916"},{"taxonomy":"product_brand","embeddable":true,"href":"https:\/\/jubilerarbiszgdansk.pl\/en\/wp-json\/wp\/v2\/product_brand?post=916"},{"taxonomy":"product_cat","embeddable":true,"href":"https:\/\/jubilerarbiszgdansk.pl\/en\/wp-json\/wp\/v2\/product_cat?post=916"},{"taxonomy":"product_tag","embeddable":true,"href":"https:\/\/jubilerarbiszgdansk.pl\/en\/wp-json\/wp\/v2\/product_tag?post=916"}],"curies":[{"name":"wp","href":"https:\/\/api.w.org\/{rel}","templated":true}]}}