{"id":62,"date":"2023-05-22T18:14:04","date_gmt":"2023-05-22T16:14:04","guid":{"rendered":"http:\/\/hosting2064503.online.pro\/autoinstalator\/wordpress1\/?post_type=product&#038;p=62"},"modified":"2025-11-10T11:39:39","modified_gmt":"2025-11-10T10:39:39","slug":"spinki-do-mankietow","status":"publish","type":"product","link":"https:\/\/jubilerarbiszgdansk.pl\/en\/spinki-do-mankietow\/","title":{"rendered":"Spinki do mankiet\u00f3w"},"content":{"rendered":"<p>Wyj\u0105tkowe spinki do mankiet\u00f3w z efektownym zielonym bursztynem.<\/p>","protected":false},"excerpt":{"rendered":"<p>Srebrne spinki do mankiet\u00f3w<\/p>","protected":false},"featured_media":92,"template":"","meta":[],"etheme_brands":[],"product_brand":[],"product_cat":[19,52],"product_tag":[],"class_list":{"0":"post-62","1":"product","2":"type-product","3":"status-publish","4":"has-post-thumbnail","6":"product_cat-bizuteria-meska","7":"product_cat-prezenty-premium","9":"first","10":"instock","11":"taxable","12":"shipping-taxable","13":"purchasable","14":"product-type-simple"},"_links":{"self":[{"href":"https:\/\/jubilerarbiszgdansk.pl\/en\/wp-json\/wp\/v2\/product\/62","targetHints":{"allow":["GET"]}}],"collection":[{"href":"https:\/\/jubilerarbiszgdansk.pl\/en\/wp-json\/wp\/v2\/product"}],"about":[{"href":"https:\/\/jubilerarbiszgdansk.pl\/en\/wp-json\/wp\/v2\/types\/product"}],"version-history":[{"count":0,"href":"https:\/\/jubilerarbiszgdansk.pl\/en\/wp-json\/wp\/v2\/product\/62\/revisions"}],"wp:featuredmedia":[{"embeddable":true,"href":"https:\/\/jubilerarbiszgdansk.pl\/en\/wp-json\/wp\/v2\/media\/92"}],"wp:attachment":[{"href":"https:\/\/jubilerarbiszgdansk.pl\/en\/wp-json\/wp\/v2\/media?parent=62"}],"wp:term":[{"taxonomy":"brand","embeddable":true,"href":"https:\/\/jubilerarbiszgdansk.pl\/en\/wp-json\/wp\/v2\/etheme_brands?post=62"},{"taxonomy":"product_brand","embeddable":true,"href":"https:\/\/jubilerarbiszgdansk.pl\/en\/wp-json\/wp\/v2\/product_brand?post=62"},{"taxonomy":"product_cat","embeddable":true,"href":"https:\/\/jubilerarbiszgdansk.pl\/en\/wp-json\/wp\/v2\/product_cat?post=62"},{"taxonomy":"product_tag","embeddable":true,"href":"https:\/\/jubilerarbiszgdansk.pl\/en\/wp-json\/wp\/v2\/product_tag?post=62"}],"curies":[{"name":"wp","href":"https:\/\/api.w.org\/{rel}","templated":true}]}}