{"id":6072,"date":"2025-11-17T16:01:40","date_gmt":"2025-11-17T15:01:40","guid":{"rendered":"https:\/\/jubilerarbiszgdansk.pl\/?post_type=product&#038;p=6072"},"modified":"2025-11-17T16:01:41","modified_gmt":"2025-11-17T15:01:41","slug":"bransoletka-z-prostokatow-mleczno-zoltego-bursztynu-i-srebrnych-kulek-925","status":"publish","type":"product","link":"https:\/\/jubilerarbiszgdansk.pl\/en\/bransoletka-z-prostokatow-mleczno-zoltego-bursztynu-i-srebrnych-kulek-925\/","title":{"rendered":"Bransoletka z prostok\u0105t\u00f3w mleczno-\u017c\u00f3\u0142tego bursztynu i srebrnych kulek 925"},"content":{"rendered":"<p data-start=\"227\" data-end=\"558\">Elegancka bransoletka wykonana z <strong data-start=\"260\" data-end=\"285\">bursztynu ba\u0142tyckiego<\/strong> w odcieniach <strong data-start=\"299\" data-end=\"322\">mlecznego i \u017c\u00f3\u0142tego<\/strong>, kt\u00f3rego prostok\u0105tne kawa\u0142ki <strong data-start=\"352\" data-end=\"400\">prze\u0142o\u017cone s\u0105 drobnymi kulkami ze srebra 925<\/strong>, tworz\u0105c harmonijn\u0105, geometryczn\u0105 kompozycj\u0119. Naturalny bursztyn pi\u0119knie mieni si\u0119 w \u015bwietle, a srebrne akcenty dodaj\u0105 ca\u0142o\u015bci subtelnego blasku i elegancji.<\/p>\n<h3 data-start=\"560\" data-end=\"589\"><strong data-start=\"564\" data-end=\"587\">Szczeg\u00f3\u0142y produktu:<\/strong><\/h3>\n<ul data-start=\"590\" data-end=\"850\">\n<li data-start=\"634\" data-end=\"669\">\n<p data-start=\"636\" data-end=\"669\"><strong>Kolor bursztynu:<\/strong> mleczny, \u017c\u00f3\u0142ty<\/p>\n<\/li>\n<li data-start=\"670\" data-end=\"710\">\n<p data-start=\"672\" data-end=\"710\"><strong>Kszta\u0142t kamieni:<\/strong> prostok\u0105tne kawa\u0142ki<\/p>\n<\/li>\n<li data-start=\"711\" data-end=\"743\">\n<p data-start=\"713\" data-end=\"743\"><strong>Dodatki:<\/strong> kulki ze srebra 925<\/p>\n<\/li>\n<li data-start=\"744\" data-end=\"804\">\n<p data-start=\"746\" data-end=\"804\"><strong>Rodzaj bransoletki:<\/strong> na elastycznej gumce<\/p>\n<\/li>\n<li data-start=\"805\" data-end=\"850\">\n<p data-start=\"807\" data-end=\"850\"><strong>Styl:<\/strong> elegancki, geometryczny, nowoczesny<\/p>\n<\/li>\n<\/ul>\n<h3 data-start=\"852\" data-end=\"874\"><strong data-start=\"856\" data-end=\"872\">Piel\u0119gnacja:<\/strong><\/h3>\n<p data-start=\"875\" data-end=\"1089\">Aby zachowa\u0107 pi\u0119kno bi\u017cuterii, unikaj kontaktu z wod\u0105, perfumami i detergentami. Czy\u015b\u0107 tylko przeznaczonymi do tego produktami i przechowuj w woreczku lub pude\u0142eczku jubilerskim aby zadba\u0107 o dobry wygl\u0105d bi\u017cuterii.<\/p>\n<p data-start=\"875\" data-end=\"1089\">KOD PRODUKTU B27<\/p>","protected":false},"excerpt":{"rendered":"<p>Bransoletka z prostok\u0105t\u00f3w bursztynu w kolorach mlecznym i \u017c\u00f3\u0142tym, prze\u0142o\u017conych srebrnymi kulkami 925, to elegancka i nowoczesna bi\u017cuteria. Naturalny bursztyn pi\u0119knie mieni si\u0119 w \u015bwietle, tworz\u0105c harmonijny i efektowny dodatek.<\/p>","protected":false},"featured_media":6020,"template":"","meta":[],"etheme_brands":[],"product_brand":[],"product_cat":[18,49],"product_tag":[],"class_list":{"0":"post-6072","1":"product","2":"type-product","3":"status-publish","4":"has-post-thumbnail","6":"product_cat-bransoletki-z-bursztynu","7":"product_cat-prezenty-do-300-zl","9":"first","10":"instock","11":"taxable","12":"shipping-taxable","13":"purchasable","14":"product-type-simple"},"_links":{"self":[{"href":"https:\/\/jubilerarbiszgdansk.pl\/en\/wp-json\/wp\/v2\/product\/6072","targetHints":{"allow":["GET"]}}],"collection":[{"href":"https:\/\/jubilerarbiszgdansk.pl\/en\/wp-json\/wp\/v2\/product"}],"about":[{"href":"https:\/\/jubilerarbiszgdansk.pl\/en\/wp-json\/wp\/v2\/types\/product"}],"version-history":[{"count":0,"href":"https:\/\/jubilerarbiszgdansk.pl\/en\/wp-json\/wp\/v2\/product\/6072\/revisions"}],"wp:featuredmedia":[{"embeddable":true,"href":"https:\/\/jubilerarbiszgdansk.pl\/en\/wp-json\/wp\/v2\/media\/6020"}],"wp:attachment":[{"href":"https:\/\/jubilerarbiszgdansk.pl\/en\/wp-json\/wp\/v2\/media?parent=6072"}],"wp:term":[{"taxonomy":"brand","embeddable":true,"href":"https:\/\/jubilerarbiszgdansk.pl\/en\/wp-json\/wp\/v2\/etheme_brands?post=6072"},{"taxonomy":"product_brand","embeddable":true,"href":"https:\/\/jubilerarbiszgdansk.pl\/en\/wp-json\/wp\/v2\/product_brand?post=6072"},{"taxonomy":"product_cat","embeddable":true,"href":"https:\/\/jubilerarbiszgdansk.pl\/en\/wp-json\/wp\/v2\/product_cat?post=6072"},{"taxonomy":"product_tag","embeddable":true,"href":"https:\/\/jubilerarbiszgdansk.pl\/en\/wp-json\/wp\/v2\/product_tag?post=6072"}],"curies":[{"name":"wp","href":"https:\/\/api.w.org\/{rel}","templated":true}]}}