{"id":6069,"date":"2025-11-17T15:52:27","date_gmt":"2025-11-17T14:52:27","guid":{"rendered":"https:\/\/jubilerarbiszgdansk.pl\/?post_type=product&#038;p=6069"},"modified":"2025-11-17T15:52:27","modified_gmt":"2025-11-17T14:52:27","slug":"bransoletka-srebrna-925-z-kwadratowymi-kawalkami-koniakowego-bursztynu","status":"publish","type":"product","link":"https:\/\/jubilerarbiszgdansk.pl\/en\/bransoletka-srebrna-925-z-kwadratowymi-kawalkami-koniakowego-bursztynu\/","title":{"rendered":"Bransoletka srebrna 925 z kwadratowymi kawa\u0142kami koniakowego bursztynu"},"content":{"rendered":"<p data-start=\"206\" data-end=\"475\">Elegancka bransoletka wykonana ze <strong data-start=\"240\" data-end=\"254\">srebra 925<\/strong>, ozdobiona <strong data-start=\"266\" data-end=\"341\">kwadratowymi kawa\u0142kami bursztynu ba\u0142tyckiego w ciep\u0142ym odcieniu koniaku<\/strong>. Naturalny bursztyn pi\u0119knie odbija \u015bwiat\u0142o, a geometryczny kszta\u0142t kamieni nadaje bi\u017cuterii nowoczesnego i ponadczasowego charakteru.<\/p>\n<h3 data-start=\"477\" data-end=\"506\"><strong data-start=\"481\" data-end=\"504\">Szczeg\u00f3\u0142y produktu:<\/strong><\/h3>\n<ul data-start=\"507\" data-end=\"728\">\n<li data-start=\"551\" data-end=\"581\">\n<p data-start=\"553\" data-end=\"581\"><strong>Kolor bursztynu:<\/strong> koniakowy<\/p>\n<\/li>\n<li data-start=\"582\" data-end=\"621\">\n<p data-start=\"584\" data-end=\"621\"><strong>Kszta\u0142t kamieni:<\/strong> kwadratowe kawa\u0142ki<\/p>\n<\/li>\n<li data-start=\"622\" data-end=\"682\">\n<p data-start=\"624\" data-end=\"682\"><strong>Rodzaj bransoletki:<\/strong> na elastycznej gumce<\/p>\n<\/li>\n<li data-start=\"683\" data-end=\"728\">\n<p data-start=\"685\" data-end=\"728\"><strong>Styl:<\/strong> elegancki, geometryczny, nowoczesny<\/p>\n<\/li>\n<\/ul>\n<h3 data-start=\"730\" data-end=\"752\"><strong data-start=\"734\" data-end=\"750\">Piel\u0119gnacja:<\/strong><\/h3>\n<p data-start=\"753\" data-end=\"967\">Aby zachowa\u0107 pi\u0119kno bi\u017cuterii, unikaj kontaktu z wod\u0105, perfumami i detergentami. Czy\u015b\u0107 tylko przeznaczonymi do tego produktami i przechowuj w woreczku lub pude\u0142eczku jubilerskim aby zadba\u0107 o dobry wygl\u0105d bi\u017cuterii.<\/p>\n<p data-start=\"753\" data-end=\"967\">KOD PRODUKTU B36<\/p>","protected":false},"excerpt":{"rendered":"<p>Bransoletka srebrna 925 z kwadratowymi kawa\u0142kami koniakowego bursztynu to nowoczesna i elegancka bi\u017cuteria. Geometryczny kszta\u0142t i ciep\u0142y kolor bursztynu tworz\u0105 efektowny, ponadczasowy dodatek.<\/p>","protected":false},"featured_media":6004,"template":"","meta":[],"etheme_brands":[],"product_brand":[],"product_cat":[18,51,48],"product_tag":[],"class_list":{"0":"post-6069","1":"product","2":"type-product","3":"status-publish","4":"has-post-thumbnail","6":"product_cat-bransoletki-z-bursztynu","7":"product_cat-prezenty-do-500-zl","8":"product_cat-promocja","10":"first","11":"instock","12":"sale","13":"taxable","14":"shipping-taxable","15":"purchasable","16":"product-type-simple"},"_links":{"self":[{"href":"https:\/\/jubilerarbiszgdansk.pl\/en\/wp-json\/wp\/v2\/product\/6069","targetHints":{"allow":["GET"]}}],"collection":[{"href":"https:\/\/jubilerarbiszgdansk.pl\/en\/wp-json\/wp\/v2\/product"}],"about":[{"href":"https:\/\/jubilerarbiszgdansk.pl\/en\/wp-json\/wp\/v2\/types\/product"}],"version-history":[{"count":0,"href":"https:\/\/jubilerarbiszgdansk.pl\/en\/wp-json\/wp\/v2\/product\/6069\/revisions"}],"wp:featuredmedia":[{"embeddable":true,"href":"https:\/\/jubilerarbiszgdansk.pl\/en\/wp-json\/wp\/v2\/media\/6004"}],"wp:attachment":[{"href":"https:\/\/jubilerarbiszgdansk.pl\/en\/wp-json\/wp\/v2\/media?parent=6069"}],"wp:term":[{"taxonomy":"brand","embeddable":true,"href":"https:\/\/jubilerarbiszgdansk.pl\/en\/wp-json\/wp\/v2\/etheme_brands?post=6069"},{"taxonomy":"product_brand","embeddable":true,"href":"https:\/\/jubilerarbiszgdansk.pl\/en\/wp-json\/wp\/v2\/product_brand?post=6069"},{"taxonomy":"product_cat","embeddable":true,"href":"https:\/\/jubilerarbiszgdansk.pl\/en\/wp-json\/wp\/v2\/product_cat?post=6069"},{"taxonomy":"product_tag","embeddable":true,"href":"https:\/\/jubilerarbiszgdansk.pl\/en\/wp-json\/wp\/v2\/product_tag?post=6069"}],"curies":[{"name":"wp","href":"https:\/\/api.w.org\/{rel}","templated":true}]}}