{"id":6067,"date":"2025-11-17T15:43:14","date_gmt":"2025-11-17T14:43:14","guid":{"rendered":"https:\/\/jubilerarbiszgdansk.pl\/?post_type=product&#038;p=6067"},"modified":"2025-11-17T15:43:15","modified_gmt":"2025-11-17T14:43:15","slug":"bransoletka-na-srebrnym-lancuszku-925-z-koniakowym-bursztynem-2","status":"publish","type":"product","link":"https:\/\/jubilerarbiszgdansk.pl\/en\/bransoletka-na-srebrnym-lancuszku-925-z-koniakowym-bursztynem-2\/","title":{"rendered":"Bransoletka na srebrnym \u0142a\u0144cuszku 925 z koniakowym bursztynem"},"content":{"rendered":"<p data-start=\"205\" data-end=\"484\">Delikatna bransoletka wykonana ze <strong data-start=\"239\" data-end=\"253\">srebra 925<\/strong>, kt\u00f3rej centralnym elementem jest <strong data-start=\"288\" data-end=\"319\">koniakowy bursztyn ba\u0142tycki<\/strong> oprawiony w srebro. Kamie\u0144 zachwyca ciep\u0142ym odcieniem i naturalnym blaskiem, a subtelny \u0142a\u0144cuszek dodaje ca\u0142o\u015bci lekko\u015bci i elegancji, tworz\u0105c ponadczasowy dodatek.<\/p>\n<h3 data-start=\"486\" data-end=\"515\"><strong data-start=\"490\" data-end=\"513\">Szczeg\u00f3\u0142y produktu:<\/strong><\/h3>\n<ul data-start=\"516\" data-end=\"703\">\n<li data-start=\"571\" data-end=\"601\">\n<p data-start=\"573\" data-end=\"601\"><strong>Kolor bursztynu:<\/strong> koniakowy<\/p>\n<\/li>\n<li data-start=\"602\" data-end=\"642\">\n<p data-start=\"604\" data-end=\"642\"><strong>Kszta\u0142t kamienia:<\/strong> oprawiony kaboszon<\/p>\n<\/li>\n<li data-start=\"643\" data-end=\"678\">\n<p data-start=\"645\" data-end=\"678\"><strong>Rodzaj bransoletki:<\/strong> \u0142a\u0144cuszkowa<\/p>\n<\/li>\n<li data-start=\"679\" data-end=\"703\">\n<p data-start=\"681\" data-end=\"703\"><strong>Zapi\u0119cie:<\/strong> srebro 925<\/p>\n<\/li>\n<\/ul>\n<h3 data-start=\"705\" data-end=\"727\"><strong data-start=\"709\" data-end=\"725\">Piel\u0119gnacja:<\/strong><\/h3>\n<p data-start=\"728\" data-end=\"942\">Aby zachowa\u0107 pi\u0119kno bi\u017cuterii, unikaj kontaktu z wod\u0105, perfumami i detergentami. Czy\u015b\u0107 tylko przeznaczonymi do tego produktami i przechowuj w woreczku lub pude\u0142eczku jubilerskim aby zadba\u0107 o dobry wygl\u0105d bi\u017cuterii.<\/p>\n<p data-start=\"728\" data-end=\"942\">KOD PRODUKTU B39<\/p>","protected":false},"excerpt":{"rendered":"<p>Bransoletka na srebrnym \u0142a\u0144cuszku 925 z koniakowym bursztynem to elegancki i subtelny dodatek. Naturalny bursztyn w srebrnej oprawie pi\u0119knie mieni si\u0119 w \u015bwietle, tworz\u0105c ponadczasow\u0105 bi\u017cuteri\u0119.<\/p>","protected":false},"featured_media":6001,"template":"","meta":[],"etheme_brands":[],"product_brand":[],"product_cat":[18,49,48],"product_tag":[],"class_list":{"0":"post-6067","1":"product","2":"type-product","3":"status-publish","4":"has-post-thumbnail","6":"product_cat-bransoletki-z-bursztynu","7":"product_cat-prezenty-do-300-zl","8":"product_cat-promocja","10":"first","11":"instock","12":"sale","13":"taxable","14":"shipping-taxable","15":"purchasable","16":"product-type-simple"},"_links":{"self":[{"href":"https:\/\/jubilerarbiszgdansk.pl\/en\/wp-json\/wp\/v2\/product\/6067","targetHints":{"allow":["GET"]}}],"collection":[{"href":"https:\/\/jubilerarbiszgdansk.pl\/en\/wp-json\/wp\/v2\/product"}],"about":[{"href":"https:\/\/jubilerarbiszgdansk.pl\/en\/wp-json\/wp\/v2\/types\/product"}],"version-history":[{"count":0,"href":"https:\/\/jubilerarbiszgdansk.pl\/en\/wp-json\/wp\/v2\/product\/6067\/revisions"}],"wp:featuredmedia":[{"embeddable":true,"href":"https:\/\/jubilerarbiszgdansk.pl\/en\/wp-json\/wp\/v2\/media\/6001"}],"wp:attachment":[{"href":"https:\/\/jubilerarbiszgdansk.pl\/en\/wp-json\/wp\/v2\/media?parent=6067"}],"wp:term":[{"taxonomy":"brand","embeddable":true,"href":"https:\/\/jubilerarbiszgdansk.pl\/en\/wp-json\/wp\/v2\/etheme_brands?post=6067"},{"taxonomy":"product_brand","embeddable":true,"href":"https:\/\/jubilerarbiszgdansk.pl\/en\/wp-json\/wp\/v2\/product_brand?post=6067"},{"taxonomy":"product_cat","embeddable":true,"href":"https:\/\/jubilerarbiszgdansk.pl\/en\/wp-json\/wp\/v2\/product_cat?post=6067"},{"taxonomy":"product_tag","embeddable":true,"href":"https:\/\/jubilerarbiszgdansk.pl\/en\/wp-json\/wp\/v2\/product_tag?post=6067"}],"curies":[{"name":"wp","href":"https:\/\/api.w.org\/{rel}","templated":true}]}}