{"id":6065,"date":"2025-11-17T15:36:23","date_gmt":"2025-11-17T14:36:23","guid":{"rendered":"https:\/\/jubilerarbiszgdansk.pl\/?post_type=product&#038;p=6065"},"modified":"2025-11-17T15:36:23","modified_gmt":"2025-11-17T14:36:23","slug":"bransoletka-z-prostokatow-mlecznego-bursztynu-i-srebrnych-kulek-925","status":"publish","type":"product","link":"https:\/\/jubilerarbiszgdansk.pl\/en\/bransoletka-z-prostokatow-mlecznego-bursztynu-i-srebrnych-kulek-925\/","title":{"rendered":"Bransoletka z prostok\u0105t\u00f3w mlecznego bursztynu i srebrnych kulek 925"},"content":{"rendered":"<p data-start=\"222\" data-end=\"526\">Elegancka bransoletka wykonana z <strong data-start=\"255\" data-end=\"299\">bursztynu ba\u0142tyckiego w kolorze mlecznym<\/strong>, kt\u00f3rego <strong data-start=\"309\" data-end=\"377\">prostok\u0105tne kawa\u0142ki prze\u0142o\u017cone s\u0105 drobnymi kulkami ze srebra 925<\/strong>, tworz\u0105c harmonijn\u0105 i nowoczesn\u0105 kompozycj\u0119. Naturalny bursztyn pi\u0119knie mieni si\u0119 w \u015bwietle, a srebrne akcenty dodaj\u0105 subtelnego blasku i elegancji.<\/p>\n<h3 data-start=\"528\" data-end=\"557\"><strong data-start=\"532\" data-end=\"555\">Szczeg\u00f3\u0142y produktu:<\/strong><\/h3>\n<ul data-start=\"558\" data-end=\"811\">\n<li data-start=\"602\" data-end=\"630\">\n<p data-start=\"604\" data-end=\"630\"><strong>Kolor bursztynu:<\/strong> mleczny<\/p>\n<\/li>\n<li data-start=\"631\" data-end=\"671\">\n<p data-start=\"633\" data-end=\"671\"><strong>Kszta\u0142t kamieni:<\/strong> prostok\u0105tne kawa\u0142ki<\/p>\n<\/li>\n<li data-start=\"672\" data-end=\"704\">\n<p data-start=\"674\" data-end=\"704\"><strong>Dodatki:<\/strong> kulki ze srebra 925<\/p>\n<\/li>\n<li data-start=\"705\" data-end=\"765\">\n<p data-start=\"707\" data-end=\"765\"><strong>Rodzaj bransoletki:<\/strong> na elastycznej gumce<\/p>\n<\/li>\n<li data-start=\"766\" data-end=\"811\">\n<p data-start=\"768\" data-end=\"811\"><strong>Styl:<\/strong> elegancki, geometryczny, nowoczesny<\/p>\n<\/li>\n<\/ul>\n<h3 data-start=\"813\" data-end=\"835\"><strong data-start=\"817\" data-end=\"833\">Piel\u0119gnacja:<\/strong><\/h3>\n<p data-start=\"836\" data-end=\"1050\">Aby zachowa\u0107 pi\u0119kno bi\u017cuterii, unikaj kontaktu z wod\u0105, perfumami i detergentami. Czy\u015b\u0107 tylko przeznaczonymi do tego produktami i przechowuj w woreczku lub pude\u0142eczku jubilerskim aby zadba\u0107 o dobry wygl\u0105d bi\u017cuterii.<\/p>\n<p data-start=\"836\" data-end=\"1050\">KOD PRODUKTU B29<\/p>","protected":false},"excerpt":{"rendered":"<article class=\"text-token-text-primary w-full focus:outline-none [--shadow-height:45px] has-data-writing-block:pointer-events-none has-data-writing-block:-mt-(--shadow-height) has-data-writing-block:pt-(--shadow-height) [&amp;:has([data-writing-block])&gt;*]:pointer-events-auto [content-visibility:auto] supports-[content-visibility:auto]:[contain-intrinsic-size:auto_100lvh] scroll-mt-[calc(var(--header-height)+min(200px,max(70px,20svh)))]\" dir=\"auto\" tabindex=\"-1\" data-turn-id=\"request-WEB:cf8f9642-b8ad-4562-94be-338225d8df43-54\" data-testid=\"conversation-turn-110\" data-scroll-anchor=\"true\" data-turn=\"assistant\">\n<div class=\"text-base my-auto mx-auto pb-10 [--thread-content-margin:--spacing(4)] thread-sm:[--thread-content-margin:--spacing(6)] thread-lg:[--thread-content-margin:--spacing(16)] px-(--thread-content-margin)\">\n<div class=\"[--thread-content-max-width:40rem] thread-lg:[--thread-content-max-width:48rem] mx-auto max-w-(--thread-content-max-width) flex-1 group\/turn-messages focus-visible:outline-hidden relative flex w-full min-w-0 flex-col agent-turn\" tabindex=\"-1\">\n<div class=\"flex max-w-full flex-col grow\">\n<div class=\"min-h-8 text-message relative flex w-full flex-col items-end gap-2 text-start break-words whitespace-normal [.text-message+&amp;]:mt-1\" dir=\"auto\" data-message-author-role=\"assistant\" data-message-id=\"2d048617-f6ca-4b30-a75e-69eab95f9e62\" data-message-model-slug=\"gpt-5-mini\">\n<div class=\"flex w-full flex-col gap-1 empty:hidden first:pt-[1px]\">\n<div class=\"markdown prose dark:prose-invert w-full break-words light markdown-new-styling\">\n<p data-start=\"1094\" data-end=\"1284\" data-is-last-node=\"\" data-is-only-node=\"\">Bransoletka z prostok\u0105t\u00f3w mlecznego bursztynu i srebrnych kulek 925 to elegancka i nowoczesna bi\u017cuteria. Naturalny bursztyn pi\u0119knie mieni si\u0119 w \u015bwietle, tworz\u0105c stylowy i harmonijny dodatek.<\/p>\n<\/div>\n<\/div>\n<\/div>\n<\/div>\n<div class=\"z-0 flex min-h-[46px] justify-start\"><\/div>\n<div class=\"mt-3 w-full empty:hidden\">\n<div class=\"text-center\"><\/div>\n<\/div>\n<\/div>\n<\/div>\n<\/article>\n<div class=\"pointer-events-none h-px w-px\" aria-hidden=\"true\" data-edge=\"true\"><\/div>","protected":false},"featured_media":6019,"template":"","meta":[],"etheme_brands":[],"product_brand":[],"product_cat":[49,18],"product_tag":[],"class_list":{"0":"post-6065","1":"product","2":"type-product","3":"status-publish","4":"has-post-thumbnail","6":"product_cat-prezenty-do-300-zl","7":"product_cat-bransoletki-z-bursztynu","9":"first","10":"instock","11":"taxable","12":"shipping-taxable","13":"purchasable","14":"product-type-simple"},"_links":{"self":[{"href":"https:\/\/jubilerarbiszgdansk.pl\/en\/wp-json\/wp\/v2\/product\/6065","targetHints":{"allow":["GET"]}}],"collection":[{"href":"https:\/\/jubilerarbiszgdansk.pl\/en\/wp-json\/wp\/v2\/product"}],"about":[{"href":"https:\/\/jubilerarbiszgdansk.pl\/en\/wp-json\/wp\/v2\/types\/product"}],"version-history":[{"count":0,"href":"https:\/\/jubilerarbiszgdansk.pl\/en\/wp-json\/wp\/v2\/product\/6065\/revisions"}],"wp:featuredmedia":[{"embeddable":true,"href":"https:\/\/jubilerarbiszgdansk.pl\/en\/wp-json\/wp\/v2\/media\/6019"}],"wp:attachment":[{"href":"https:\/\/jubilerarbiszgdansk.pl\/en\/wp-json\/wp\/v2\/media?parent=6065"}],"wp:term":[{"taxonomy":"brand","embeddable":true,"href":"https:\/\/jubilerarbiszgdansk.pl\/en\/wp-json\/wp\/v2\/etheme_brands?post=6065"},{"taxonomy":"product_brand","embeddable":true,"href":"https:\/\/jubilerarbiszgdansk.pl\/en\/wp-json\/wp\/v2\/product_brand?post=6065"},{"taxonomy":"product_cat","embeddable":true,"href":"https:\/\/jubilerarbiszgdansk.pl\/en\/wp-json\/wp\/v2\/product_cat?post=6065"},{"taxonomy":"product_tag","embeddable":true,"href":"https:\/\/jubilerarbiszgdansk.pl\/en\/wp-json\/wp\/v2\/product_tag?post=6065"}],"curies":[{"name":"wp","href":"https:\/\/api.w.org\/{rel}","templated":true}]}}