{"id":6063,"date":"2025-11-17T15:24:13","date_gmt":"2025-11-17T14:24:13","guid":{"rendered":"https:\/\/jubilerarbiszgdansk.pl\/?post_type=product&#038;p=6063"},"modified":"2025-11-17T15:24:14","modified_gmt":"2025-11-17T14:24:14","slug":"bransoletka-z-mlecznych-kulek-bursztynowych-i-srebrnych-przekladek-925","status":"publish","type":"product","link":"https:\/\/jubilerarbiszgdansk.pl\/en\/bransoletka-z-mlecznych-kulek-bursztynowych-i-srebrnych-przekladek-925\/","title":{"rendered":"Bransoletka z mlecznych kulek bursztynowych i srebrnych przek\u0142adek 925"},"content":{"rendered":"<p data-start=\"212\" data-end=\"476\">Delikatna bransoletka wykonana z <strong data-start=\"245\" data-end=\"286\">mlecznych kulek bursztynu ba\u0142tyckiego<\/strong>, prze\u0142o\u017conych <strong data-start=\"301\" data-end=\"334\">drobymi kulkami ze srebra 925<\/strong>, kt\u00f3re dodaj\u0105 ca\u0142o\u015bci subtelnego blasku i elegancji. Naturalny bursztyn pi\u0119knie odbija \u015bwiat\u0142o, tworz\u0105c harmonijn\u0105 i ponadczasow\u0105 kompozycj\u0119.<\/p>\n<h3 data-start=\"478\" data-end=\"507\"><strong data-start=\"482\" data-end=\"505\">Szczeg\u00f3\u0142y produktu:<\/strong><\/h3>\n<ul data-start=\"508\" data-end=\"742\">\n<li data-start=\"552\" data-end=\"580\">\n<p data-start=\"554\" data-end=\"580\"><strong>Kolor bursztynu:<\/strong> mleczny<\/p>\n<\/li>\n<li data-start=\"581\" data-end=\"607\">\n<p data-start=\"583\" data-end=\"607\"><strong>Kszta\u0142t kamieni:<\/strong> kulki<\/p>\n<\/li>\n<li data-start=\"608\" data-end=\"640\">\n<p data-start=\"610\" data-end=\"640\"><strong>Dodatki:<\/strong> kulki ze srebra 925<\/p>\n<\/li>\n<li data-start=\"641\" data-end=\"701\">\n<p data-start=\"643\" data-end=\"701\"><strong>Rodzaj bransoletki:<\/strong> na elastycznej gumce<\/p>\n<\/li>\n<li data-start=\"702\" data-end=\"742\">\n<p data-start=\"704\" data-end=\"742\"><strong>Styl:<\/strong> elegancki, subtelny, klasyczny<\/p>\n<\/li>\n<\/ul>\n<h3 data-start=\"744\" data-end=\"766\"><strong data-start=\"748\" data-end=\"764\">Piel\u0119gnacja:<\/strong><\/h3>\n<p data-start=\"767\" data-end=\"981\">Aby zachowa\u0107 pi\u0119kno bi\u017cuterii, unikaj kontaktu z wod\u0105, perfumami i detergentami. Czy\u015b\u0107 tylko przeznaczonymi do tego produktami i przechowuj w woreczku lub pude\u0142eczku jubilerskim aby zadba\u0107 o dobry wygl\u0105d bi\u017cuterii.<\/p>\n<p data-start=\"767\" data-end=\"981\">KOD PRODUKTU B31<\/p>","protected":false},"excerpt":{"rendered":"<article class=\"text-token-text-primary w-full focus:outline-none [--shadow-height:45px] has-data-writing-block:pointer-events-none has-data-writing-block:-mt-(--shadow-height) has-data-writing-block:pt-(--shadow-height) [&amp;:has([data-writing-block])&gt;*]:pointer-events-auto [content-visibility:auto] supports-[content-visibility:auto]:[contain-intrinsic-size:auto_100lvh] scroll-mt-[calc(var(--header-height)+min(200px,max(70px,20svh)))]\" dir=\"auto\" tabindex=\"-1\" data-turn-id=\"request-WEB:cf8f9642-b8ad-4562-94be-338225d8df43-53\" data-testid=\"conversation-turn-108\" data-scroll-anchor=\"true\" data-turn=\"assistant\">\n<div class=\"text-base my-auto mx-auto pb-10 [--thread-content-margin:--spacing(4)] thread-sm:[--thread-content-margin:--spacing(6)] thread-lg:[--thread-content-margin:--spacing(16)] px-(--thread-content-margin)\">\n<div class=\"[--thread-content-max-width:40rem] thread-lg:[--thread-content-max-width:48rem] mx-auto max-w-(--thread-content-max-width) flex-1 group\/turn-messages focus-visible:outline-hidden relative flex w-full min-w-0 flex-col agent-turn\" tabindex=\"-1\">\n<div class=\"flex max-w-full flex-col grow\">\n<div class=\"min-h-8 text-message relative flex w-full flex-col items-end gap-2 text-start break-words whitespace-normal [.text-message+&amp;]:mt-1\" dir=\"auto\" data-message-author-role=\"assistant\" data-message-id=\"52709c83-8861-4ed3-8df0-24e18a6cf36b\" data-message-model-slug=\"gpt-5-mini\">\n<div class=\"flex w-full flex-col gap-1 empty:hidden first:pt-[1px]\">\n<div class=\"markdown prose dark:prose-invert w-full break-words light markdown-new-styling\">\n<p data-start=\"1025\" data-end=\"1223\" data-is-last-node=\"\" data-is-only-node=\"\">Bransoletka z mlecznych kulek bursztynowych z srebrnymi przek\u0142adkami 925 to subtelna i elegancka bi\u017cuteria. Naturalny bursztyn pi\u0119knie mieni si\u0119 w \u015bwietle, tworz\u0105c ponadczasowy i harmonijny dodatek.<\/p>\n<\/div>\n<\/div>\n<\/div>\n<\/div>\n<div class=\"z-0 flex min-h-[46px] justify-start\"><\/div>\n<div class=\"mt-3 w-full empty:hidden\">\n<div class=\"text-center\"><\/div>\n<\/div>\n<\/div>\n<\/div>\n<\/article>\n<div class=\"pointer-events-none h-px w-px\" aria-hidden=\"true\" data-edge=\"true\"><\/div>","protected":false},"featured_media":5996,"template":"","meta":[],"etheme_brands":[],"product_brand":[],"product_cat":[18,49],"product_tag":[],"class_list":{"0":"post-6063","1":"product","2":"type-product","3":"status-publish","4":"has-post-thumbnail","6":"product_cat-bransoletki-z-bursztynu","7":"product_cat-prezenty-do-300-zl","9":"first","10":"instock","11":"taxable","12":"shipping-taxable","13":"purchasable","14":"product-type-simple"},"_links":{"self":[{"href":"https:\/\/jubilerarbiszgdansk.pl\/en\/wp-json\/wp\/v2\/product\/6063","targetHints":{"allow":["GET"]}}],"collection":[{"href":"https:\/\/jubilerarbiszgdansk.pl\/en\/wp-json\/wp\/v2\/product"}],"about":[{"href":"https:\/\/jubilerarbiszgdansk.pl\/en\/wp-json\/wp\/v2\/types\/product"}],"version-history":[{"count":0,"href":"https:\/\/jubilerarbiszgdansk.pl\/en\/wp-json\/wp\/v2\/product\/6063\/revisions"}],"wp:featuredmedia":[{"embeddable":true,"href":"https:\/\/jubilerarbiszgdansk.pl\/en\/wp-json\/wp\/v2\/media\/5996"}],"wp:attachment":[{"href":"https:\/\/jubilerarbiszgdansk.pl\/en\/wp-json\/wp\/v2\/media?parent=6063"}],"wp:term":[{"taxonomy":"brand","embeddable":true,"href":"https:\/\/jubilerarbiszgdansk.pl\/en\/wp-json\/wp\/v2\/etheme_brands?post=6063"},{"taxonomy":"product_brand","embeddable":true,"href":"https:\/\/jubilerarbiszgdansk.pl\/en\/wp-json\/wp\/v2\/product_brand?post=6063"},{"taxonomy":"product_cat","embeddable":true,"href":"https:\/\/jubilerarbiszgdansk.pl\/en\/wp-json\/wp\/v2\/product_cat?post=6063"},{"taxonomy":"product_tag","embeddable":true,"href":"https:\/\/jubilerarbiszgdansk.pl\/en\/wp-json\/wp\/v2\/product_tag?post=6063"}],"curies":[{"name":"wp","href":"https:\/\/api.w.org\/{rel}","templated":true}]}}