{"id":6061,"date":"2025-11-17T14:14:56","date_gmt":"2025-11-17T13:14:56","guid":{"rendered":"https:\/\/jubilerarbiszgdansk.pl\/?post_type=product&#038;p=6061"},"modified":"2025-11-17T14:14:56","modified_gmt":"2025-11-17T13:14:56","slug":"bransoletka-bursztynowa-w-cytrynowym-kolorze-i-srebrnymi-kulkami-925","status":"publish","type":"product","link":"https:\/\/jubilerarbiszgdansk.pl\/en\/bransoletka-bursztynowa-w-cytrynowym-kolorze-i-srebrnymi-kulkami-925\/","title":{"rendered":"Bransoletka bursztynowa w cytrynowym kolorze i srebrnymi kulkami 925"},"content":{"rendered":"<p data-start=\"243\" data-end=\"572\">Elegancka bransoletka wykonana z <strong data-start=\"276\" data-end=\"301\">bursztynu ba\u0142tyckiego<\/strong> w odcieniu <strong data-start=\"313\" data-end=\"338\">cytrynowego bursztynu<\/strong>, kt\u00f3rego prostok\u0105tne kawa\u0142ki <strong data-start=\"368\" data-end=\"416\">prze\u0142o\u017cone s\u0105 drobnymi kulkami ze srebra 925<\/strong>. Naturalny bursztyn pi\u0119knie mieni si\u0119 w \u015bwietle, a srebrne kulki dodaj\u0105 ca\u0142o\u015bci subtelnego blasku i elegancji, tworz\u0105c nowoczesn\u0105, geometryczn\u0105 kompozycj\u0119.<\/p>\n<h3 data-start=\"574\" data-end=\"603\"><strong data-start=\"578\" data-end=\"601\">Szczeg\u00f3\u0142y produktu:<\/strong><\/h3>\n<ul data-start=\"604\" data-end=\"859\">\n<li data-start=\"648\" data-end=\"678\">\n<p data-start=\"650\" data-end=\"678\"><strong>Kolor bursztynu:<\/strong> cytrynowy<\/p>\n<\/li>\n<li data-start=\"679\" data-end=\"719\">\n<p data-start=\"681\" data-end=\"719\"><strong>Kszta\u0142t kamieni:<\/strong> prostok\u0105tne kawa\u0142ki<\/p>\n<\/li>\n<li data-start=\"720\" data-end=\"752\">\n<p data-start=\"722\" data-end=\"752\"><strong>Dodatki:<\/strong> kulki ze srebra 925<\/p>\n<\/li>\n<li data-start=\"753\" data-end=\"813\">\n<p data-start=\"755\" data-end=\"813\"><strong>Rodzaj bransoletki:<\/strong> na elastycznej gumce<\/p>\n<\/li>\n<li data-start=\"814\" data-end=\"859\">\n<p data-start=\"816\" data-end=\"859\"><strong>Styl:<\/strong> elegancki, geometryczny, nowoczesny<\/p>\n<\/li>\n<\/ul>\n<h3 data-start=\"861\" data-end=\"883\"><strong data-start=\"865\" data-end=\"881\">Piel\u0119gnacja:<\/strong><\/h3>\n<p data-start=\"884\" data-end=\"1098\">Aby zachowa\u0107 pi\u0119kno bi\u017cuterii, unikaj kontaktu z wod\u0105, perfumami i detergentami. Czy\u015b\u0107 tylko przeznaczonymi do tego produktami i przechowuj w woreczku lub pude\u0142eczku jubilerskim aby zadba\u0107 o dobry wygl\u0105d bi\u017cuterii.<\/p>\n<p data-start=\"884\" data-end=\"1098\">KOD PRODUKTU B32<\/p>","protected":false},"excerpt":{"rendered":"<article class=\"text-token-text-primary w-full focus:outline-none [--shadow-height:45px] has-data-writing-block:pointer-events-none has-data-writing-block:-mt-(--shadow-height) has-data-writing-block:pt-(--shadow-height) [&amp;:has([data-writing-block])&gt;*]:pointer-events-auto [content-visibility:auto] supports-[content-visibility:auto]:[contain-intrinsic-size:auto_100lvh] scroll-mt-[calc(var(--header-height)+min(200px,max(70px,20svh)))]\" dir=\"auto\" tabindex=\"-1\" data-turn-id=\"request-WEB:cf8f9642-b8ad-4562-94be-338225d8df43-52\" data-testid=\"conversation-turn-106\" data-scroll-anchor=\"true\" data-turn=\"assistant\">\n<div class=\"text-base my-auto mx-auto pb-10 [--thread-content-margin:--spacing(4)] thread-sm:[--thread-content-margin:--spacing(6)] thread-lg:[--thread-content-margin:--spacing(16)] px-(--thread-content-margin)\">\n<div class=\"[--thread-content-max-width:40rem] thread-lg:[--thread-content-max-width:48rem] mx-auto max-w-(--thread-content-max-width) flex-1 group\/turn-messages focus-visible:outline-hidden relative flex w-full min-w-0 flex-col agent-turn\" tabindex=\"-1\">\n<div class=\"flex max-w-full flex-col grow\">\n<div class=\"min-h-8 text-message relative flex w-full flex-col items-end gap-2 text-start break-words whitespace-normal [.text-message+&amp;]:mt-1\" dir=\"auto\" data-message-author-role=\"assistant\" data-message-id=\"fbb8d555-6ed3-4cf9-9f07-65012aa42b0a\" data-message-model-slug=\"gpt-5-mini\">\n<div class=\"flex w-full flex-col gap-1 empty:hidden first:pt-[1px]\">\n<div class=\"markdown prose dark:prose-invert w-full break-words light markdown-new-styling\">\n<p data-start=\"1142\" data-end=\"1393\" data-is-last-node=\"\" data-is-only-node=\"\">Bransoletka z prostok\u0105tnych bursztynowych kawa\u0142k\u00f3w w cytrynowym kolorze, prze\u0142o\u017conych srebrnymi kulkami 925, tworzy eleganck\u0105 i nowoczesn\u0105 kompozycj\u0119. Naturalny bursztyn pi\u0119knie mieni si\u0119 w \u015bwietle, nadaj\u0105c bi\u017cuterii lekko\u015bci i wyj\u0105tkowego charakteru.<\/p>\n<\/div>\n<\/div>\n<\/div>\n<\/div>\n<div class=\"z-0 flex min-h-[46px] justify-start\"><\/div>\n<div class=\"mt-3 w-full empty:hidden\">\n<div class=\"text-center\"><\/div>\n<\/div>\n<\/div>\n<\/div>\n<\/article>\n<div class=\"pointer-events-none h-px w-px\" aria-hidden=\"true\" data-edge=\"true\"><\/div>","protected":false},"featured_media":6023,"template":"","meta":[],"etheme_brands":[],"product_brand":[],"product_cat":[18,19,49],"product_tag":[],"class_list":{"0":"post-6061","1":"product","2":"type-product","3":"status-publish","4":"has-post-thumbnail","6":"product_cat-bransoletki-z-bursztynu","7":"product_cat-bizuteria-meska","8":"product_cat-prezenty-do-300-zl","10":"first","11":"instock","12":"taxable","13":"shipping-taxable","14":"purchasable","15":"product-type-simple"},"_links":{"self":[{"href":"https:\/\/jubilerarbiszgdansk.pl\/en\/wp-json\/wp\/v2\/product\/6061","targetHints":{"allow":["GET"]}}],"collection":[{"href":"https:\/\/jubilerarbiszgdansk.pl\/en\/wp-json\/wp\/v2\/product"}],"about":[{"href":"https:\/\/jubilerarbiszgdansk.pl\/en\/wp-json\/wp\/v2\/types\/product"}],"version-history":[{"count":0,"href":"https:\/\/jubilerarbiszgdansk.pl\/en\/wp-json\/wp\/v2\/product\/6061\/revisions"}],"wp:featuredmedia":[{"embeddable":true,"href":"https:\/\/jubilerarbiszgdansk.pl\/en\/wp-json\/wp\/v2\/media\/6023"}],"wp:attachment":[{"href":"https:\/\/jubilerarbiszgdansk.pl\/en\/wp-json\/wp\/v2\/media?parent=6061"}],"wp:term":[{"taxonomy":"brand","embeddable":true,"href":"https:\/\/jubilerarbiszgdansk.pl\/en\/wp-json\/wp\/v2\/etheme_brands?post=6061"},{"taxonomy":"product_brand","embeddable":true,"href":"https:\/\/jubilerarbiszgdansk.pl\/en\/wp-json\/wp\/v2\/product_brand?post=6061"},{"taxonomy":"product_cat","embeddable":true,"href":"https:\/\/jubilerarbiszgdansk.pl\/en\/wp-json\/wp\/v2\/product_cat?post=6061"},{"taxonomy":"product_tag","embeddable":true,"href":"https:\/\/jubilerarbiszgdansk.pl\/en\/wp-json\/wp\/v2\/product_tag?post=6061"}],"curies":[{"name":"wp","href":"https:\/\/api.w.org\/{rel}","templated":true}]}}