{"id":6058,"date":"2025-11-17T14:01:39","date_gmt":"2025-11-17T13:01:39","guid":{"rendered":"https:\/\/jubilerarbiszgdansk.pl\/?post_type=product&#038;p=6058"},"modified":"2025-11-17T14:01:40","modified_gmt":"2025-11-17T13:01:40","slug":"bransoletka-bursztynowa-z-ciemnego-koniaku-ze-srebrnymi-kulkami-925","status":"publish","type":"product","link":"https:\/\/jubilerarbiszgdansk.pl\/en\/bransoletka-bursztynowa-z-ciemnego-koniaku-ze-srebrnymi-kulkami-925\/","title":{"rendered":"Bransoletka bursztynowa z ciemnego koniaku ze srebrnymi kulkami 925"},"content":{"rendered":"<p data-start=\"246\" data-end=\"574\">Elegancka bransoletka wykonana z <strong data-start=\"279\" data-end=\"304\">bursztynu ba\u0142tyckiego<\/strong> w odcieniu <strong data-start=\"316\" data-end=\"351\">ciemnego, przejrzystego koniaku<\/strong>, kt\u00f3rego prostok\u0105tne kawa\u0142ki <strong data-start=\"381\" data-end=\"429\">prze\u0142o\u017cone s\u0105 drobnymi kulkami ze srebra 925<\/strong>. Taka kompozycja nadaje bi\u017cuterii nowoczesnego, geometrycznego charakteru, a naturalny bursztyn pi\u0119knie odbija \u015bwiat\u0142o, tworz\u0105c elegancki efekt.<\/p>\n<h3 data-start=\"576\" data-end=\"605\"><strong data-start=\"580\" data-end=\"603\">Szczeg\u00f3\u0142y produktu:<\/strong><\/h3>\n<ul data-start=\"606\" data-end=\"881\">\n<li data-start=\"650\" data-end=\"700\">\n<p data-start=\"652\" data-end=\"700\"><strong>Kolor bursztynu:<\/strong> ciemny koniakowy, przejrzysty<\/p>\n<\/li>\n<li data-start=\"701\" data-end=\"741\">\n<p data-start=\"703\" data-end=\"741\"><strong>Kszta\u0142t kamieni:<\/strong> prostok\u0105tne kawa\u0142ki<\/p>\n<\/li>\n<li data-start=\"742\" data-end=\"774\">\n<p data-start=\"744\" data-end=\"774\"><strong>Dodatki:<\/strong> kulki ze srebra 925<\/p>\n<\/li>\n<li data-start=\"775\" data-end=\"835\">\n<p data-start=\"777\" data-end=\"835\"><strong>Rodzaj bransoletki:<\/strong> na elastycznej gumce<\/p>\n<\/li>\n<li data-start=\"836\" data-end=\"881\">\n<p data-start=\"838\" data-end=\"881\"><strong>Styl:<\/strong> elegancki, geometryczny, nowoczesny<\/p>\n<\/li>\n<\/ul>\n<h3 data-start=\"883\" data-end=\"905\"><strong data-start=\"887\" data-end=\"903\">Piel\u0119gnacja:<\/strong><\/h3>\n<p data-start=\"906\" data-end=\"1120\">Aby zachowa\u0107 pi\u0119kno bi\u017cuterii, unikaj kontaktu z wod\u0105, perfumami i detergentami. Czy\u015b\u0107 tylko przeznaczonymi do tego produktami i przechowuj w woreczku lub pude\u0142eczku jubilerskim aby zadba\u0107 o dobry wygl\u0105d bi\u017cuterii.<\/p>\n<p data-start=\"906\" data-end=\"1120\">KOD PRODUKTU B30<\/p>","protected":false},"excerpt":{"rendered":"<p>Bransoletka z prostok\u0105tnych bursztynowych kawa\u0142k\u00f3w w ciemnym koniaku, prze\u0142o\u017conych srebrnymi kulkami 925, tworzy nowoczesn\u0105 i eleganck\u0105 kompozycj\u0119. Naturalny bursztyn pi\u0119knie mieni si\u0119 w \u015bwietle, dodaj\u0105c bi\u017cuterii charakteru.<\/p>","protected":false},"featured_media":6018,"template":"","meta":[],"etheme_brands":[],"product_brand":[],"product_cat":[18,19,49,48],"product_tag":[],"class_list":{"0":"post-6058","1":"product","2":"type-product","3":"status-publish","4":"has-post-thumbnail","6":"product_cat-bransoletki-z-bursztynu","7":"product_cat-bizuteria-meska","8":"product_cat-prezenty-do-300-zl","9":"product_cat-promocja","11":"first","12":"instock","13":"sale","14":"taxable","15":"shipping-taxable","16":"purchasable","17":"product-type-simple"},"_links":{"self":[{"href":"https:\/\/jubilerarbiszgdansk.pl\/en\/wp-json\/wp\/v2\/product\/6058","targetHints":{"allow":["GET"]}}],"collection":[{"href":"https:\/\/jubilerarbiszgdansk.pl\/en\/wp-json\/wp\/v2\/product"}],"about":[{"href":"https:\/\/jubilerarbiszgdansk.pl\/en\/wp-json\/wp\/v2\/types\/product"}],"version-history":[{"count":0,"href":"https:\/\/jubilerarbiszgdansk.pl\/en\/wp-json\/wp\/v2\/product\/6058\/revisions"}],"wp:featuredmedia":[{"embeddable":true,"href":"https:\/\/jubilerarbiszgdansk.pl\/en\/wp-json\/wp\/v2\/media\/6018"}],"wp:attachment":[{"href":"https:\/\/jubilerarbiszgdansk.pl\/en\/wp-json\/wp\/v2\/media?parent=6058"}],"wp:term":[{"taxonomy":"brand","embeddable":true,"href":"https:\/\/jubilerarbiszgdansk.pl\/en\/wp-json\/wp\/v2\/etheme_brands?post=6058"},{"taxonomy":"product_brand","embeddable":true,"href":"https:\/\/jubilerarbiszgdansk.pl\/en\/wp-json\/wp\/v2\/product_brand?post=6058"},{"taxonomy":"product_cat","embeddable":true,"href":"https:\/\/jubilerarbiszgdansk.pl\/en\/wp-json\/wp\/v2\/product_cat?post=6058"},{"taxonomy":"product_tag","embeddable":true,"href":"https:\/\/jubilerarbiszgdansk.pl\/en\/wp-json\/wp\/v2\/product_tag?post=6058"}],"curies":[{"name":"wp","href":"https:\/\/api.w.org\/{rel}","templated":true}]}}