{"id":6056,"date":"2025-11-17T13:51:24","date_gmt":"2025-11-17T12:51:24","guid":{"rendered":"https:\/\/jubilerarbiszgdansk.pl\/?post_type=product&#038;p=6056"},"modified":"2025-11-17T13:51:25","modified_gmt":"2025-11-17T12:51:25","slug":"bransoletka-srebrna-925-z-okraglymi-kawalkami-koniakowego-bursztynu","status":"publish","type":"product","link":"https:\/\/jubilerarbiszgdansk.pl\/en\/bransoletka-srebrna-925-z-okraglymi-kawalkami-koniakowego-bursztynu\/","title":{"rendered":"Bransoletka srebrna 925 z okr\u0105g\u0142ymi kawa\u0142kami koniakowego bursztynu"},"content":{"rendered":"<p data-start=\"200\" data-end=\"491\">Subtelna bransoletka wykonana ze <strong data-start=\"233\" data-end=\"253\">srebra pr\u00f3by 925<\/strong>, ozdobiona <strong data-start=\"265\" data-end=\"337\">okr\u0105g\u0142ymi kawa\u0142kami bursztynu ba\u0142tyckiego w ciep\u0142ym odcieniu koniaku<\/strong>. Naturalny bursztyn pi\u0119knie odbija \u015bwiat\u0142o, podkre\u015blaj\u0105c elegancj\u0119 i ponadczasowy charakter bi\u017cuterii. Srebro 925 nadaje ca\u0142o\u015bci subtelno\u015bci i trwa\u0142o\u015bci.<\/p>\n<h3 data-start=\"493\" data-end=\"522\"><strong data-start=\"497\" data-end=\"520\">Szczeg\u00f3\u0142y produktu:<\/strong><\/h3>\n<ul data-start=\"523\" data-end=\"737\">\n<li data-start=\"567\" data-end=\"597\">\n<p data-start=\"569\" data-end=\"597\"><strong>Kolor bursztynu:<\/strong> koniakowy<\/p>\n<\/li>\n<li data-start=\"598\" data-end=\"634\">\n<p data-start=\"600\" data-end=\"634\"><strong>Kszta\u0142t kamieni:<\/strong> okr\u0105g\u0142e kawa\u0142ki<\/p>\n<\/li>\n<li data-start=\"635\" data-end=\"695\">\n<p data-start=\"637\" data-end=\"695\"><strong>Rodzaj bransoletki:<\/strong> srebrna oprawa<\/p>\n<\/li>\n<li data-start=\"696\" data-end=\"737\">\n<p data-start=\"698\" data-end=\"737\"><strong>Styl:<\/strong> elegancki, klasyczny, naturalny<\/p>\n<\/li>\n<\/ul>\n<h3 data-start=\"739\" data-end=\"761\"><strong data-start=\"743\" data-end=\"759\">Piel\u0119gnacja:<\/strong><\/h3>\n<p data-start=\"762\" data-end=\"976\">Aby zachowa\u0107 pi\u0119kno bi\u017cuterii, unikaj kontaktu z wod\u0105, perfumami i detergentami. Czy\u015b\u0107 tylko przeznaczonymi do tego produktami i przechowuj w woreczku lub pude\u0142eczku jubilerskim aby zadba\u0107 o dobry wygl\u0105d bi\u017cuterii.<\/p>\n<p data-start=\"762\" data-end=\"976\">KOD PRODUKTU B38<\/p>","protected":false},"excerpt":{"rendered":"<p>Bransoletka srebrna 925 z okr\u0105g\u0142ymi kawa\u0142kami koniakowego bursztynu to elegancki, naturalny dodatek. Ciep\u0142y odcie\u0144 bursztynu i subtelne srebro tworz\u0105 ponadczasow\u0105, przyci\u0105gaj\u0105c\u0105 wzrok bi\u017cuteri\u0119.<\/p>","protected":false},"featured_media":5995,"template":"","meta":[],"etheme_brands":[],"product_brand":[],"product_cat":[18,52,48],"product_tag":[],"class_list":{"0":"post-6056","1":"product","2":"type-product","3":"status-publish","4":"has-post-thumbnail","6":"product_cat-bransoletki-z-bursztynu","7":"product_cat-prezenty-premium","8":"product_cat-promocja","10":"first","11":"instock","12":"sale","13":"taxable","14":"shipping-taxable","15":"purchasable","16":"product-type-simple"},"_links":{"self":[{"href":"https:\/\/jubilerarbiszgdansk.pl\/en\/wp-json\/wp\/v2\/product\/6056","targetHints":{"allow":["GET"]}}],"collection":[{"href":"https:\/\/jubilerarbiszgdansk.pl\/en\/wp-json\/wp\/v2\/product"}],"about":[{"href":"https:\/\/jubilerarbiszgdansk.pl\/en\/wp-json\/wp\/v2\/types\/product"}],"version-history":[{"count":0,"href":"https:\/\/jubilerarbiszgdansk.pl\/en\/wp-json\/wp\/v2\/product\/6056\/revisions"}],"wp:featuredmedia":[{"embeddable":true,"href":"https:\/\/jubilerarbiszgdansk.pl\/en\/wp-json\/wp\/v2\/media\/5995"}],"wp:attachment":[{"href":"https:\/\/jubilerarbiszgdansk.pl\/en\/wp-json\/wp\/v2\/media?parent=6056"}],"wp:term":[{"taxonomy":"brand","embeddable":true,"href":"https:\/\/jubilerarbiszgdansk.pl\/en\/wp-json\/wp\/v2\/etheme_brands?post=6056"},{"taxonomy":"product_brand","embeddable":true,"href":"https:\/\/jubilerarbiszgdansk.pl\/en\/wp-json\/wp\/v2\/product_brand?post=6056"},{"taxonomy":"product_cat","embeddable":true,"href":"https:\/\/jubilerarbiszgdansk.pl\/en\/wp-json\/wp\/v2\/product_cat?post=6056"},{"taxonomy":"product_tag","embeddable":true,"href":"https:\/\/jubilerarbiszgdansk.pl\/en\/wp-json\/wp\/v2\/product_tag?post=6056"}],"curies":[{"name":"wp","href":"https:\/\/api.w.org\/{rel}","templated":true}]}}