{"id":6053,"date":"2025-11-17T13:38:31","date_gmt":"2025-11-17T12:38:31","guid":{"rendered":"https:\/\/jubilerarbiszgdansk.pl\/?post_type=product&#038;p=6053"},"modified":"2025-11-17T13:38:32","modified_gmt":"2025-11-17T12:38:32","slug":"bransoletka-z-cytrynowego-i-koniakowego-bursztynu-ze-srebrem-925","status":"publish","type":"product","link":"https:\/\/jubilerarbiszgdansk.pl\/en\/bransoletka-z-cytrynowego-i-koniakowego-bursztynu-ze-srebrem-925\/","title":{"rendered":"Bransoletka z cytrynowego i koniakowego bursztynu ze srebrem 925"},"content":{"rendered":"<p data-start=\"222\" data-end=\"587\">Efektowna bransoletka wykonana z <strong data-start=\"255\" data-end=\"280\">bursztynu ba\u0142tyckiego<\/strong>, w kt\u00f3rej prostok\u0105tne kawa\u0142ki w odcieniach <strong data-start=\"324\" data-end=\"372\">przejrzystego ciemnego koniaku i cytrynowego<\/strong> u\u0142o\u017cone s\u0105 naprzemiennie i <strong data-start=\"400\" data-end=\"445\">prze\u0142o\u017cone drobnymi kulkami ze srebra 925<\/strong>, co dodaje ca\u0142o\u015bci elegancji i subtelnego blasku. Naturalny bursztyn pi\u0119knie mieni si\u0119 w \u015bwietle, tworz\u0105c wyj\u0105tkow\u0105, geometryczn\u0105 kompozycj\u0119.<\/p>\n<h3 data-start=\"589\" data-end=\"618\"><strong data-start=\"593\" data-end=\"616\">Szczeg\u00f3\u0142y produktu:<\/strong><\/h3>\n<ul data-start=\"619\" data-end=\"893\">\n<li data-start=\"663\" data-end=\"712\">\n<p data-start=\"665\" data-end=\"712\"><strong>Kolory bursztynu:<\/strong> ciemny koniakowy, cytrynowy<\/p>\n<\/li>\n<li data-start=\"713\" data-end=\"753\">\n<p data-start=\"715\" data-end=\"753\"><strong>Kszta\u0142t kamieni:<\/strong> prostok\u0105tne kawa\u0142ki<\/p>\n<\/li>\n<li data-start=\"754\" data-end=\"786\">\n<p data-start=\"756\" data-end=\"786\"><strong>Dodatki:<\/strong> kulki ze srebra 925<\/p>\n<\/li>\n<li data-start=\"787\" data-end=\"847\">\n<p data-start=\"789\" data-end=\"847\"><strong>Rodzaj bransoletki:<\/strong> na elastycznej gumce<\/p>\n<\/li>\n<li data-start=\"848\" data-end=\"893\">\n<p data-start=\"850\" data-end=\"893\"><strong>Styl:<\/strong> elegancki, geometryczny, nowoczesny<\/p>\n<\/li>\n<\/ul>\n<h3 data-start=\"895\" data-end=\"917\"><strong data-start=\"899\" data-end=\"915\">Piel\u0119gnacja:<\/strong><\/h3>\n<p data-start=\"918\" data-end=\"1132\">Aby zachowa\u0107 pi\u0119kno bi\u017cuterii, unikaj kontaktu z wod\u0105, perfumami i detergentami. Czy\u015b\u0107 tylko przeznaczonymi do tego produktami i przechowuj w woreczku lub pude\u0142eczku jubilerskim aby zadba\u0107 o dobry wygl\u0105d bi\u017cuterii.<\/p>\n<p data-start=\"918\" data-end=\"1132\">KOD PRODUKTU B33<\/p>","protected":false},"excerpt":{"rendered":"<p>Bransoletka z prostok\u0105tnych bursztynowych kawa\u0142k\u00f3w, prze\u0142o\u017conych srebrnymi kulkami 925, tworzy eleganck\u0105 i nowoczesn\u0105 kompozycj\u0119. Naturalny bursztyn pi\u0119knie mieni si\u0119 w \u015bwietle, nadaj\u0105c bi\u017cuterii wyj\u0105tkowego charakteru.<\/p>","protected":false},"featured_media":6024,"template":"","meta":[],"etheme_brands":[],"product_brand":[],"product_cat":[18,19,49],"product_tag":[],"class_list":{"0":"post-6053","1":"product","2":"type-product","3":"status-publish","4":"has-post-thumbnail","6":"product_cat-bransoletki-z-bursztynu","7":"product_cat-bizuteria-meska","8":"product_cat-prezenty-do-300-zl","10":"first","11":"instock","12":"taxable","13":"shipping-taxable","14":"purchasable","15":"product-type-simple"},"_links":{"self":[{"href":"https:\/\/jubilerarbiszgdansk.pl\/en\/wp-json\/wp\/v2\/product\/6053","targetHints":{"allow":["GET"]}}],"collection":[{"href":"https:\/\/jubilerarbiszgdansk.pl\/en\/wp-json\/wp\/v2\/product"}],"about":[{"href":"https:\/\/jubilerarbiszgdansk.pl\/en\/wp-json\/wp\/v2\/types\/product"}],"version-history":[{"count":0,"href":"https:\/\/jubilerarbiszgdansk.pl\/en\/wp-json\/wp\/v2\/product\/6053\/revisions"}],"wp:featuredmedia":[{"embeddable":true,"href":"https:\/\/jubilerarbiszgdansk.pl\/en\/wp-json\/wp\/v2\/media\/6024"}],"wp:attachment":[{"href":"https:\/\/jubilerarbiszgdansk.pl\/en\/wp-json\/wp\/v2\/media?parent=6053"}],"wp:term":[{"taxonomy":"brand","embeddable":true,"href":"https:\/\/jubilerarbiszgdansk.pl\/en\/wp-json\/wp\/v2\/etheme_brands?post=6053"},{"taxonomy":"product_brand","embeddable":true,"href":"https:\/\/jubilerarbiszgdansk.pl\/en\/wp-json\/wp\/v2\/product_brand?post=6053"},{"taxonomy":"product_cat","embeddable":true,"href":"https:\/\/jubilerarbiszgdansk.pl\/en\/wp-json\/wp\/v2\/product_cat?post=6053"},{"taxonomy":"product_tag","embeddable":true,"href":"https:\/\/jubilerarbiszgdansk.pl\/en\/wp-json\/wp\/v2\/product_tag?post=6053"}],"curies":[{"name":"wp","href":"https:\/\/api.w.org\/{rel}","templated":true}]}}