{"id":6051,"date":"2025-11-17T13:21:34","date_gmt":"2025-11-17T12:21:34","guid":{"rendered":"https:\/\/jubilerarbiszgdansk.pl\/?post_type=product&#038;p=6051"},"modified":"2025-11-17T13:21:35","modified_gmt":"2025-11-17T12:21:35","slug":"bransoletka-bursztynowa-z-prostokatnymi-kawalkami-w-kolorach-koniakowym-i-cytrynowym","status":"publish","type":"product","link":"https:\/\/jubilerarbiszgdansk.pl\/en\/bransoletka-bursztynowa-z-prostokatnymi-kawalkami-w-kolorach-koniakowym-i-cytrynowym\/","title":{"rendered":"Bransoletka bursztynowa z prostok\u0105tnymi kawa\u0142kami w kolorach koniakowym i cytrynowym"},"content":{"rendered":"<p data-start=\"193\" data-end=\"506\">Efektowna bransoletka wykonana z <strong data-start=\"226\" data-end=\"251\">bursztynu ba\u0142tyckiego<\/strong>, w kt\u00f3rym prostok\u0105tne kawa\u0142ki w odcieniach <strong data-start=\"295\" data-end=\"343\">przejrzystego ciemnego koniaku i cytrynowego<\/strong> u\u0142o\u017cone s\u0105 naprzemiennie z kulkami ze srebra 925, tworz\u0105c harmonijn\u0105, geometryczn\u0105 kompozycj\u0119. Naturalny bursztyn pi\u0119knie mieni si\u0119 w \u015bwietle, podkre\u015blaj\u0105c wyj\u0105tkowy charakter bi\u017cuterii.<\/p>\n<h3 data-start=\"508\" data-end=\"537\"><strong data-start=\"512\" data-end=\"535\">Szczeg\u00f3\u0142y produktu:<\/strong><\/h3>\n<ul data-start=\"538\" data-end=\"767\">\n<li data-start=\"570\" data-end=\"619\">\n<p data-start=\"572\" data-end=\"619\"><strong>Kolory bursztynu:<\/strong> ciemny koniakowy, cytrynowy<\/p>\n<\/li>\n<li data-start=\"620\" data-end=\"660\">\n<p data-start=\"622\" data-end=\"660\"><strong>Kszta\u0142t kamieni:<\/strong> prostok\u0105tne kawa\u0142ki<\/p>\n<\/li>\n<li data-start=\"661\" data-end=\"721\">\n<p data-start=\"663\" data-end=\"721\"><strong>Rodzaj bransoletki:<\/strong> na elastycznej gumce<\/p>\n<\/li>\n<li data-start=\"722\" data-end=\"767\">\n<p data-start=\"724\" data-end=\"767\"><strong>Styl:<\/strong> elegancki, geometryczny, nowoczesny<\/p>\n<\/li>\n<\/ul>\n<h3 data-start=\"769\" data-end=\"791\"><strong data-start=\"773\" data-end=\"789\">Piel\u0119gnacja:<\/strong><\/h3>\n<p data-start=\"792\" data-end=\"1006\">Aby zachowa\u0107 pi\u0119kno bi\u017cuterii, unikaj kontaktu z wod\u0105, perfumami i detergentami. Czy\u015b\u0107 tylko przeznaczonymi do tego produktami i przechowuj w woreczku lub pude\u0142eczku jubilerskim aby zadba\u0107 o dobry wygl\u0105d bi\u017cuterii.<\/p>\n<p data-start=\"792\" data-end=\"1006\">KOD PRODUKTU B28<\/p>","protected":false},"excerpt":{"rendered":"<article class=\"text-token-text-primary w-full focus:outline-none [--shadow-height:45px] has-data-writing-block:pointer-events-none has-data-writing-block:-mt-(--shadow-height) has-data-writing-block:pt-(--shadow-height) [&amp;:has([data-writing-block])&gt;*]:pointer-events-auto [content-visibility:auto] supports-[content-visibility:auto]:[contain-intrinsic-size:auto_100lvh] scroll-mt-[calc(var(--header-height)+min(200px,max(70px,20svh)))]\" dir=\"auto\" tabindex=\"-1\" data-turn-id=\"request-WEB:cf8f9642-b8ad-4562-94be-338225d8df43-48\" data-testid=\"conversation-turn-98\" data-scroll-anchor=\"true\" data-turn=\"assistant\">\n<div class=\"text-base my-auto mx-auto pb-10 [--thread-content-margin:--spacing(4)] thread-sm:[--thread-content-margin:--spacing(6)] thread-lg:[--thread-content-margin:--spacing(16)] px-(--thread-content-margin)\">\n<div class=\"[--thread-content-max-width:40rem] thread-lg:[--thread-content-max-width:48rem] mx-auto max-w-(--thread-content-max-width) flex-1 group\/turn-messages focus-visible:outline-hidden relative flex w-full min-w-0 flex-col agent-turn\" tabindex=\"-1\">\n<div class=\"flex max-w-full flex-col grow\">\n<div class=\"min-h-8 text-message relative flex w-full flex-col items-end gap-2 text-start break-words whitespace-normal [.text-message+&amp;]:mt-1\" dir=\"auto\" data-message-author-role=\"assistant\" data-message-id=\"4b576e4f-3560-4feb-a928-765a85540395\" data-message-model-slug=\"gpt-5-mini\">\n<div class=\"flex w-full flex-col gap-1 empty:hidden first:pt-[1px]\">\n<div class=\"markdown prose dark:prose-invert w-full break-words light markdown-new-styling\">\n<p data-start=\"1050\" data-end=\"1269\" data-is-last-node=\"\" data-is-only-node=\"\">Bransoletka z prostok\u0105tnych kawa\u0142k\u00f3w bursztynu w kolorach koniakowym i cytrynowym z kulkami ze srebra 925 tworzy nowoczesn\u0105, geometryczn\u0105 kompozycj\u0119. Naturalny bursztyn pi\u0119knie mieni si\u0119 w \u015bwietle, dodaj\u0105c stylizacji elegancji i oryginalno\u015bci.<\/p>\n<\/div>\n<\/div>\n<\/div>\n<\/div>\n<div class=\"z-0 flex min-h-[46px] justify-start\"><\/div>\n<div class=\"mt-3 w-full empty:hidden\">\n<div class=\"text-center\"><\/div>\n<\/div>\n<\/div>\n<\/div>\n<\/article>\n<div class=\"pointer-events-none h-px w-px\" aria-hidden=\"true\" data-edge=\"true\"><\/div>","protected":false},"featured_media":6013,"template":"","meta":[],"etheme_brands":[],"product_brand":[],"product_cat":[19,18,49],"product_tag":[],"class_list":{"0":"post-6051","1":"product","2":"type-product","3":"status-publish","4":"has-post-thumbnail","6":"product_cat-bizuteria-meska","7":"product_cat-bransoletki-z-bursztynu","8":"product_cat-prezenty-do-300-zl","10":"first","11":"instock","12":"taxable","13":"shipping-taxable","14":"purchasable","15":"product-type-simple"},"_links":{"self":[{"href":"https:\/\/jubilerarbiszgdansk.pl\/en\/wp-json\/wp\/v2\/product\/6051","targetHints":{"allow":["GET"]}}],"collection":[{"href":"https:\/\/jubilerarbiszgdansk.pl\/en\/wp-json\/wp\/v2\/product"}],"about":[{"href":"https:\/\/jubilerarbiszgdansk.pl\/en\/wp-json\/wp\/v2\/types\/product"}],"version-history":[{"count":0,"href":"https:\/\/jubilerarbiszgdansk.pl\/en\/wp-json\/wp\/v2\/product\/6051\/revisions"}],"wp:featuredmedia":[{"embeddable":true,"href":"https:\/\/jubilerarbiszgdansk.pl\/en\/wp-json\/wp\/v2\/media\/6013"}],"wp:attachment":[{"href":"https:\/\/jubilerarbiszgdansk.pl\/en\/wp-json\/wp\/v2\/media?parent=6051"}],"wp:term":[{"taxonomy":"brand","embeddable":true,"href":"https:\/\/jubilerarbiszgdansk.pl\/en\/wp-json\/wp\/v2\/etheme_brands?post=6051"},{"taxonomy":"product_brand","embeddable":true,"href":"https:\/\/jubilerarbiszgdansk.pl\/en\/wp-json\/wp\/v2\/product_brand?post=6051"},{"taxonomy":"product_cat","embeddable":true,"href":"https:\/\/jubilerarbiszgdansk.pl\/en\/wp-json\/wp\/v2\/product_cat?post=6051"},{"taxonomy":"product_tag","embeddable":true,"href":"https:\/\/jubilerarbiszgdansk.pl\/en\/wp-json\/wp\/v2\/product_tag?post=6051"}],"curies":[{"name":"wp","href":"https:\/\/api.w.org\/{rel}","templated":true}]}}