{"id":6049,"date":"2025-11-17T13:00:56","date_gmt":"2025-11-17T12:00:56","guid":{"rendered":"https:\/\/jubilerarbiszgdansk.pl\/?post_type=product&#038;p=6049"},"modified":"2025-11-17T13:00:56","modified_gmt":"2025-11-17T12:00:56","slug":"bransoletka-na-srebrnym-lancuszku-925-z-cytrynowym-bursztynem","status":"publish","type":"product","link":"https:\/\/jubilerarbiszgdansk.pl\/en\/bransoletka-na-srebrnym-lancuszku-925-z-cytrynowym-bursztynem\/","title":{"rendered":"Bransoletka na srebrnym \u0142a\u0144cuszku 925 z cytrynowym bursztynem"},"content":{"rendered":"<p data-start=\"186\" data-end=\"518\">Delikatna bransoletka wykonana ze <strong data-start=\"220\" data-end=\"234\">srebra 925<\/strong>, ozdobiona centralnym kamieniem <strong data-start=\"267\" data-end=\"304\">cytrynowego bursztynu ba\u0142tyckiego<\/strong> oprawionym w srebro. Jasny, lekko transparentny bursztyn pi\u0119knie mieni si\u0119 w \u015bwietle, nadaj\u0105c bi\u017cuterii subtelno\u015bci i eleganckiego charakteru. Delikatny \u0142a\u0144cuszek podkre\u015bla lekko\u015b\u0107 i ponadczasowy styl bransoletki.<\/p>\n<h3 data-start=\"520\" data-end=\"549\"><strong data-start=\"524\" data-end=\"547\">Szczeg\u00f3\u0142y produktu:<\/strong><\/h3>\n<ul data-start=\"550\" data-end=\"737\">\n<li data-start=\"605\" data-end=\"635\">\n<p data-start=\"607\" data-end=\"635\"><strong>Kolor bursztynu:<\/strong> cytrynowy<\/p>\n<\/li>\n<li data-start=\"677\" data-end=\"712\">\n<p data-start=\"679\" data-end=\"712\"><strong>Rodzaj bransoletki:<\/strong> \u0142a\u0144cuszkowa<\/p>\n<\/li>\n<li data-start=\"713\" data-end=\"737\">\n<p data-start=\"715\" data-end=\"737\"><strong>Zapi\u0119cie:<\/strong> srebro 925<\/p>\n<\/li>\n<li data-start=\"713\" data-end=\"737\"><strong>Styl:<\/strong> naturalny, elegancki, subtelny<\/li>\n<\/ul>\n<h3 data-start=\"739\" data-end=\"761\"><strong data-start=\"743\" data-end=\"759\">Piel\u0119gnacja:<\/strong><\/h3>\n<p data-start=\"762\" data-end=\"976\">Aby zachowa\u0107 pi\u0119kno bi\u017cuterii, unikaj kontaktu z wod\u0105, perfumami i detergentami. Czy\u015b\u0107 tylko przeznaczonymi do tego produktami i przechowuj w woreczku lub pude\u0142eczku jubilerskim aby zadba\u0107 o dobry wygl\u0105d bi\u017cuterii.<\/p>\n<p data-start=\"762\" data-end=\"976\">KOD PRODUKTU B37<\/p>","protected":false},"excerpt":{"rendered":"<p data-start=\"1020\" data-end=\"1237\">Bransoletka na srebrnym \u0142a\u0144cuszku z cytrynowym bursztynem to elegancki i subtelny dodatek. Jasny kamie\u0144 i delikatna srebrna oprawa tworz\u0105 bi\u017cuteri\u0119 ponadczasow\u0105, przyci\u0105gaj\u0105c\u0105 wzrok i podkre\u015blaj\u0105c\u0105 naturalne pi\u0119kno.<\/p>","protected":false},"featured_media":6022,"template":"","meta":[],"etheme_brands":[],"product_brand":[],"product_cat":[18,49],"product_tag":[],"class_list":{"0":"post-6049","1":"product","2":"type-product","3":"status-publish","4":"has-post-thumbnail","6":"product_cat-bransoletki-z-bursztynu","7":"product_cat-prezenty-do-300-zl","9":"first","10":"instock","11":"taxable","12":"shipping-taxable","13":"purchasable","14":"product-type-simple"},"_links":{"self":[{"href":"https:\/\/jubilerarbiszgdansk.pl\/en\/wp-json\/wp\/v2\/product\/6049","targetHints":{"allow":["GET"]}}],"collection":[{"href":"https:\/\/jubilerarbiszgdansk.pl\/en\/wp-json\/wp\/v2\/product"}],"about":[{"href":"https:\/\/jubilerarbiszgdansk.pl\/en\/wp-json\/wp\/v2\/types\/product"}],"version-history":[{"count":0,"href":"https:\/\/jubilerarbiszgdansk.pl\/en\/wp-json\/wp\/v2\/product\/6049\/revisions"}],"wp:featuredmedia":[{"embeddable":true,"href":"https:\/\/jubilerarbiszgdansk.pl\/en\/wp-json\/wp\/v2\/media\/6022"}],"wp:attachment":[{"href":"https:\/\/jubilerarbiszgdansk.pl\/en\/wp-json\/wp\/v2\/media?parent=6049"}],"wp:term":[{"taxonomy":"brand","embeddable":true,"href":"https:\/\/jubilerarbiszgdansk.pl\/en\/wp-json\/wp\/v2\/etheme_brands?post=6049"},{"taxonomy":"product_brand","embeddable":true,"href":"https:\/\/jubilerarbiszgdansk.pl\/en\/wp-json\/wp\/v2\/product_brand?post=6049"},{"taxonomy":"product_cat","embeddable":true,"href":"https:\/\/jubilerarbiszgdansk.pl\/en\/wp-json\/wp\/v2\/product_cat?post=6049"},{"taxonomy":"product_tag","embeddable":true,"href":"https:\/\/jubilerarbiszgdansk.pl\/en\/wp-json\/wp\/v2\/product_tag?post=6049"}],"curies":[{"name":"wp","href":"https:\/\/api.w.org\/{rel}","templated":true}]}}