{"id":6047,"date":"2025-11-17T12:44:20","date_gmt":"2025-11-17T11:44:20","guid":{"rendered":"https:\/\/jubilerarbiszgdansk.pl\/?post_type=product&#038;p=6047"},"modified":"2025-11-17T12:44:21","modified_gmt":"2025-11-17T11:44:21","slug":"bransoletka-na-srebrnym-lancuszku-925-z-koniakowym-bursztynem","status":"publish","type":"product","link":"https:\/\/jubilerarbiszgdansk.pl\/en\/bransoletka-na-srebrnym-lancuszku-925-z-koniakowym-bursztynem\/","title":{"rendered":"Bransoletka na srebrnym \u0142a\u0144cuszku 925 z koniakowym bursztynem"},"content":{"rendered":"<p data-start=\"186\" data-end=\"487\">Elegancka bransoletka wykonana ze <strong data-start=\"220\" data-end=\"234\">srebra 925<\/strong>, ozdobiona centralnym kamieniem <strong data-start=\"267\" data-end=\"304\">koniakowego bursztynu ba\u0142tyckiego<\/strong> oprawionym w srebro. Ciep\u0142y odcie\u0144 bursztynu pi\u0119knie odbija \u015bwiat\u0142o i podkre\u015bla naturalny charakter kamienia, a delikatny \u0142a\u0144cuszek dodaje ca\u0142o\u015bci subtelno\u015bci i ponadczasowego stylu.<\/p>\n<h3 data-start=\"489\" data-end=\"518\"><strong data-start=\"493\" data-end=\"516\">Szczeg\u00f3\u0142y produktu:<\/strong><\/h3>\n<ul data-start=\"519\" data-end=\"706\">\n<li data-start=\"574\" data-end=\"604\">\n<p data-start=\"576\" data-end=\"604\"><strong>Kolor bursztynu:<\/strong> koniakowy<\/p>\n<\/li>\n<li data-start=\"646\" data-end=\"681\">\n<p data-start=\"648\" data-end=\"681\"><strong>Rodzaj bransoletki:<\/strong> \u0142a\u0144cuszkowa<\/p>\n<\/li>\n<li data-start=\"646\" data-end=\"681\"><strong data-start=\"824\" data-end=\"833\">Styl:<\/strong> elegancki, subtelny, ponadczasowy<\/li>\n<li data-start=\"682\" data-end=\"706\">\n<p data-start=\"684\" data-end=\"706\"><strong>Zapi\u0119cie:<\/strong> srebro 925<\/p>\n<\/li>\n<\/ul>\n<h3 data-start=\"708\" data-end=\"730\"><strong data-start=\"712\" data-end=\"728\">Piel\u0119gnacja:<\/strong><\/h3>\n<p data-start=\"731\" data-end=\"945\">Aby zachowa\u0107 pi\u0119kno bi\u017cuterii, unikaj kontaktu z wod\u0105, perfumami i detergentami. Czy\u015b\u0107 tylko przeznaczonymi do tego produktami i przechowuj w woreczku lub pude\u0142eczku jubilerskim aby zadba\u0107 o dobry wygl\u0105d bi\u017cuterii.<\/p>\n<p data-start=\"731\" data-end=\"945\">KOD PRODUKTU B41<\/p>","protected":false},"excerpt":{"rendered":"<p>Bransoletka na srebrnym \u0142a\u0144cuszku z koniakowym bursztynem to klasyczny, elegancki dodatek. Naturalny kamie\u0144 i subtelna srebrna oprawa tworz\u0105 ponadczasow\u0105 bi\u017cuteri\u0119, kt\u00f3ra przyci\u0105ga wzrok.<\/p>","protected":false},"featured_media":6000,"template":"","meta":[],"etheme_brands":[],"product_brand":[],"product_cat":[18,49],"product_tag":[],"class_list":{"0":"post-6047","1":"product","2":"type-product","3":"status-publish","4":"has-post-thumbnail","6":"product_cat-bransoletki-z-bursztynu","7":"product_cat-prezenty-do-300-zl","9":"first","10":"instock","11":"taxable","12":"shipping-taxable","13":"purchasable","14":"product-type-simple"},"_links":{"self":[{"href":"https:\/\/jubilerarbiszgdansk.pl\/en\/wp-json\/wp\/v2\/product\/6047","targetHints":{"allow":["GET"]}}],"collection":[{"href":"https:\/\/jubilerarbiszgdansk.pl\/en\/wp-json\/wp\/v2\/product"}],"about":[{"href":"https:\/\/jubilerarbiszgdansk.pl\/en\/wp-json\/wp\/v2\/types\/product"}],"version-history":[{"count":0,"href":"https:\/\/jubilerarbiszgdansk.pl\/en\/wp-json\/wp\/v2\/product\/6047\/revisions"}],"wp:featuredmedia":[{"embeddable":true,"href":"https:\/\/jubilerarbiszgdansk.pl\/en\/wp-json\/wp\/v2\/media\/6000"}],"wp:attachment":[{"href":"https:\/\/jubilerarbiszgdansk.pl\/en\/wp-json\/wp\/v2\/media?parent=6047"}],"wp:term":[{"taxonomy":"brand","embeddable":true,"href":"https:\/\/jubilerarbiszgdansk.pl\/en\/wp-json\/wp\/v2\/etheme_brands?post=6047"},{"taxonomy":"product_brand","embeddable":true,"href":"https:\/\/jubilerarbiszgdansk.pl\/en\/wp-json\/wp\/v2\/product_brand?post=6047"},{"taxonomy":"product_cat","embeddable":true,"href":"https:\/\/jubilerarbiszgdansk.pl\/en\/wp-json\/wp\/v2\/product_cat?post=6047"},{"taxonomy":"product_tag","embeddable":true,"href":"https:\/\/jubilerarbiszgdansk.pl\/en\/wp-json\/wp\/v2\/product_tag?post=6047"}],"curies":[{"name":"wp","href":"https:\/\/api.w.org\/{rel}","templated":true}]}}