{"id":6044,"date":"2025-11-17T12:21:47","date_gmt":"2025-11-17T11:21:47","guid":{"rendered":"https:\/\/jubilerarbiszgdansk.pl\/?post_type=product&#038;p=6044"},"modified":"2025-11-17T12:21:48","modified_gmt":"2025-11-17T11:21:48","slug":"bransoletka-na-srebrnym-lancuszku-925-z-zielonym-bursztynem","status":"publish","type":"product","link":"https:\/\/jubilerarbiszgdansk.pl\/en\/bransoletka-na-srebrnym-lancuszku-925-z-zielonym-bursztynem\/","title":{"rendered":"Bransoletka na srebrnym \u0142a\u0144cuszku 925 z zielonym bursztynem"},"content":{"rendered":"<p data-start=\"158\" data-end=\"453\">Elegancka i delikatna bransoletka wykonana z <strong data-start=\"203\" data-end=\"240\">wysokiej jako\u015bci srebra pr\u00f3by 925<\/strong>, na kt\u00f3rym osadzono <strong data-start=\"261\" data-end=\"315\">oprawiony kamie\u0144 z zielonego bursztynu ba\u0142tyckiego<\/strong>. Jego unikatowy, g\u0142\u0119boki odcie\u0144 oraz naturalne wtr\u0105cenia sprawiaj\u0105, \u017ce kamie\u0144 pi\u0119knie mieni si\u0119 w \u015bwietle, tworz\u0105c hipnotyzuj\u0105cy efekt.<\/p>\n<p data-start=\"455\" data-end=\"639\">Subtelny srebrny \u0142a\u0144cuszek dodaje ca\u0142o\u015bci lekko\u015bci i elegancji, a ozdobny centralny element przyci\u0105ga wzrok, tworz\u0105c bi\u017cuteri\u0119 idealn\u0105 zar\u00f3wno na co dzie\u0144, jak i na wyj\u0105tkowe okazje.<\/p>\n<p data-start=\"641\" data-end=\"666\"><strong data-start=\"641\" data-end=\"664\">Szczeg\u00f3\u0142y produktu:<\/strong><\/p>\n<ul data-start=\"667\" data-end=\"916\">\n<li data-start=\"667\" data-end=\"701\"><strong data-start=\"704\" data-end=\"715\">Kamie\u0144:<\/strong> bursztyn ba\u0142tycki \u2013 zielony<\/li>\n<li data-start=\"746\" data-end=\"781\">\n<p data-start=\"748\" data-end=\"781\"><strong data-start=\"748\" data-end=\"768\">Oprawa kamienia:<\/strong> srebro 925<\/p>\n<\/li>\n<li data-start=\"782\" data-end=\"821\">\n<p data-start=\"784\" data-end=\"821\"><strong data-start=\"784\" data-end=\"807\">Rodzaj bransoletki:<\/strong> \u0142a\u0144cuszkowa<\/p>\n<\/li>\n<li data-start=\"822\" data-end=\"869\">\n<p data-start=\"824\" data-end=\"869\"><strong data-start=\"824\" data-end=\"833\">Styl:<\/strong> elegancki, subtelny, ponadczasowy<\/p>\n<\/li>\n<\/ul>\n<p data-start=\"1183\" data-end=\"1418\"><strong data-start=\"1183\" data-end=\"1199\">Piel\u0119gnacja:<\/strong><br data-start=\"1199\" data-end=\"1202\" \/>Aby zachowa\u0107 pi\u0119kno bi\u017cuterii, unikaj kontaktu z wod\u0105, perfumami i detergentami. Czy\u015b\u0107 tylko przeznaczonymi do tego produktami i przechowuj w woreczku lub pude\u0142eczku jubilerskim aby zadba\u0107 o dobry wygl\u0105d bi\u017cuterii.<\/p>\n<p data-start=\"1183\" data-end=\"1418\">KOD PRODUKTU B40<\/p>","protected":false},"excerpt":{"rendered":"<p>Bransoletka na srebrnym \u0142a\u0144cuszku z zielonym bursztynem to po\u0142\u0105czenie subtelno\u015bci i wyj\u0105tkowego koloru. Elegancki kamie\u0144 w srebrnej oprawie pi\u0119knie mieni si\u0119 w \u015bwietle, tworz\u0105c szlachetny i niepowtarzalny akcent.<\/p>","protected":false},"featured_media":6010,"template":"","meta":[],"etheme_brands":[],"product_brand":[],"product_cat":[18,49,48],"product_tag":[],"class_list":{"0":"post-6044","1":"product","2":"type-product","3":"status-publish","4":"has-post-thumbnail","6":"product_cat-bransoletki-z-bursztynu","7":"product_cat-prezenty-do-300-zl","8":"product_cat-promocja","10":"first","11":"instock","12":"sale","13":"taxable","14":"shipping-taxable","15":"purchasable","16":"product-type-simple"},"_links":{"self":[{"href":"https:\/\/jubilerarbiszgdansk.pl\/en\/wp-json\/wp\/v2\/product\/6044","targetHints":{"allow":["GET"]}}],"collection":[{"href":"https:\/\/jubilerarbiszgdansk.pl\/en\/wp-json\/wp\/v2\/product"}],"about":[{"href":"https:\/\/jubilerarbiszgdansk.pl\/en\/wp-json\/wp\/v2\/types\/product"}],"version-history":[{"count":0,"href":"https:\/\/jubilerarbiszgdansk.pl\/en\/wp-json\/wp\/v2\/product\/6044\/revisions"}],"wp:featuredmedia":[{"embeddable":true,"href":"https:\/\/jubilerarbiszgdansk.pl\/en\/wp-json\/wp\/v2\/media\/6010"}],"wp:attachment":[{"href":"https:\/\/jubilerarbiszgdansk.pl\/en\/wp-json\/wp\/v2\/media?parent=6044"}],"wp:term":[{"taxonomy":"brand","embeddable":true,"href":"https:\/\/jubilerarbiszgdansk.pl\/en\/wp-json\/wp\/v2\/etheme_brands?post=6044"},{"taxonomy":"product_brand","embeddable":true,"href":"https:\/\/jubilerarbiszgdansk.pl\/en\/wp-json\/wp\/v2\/product_brand?post=6044"},{"taxonomy":"product_cat","embeddable":true,"href":"https:\/\/jubilerarbiszgdansk.pl\/en\/wp-json\/wp\/v2\/product_cat?post=6044"},{"taxonomy":"product_tag","embeddable":true,"href":"https:\/\/jubilerarbiszgdansk.pl\/en\/wp-json\/wp\/v2\/product_tag?post=6044"}],"curies":[{"name":"wp","href":"https:\/\/api.w.org\/{rel}","templated":true}]}}