{"id":6041,"date":"2025-11-17T12:11:43","date_gmt":"2025-11-17T11:11:43","guid":{"rendered":"https:\/\/jubilerarbiszgdansk.pl\/?post_type=product&#038;p=6041"},"modified":"2025-11-17T12:11:44","modified_gmt":"2025-11-17T11:11:44","slug":"bransoletka-z-mlecznego-bursztynu-z-kulkami-ze-srebra-925","status":"publish","type":"product","link":"https:\/\/jubilerarbiszgdansk.pl\/en\/bransoletka-z-mlecznego-bursztynu-z-kulkami-ze-srebra-925\/","title":{"rendered":"Bransoletka z mlecznego bursztynu z kulkami ze srebra 925"},"content":{"rendered":"<p data-start=\"209\" data-end=\"535\">Wyj\u0105tkowa bransoletka wykonana z <strong data-start=\"242\" data-end=\"277\">mlecznego bursztynu ba\u0142tyckiego<\/strong> o <strong data-start=\"280\" data-end=\"322\">nietypowych kszta\u0142tach<\/strong>, kt\u00f3re podkre\u015blaj\u0105 naturalny charakter kamienia. Pomi\u0119dzy bursztynowymi elementami znajduj\u0105 si\u0119 <strong data-start=\"428\" data-end=\"464\">drobne kulki ze srebra pr\u00f3by 925<\/strong>, dodaj\u0105ce kompozycji elegancji oraz subtelnego, metalicznego blasku.<\/p>\n<p data-start=\"537\" data-end=\"786\">Po\u0142\u0105czenie organicznych form bursztynu z g\u0142adkimi, srebrnymi akcentami tworzy bi\u017cuteri\u0119 wyj\u0105tkow\u0105 i niepowtarzaln\u0105 \u2014 ka\u017cda bransoletka ma sw\u00f3j w\u0142asny, unikatowy uk\u0142ad kamieni. To idealna propozycja dla os\u00f3b ceni\u0105cych naturalno\u015b\u0107 i oryginalny styl.<\/p>\n<p data-start=\"788\" data-end=\"813\"><strong data-start=\"788\" data-end=\"811\">Szczeg\u00f3\u0142y produktu:<\/strong><\/p>\n<ul data-start=\"814\" data-end=\"1159\">\n<li data-start=\"872\" data-end=\"904\">\n<p data-start=\"874\" data-end=\"904\"><strong data-start=\"874\" data-end=\"894\">Kolor bursztynu:<\/strong> mleczny<\/p>\n<\/li>\n<li data-start=\"957\" data-end=\"999\">\n<p data-start=\"959\" data-end=\"999\"><strong data-start=\"959\" data-end=\"971\">Dodatki:<\/strong> kulki ze srebra pr\u00f3by 925<\/p>\n<\/li>\n<li data-start=\"1000\" data-end=\"1064\">\n<p data-start=\"1002\" data-end=\"1064\"><strong data-start=\"1002\" data-end=\"1025\">Rodzaj bransoletki:<\/strong> na gumce<\/p>\n<\/li>\n<li data-start=\"1065\" data-end=\"1112\">\n<p data-start=\"1067\" data-end=\"1112\"><strong data-start=\"1067\" data-end=\"1076\">Styl:<\/strong> naturalny, artystyczny, elegancki<\/p>\n<\/li>\n<\/ul>\n<p data-start=\"1410\" data-end=\"1645\"><strong data-start=\"1410\" data-end=\"1426\">Piel\u0119gnacja:<\/strong><br data-start=\"1426\" data-end=\"1429\" \/>Aby zachowa\u0107 pi\u0119kno bi\u017cuterii, unikaj kontaktu z wod\u0105, perfumami i detergentami. Czy\u015b\u0107 tylko przeznaczonymi do tego produktami i przechowuj w woreczku lub pude\u0142eczku jubilerskim aby zadba\u0107 o dobry wygl\u0105d bi\u017cuterii.<\/p>\n<p data-start=\"1410\" data-end=\"1645\">KOD PRODUKTU B34<\/p>","protected":false},"excerpt":{"rendered":"<article class=\"text-token-text-primary w-full focus:outline-none [--shadow-height:45px] has-data-writing-block:pointer-events-none has-data-writing-block:-mt-(--shadow-height) has-data-writing-block:pt-(--shadow-height) [&amp;:has([data-writing-block])&gt;*]:pointer-events-auto [content-visibility:auto] supports-[content-visibility:auto]:[contain-intrinsic-size:auto_100lvh] scroll-mt-[calc(var(--header-height)+min(200px,max(70px,20svh)))]\" dir=\"auto\" tabindex=\"-1\" data-turn-id=\"20e3972f-fc43-499c-a209-063e6bb8c7df\" data-testid=\"conversation-turn-74\" data-scroll-anchor=\"true\" data-turn=\"assistant\">\n<div class=\"text-base my-auto mx-auto pb-10 [--thread-content-margin:--spacing(4)] thread-sm:[--thread-content-margin:--spacing(6)] thread-lg:[--thread-content-margin:--spacing(16)] px-(--thread-content-margin)\">\n<div class=\"[--thread-content-max-width:40rem] thread-lg:[--thread-content-max-width:48rem] mx-auto max-w-(--thread-content-max-width) flex-1 group\/turn-messages focus-visible:outline-hidden relative flex w-full min-w-0 flex-col agent-turn\" tabindex=\"-1\">\n<div class=\"flex max-w-full flex-col grow\">\n<div class=\"min-h-8 text-message relative flex w-full flex-col items-end gap-2 text-start break-words whitespace-normal [.text-message+&amp;]:mt-1\" dir=\"auto\" data-message-author-role=\"assistant\" data-message-id=\"47caa974-8151-4e16-b014-31737cb7e466\" data-message-model-slug=\"gpt-5-1\">\n<div class=\"flex w-full flex-col gap-1 empty:hidden first:pt-[1px]\">\n<div class=\"markdown prose dark:prose-invert w-full break-words light markdown-new-styling\">\n<p data-start=\"1652\" data-end=\"1913\" data-is-last-node=\"\" data-is-only-node=\"\">Bransoletka z mlecznego bursztynu o nietypowych kszta\u0142tach, przeplatana srebrnymi kulkami 925, to naturalna elegancja w artystycznym wydaniu. Wyj\u0105tkowa, unikatowa i pe\u0142na charakteru \u2014 idealna dla mi\u0142o\u015bnik\u00f3w oryginalnej bi\u017cuterii.<\/p>\n<\/div>\n<\/div>\n<\/div>\n<\/div>\n<div class=\"z-0 flex min-h-[46px] justify-start\"><\/div>\n<div class=\"mt-3 w-full empty:hidden\">\n<div class=\"text-center\"><\/div>\n<\/div>\n<\/div>\n<\/div>\n<\/article>\n<div class=\"pointer-events-none h-px w-px\" aria-hidden=\"true\" data-edge=\"true\"><\/div>","protected":false},"featured_media":5991,"template":"","meta":[],"etheme_brands":[],"product_brand":[],"product_cat":[18,49],"product_tag":[],"class_list":{"0":"post-6041","1":"product","2":"type-product","3":"status-publish","4":"has-post-thumbnail","6":"product_cat-bransoletki-z-bursztynu","7":"product_cat-prezenty-do-300-zl","9":"first","10":"instock","11":"taxable","12":"shipping-taxable","13":"purchasable","14":"product-type-simple"},"_links":{"self":[{"href":"https:\/\/jubilerarbiszgdansk.pl\/en\/wp-json\/wp\/v2\/product\/6041","targetHints":{"allow":["GET"]}}],"collection":[{"href":"https:\/\/jubilerarbiszgdansk.pl\/en\/wp-json\/wp\/v2\/product"}],"about":[{"href":"https:\/\/jubilerarbiszgdansk.pl\/en\/wp-json\/wp\/v2\/types\/product"}],"version-history":[{"count":0,"href":"https:\/\/jubilerarbiszgdansk.pl\/en\/wp-json\/wp\/v2\/product\/6041\/revisions"}],"wp:featuredmedia":[{"embeddable":true,"href":"https:\/\/jubilerarbiszgdansk.pl\/en\/wp-json\/wp\/v2\/media\/5991"}],"wp:attachment":[{"href":"https:\/\/jubilerarbiszgdansk.pl\/en\/wp-json\/wp\/v2\/media?parent=6041"}],"wp:term":[{"taxonomy":"brand","embeddable":true,"href":"https:\/\/jubilerarbiszgdansk.pl\/en\/wp-json\/wp\/v2\/etheme_brands?post=6041"},{"taxonomy":"product_brand","embeddable":true,"href":"https:\/\/jubilerarbiszgdansk.pl\/en\/wp-json\/wp\/v2\/product_brand?post=6041"},{"taxonomy":"product_cat","embeddable":true,"href":"https:\/\/jubilerarbiszgdansk.pl\/en\/wp-json\/wp\/v2\/product_cat?post=6041"},{"taxonomy":"product_tag","embeddable":true,"href":"https:\/\/jubilerarbiszgdansk.pl\/en\/wp-json\/wp\/v2\/product_tag?post=6041"}],"curies":[{"name":"wp","href":"https:\/\/api.w.org\/{rel}","templated":true}]}}