{"id":6039,"date":"2025-11-14T14:43:07","date_gmt":"2025-11-14T13:43:07","guid":{"rendered":"https:\/\/jubilerarbiszgdansk.pl\/?post_type=product&#038;p=6039"},"modified":"2025-11-14T14:43:08","modified_gmt":"2025-11-14T13:43:08","slug":"bransoletka-z-bursztynowych-kuleczek-ze-zlotem-585-na-czarnym-sznurku","status":"publish","type":"product","link":"https:\/\/jubilerarbiszgdansk.pl\/en\/bransoletka-z-bursztynowych-kuleczek-ze-zlotem-585-na-czarnym-sznurku\/","title":{"rendered":"Bransoletka z bursztynowych kuleczek ze z\u0142otem 585 na czarnym sznurku"},"content":{"rendered":"<p data-start=\"223\" data-end=\"559\">Elegancka i minimalistyczna bransoletka wykonana z <strong data-start=\"274\" data-end=\"327\">ma\u0142ych kuleczek naturalnego bursztynu ba\u0142tyckiego<\/strong>, osadzonych na <strong data-start=\"343\" data-end=\"375\">czarnym sznurku<\/strong>, kt\u00f3ry pi\u0119knie podkre\u015bla intensywny kolor bursztynu. Jej centraln\u0105 ozdob\u0105 s\u0105 <strong data-start=\"453\" data-end=\"493\">dwie kulki z 14-karatowego z\u0142ota 585<\/strong>, dodaj\u0105ce ca\u0142o\u015bci luksusowego blasku i nowoczesnego charakteru.<\/p>\n<p data-start=\"561\" data-end=\"774\">Dzi\u0119ki <strong data-start=\"568\" data-end=\"605\">regulowanemu zapi\u0119ciu makramowemu<\/strong> bransoletka \u0142atwo dopasowuje si\u0119 do nadgarstka i jest bardzo wygodna w noszeniu. To idealny wyb\u00f3r dla os\u00f3b ceni\u0105cych po\u0142\u0105czenie naturalnych kamieni z elegancj\u0105 z\u0142ota.<\/p>\n<p data-start=\"776\" data-end=\"801\"><strong data-start=\"776\" data-end=\"799\">Szczeg\u00f3\u0142y produktu:<\/strong><\/p>\n<ul data-start=\"802\" data-end=\"1150\">\n<li data-start=\"864\" data-end=\"898\">\n<p data-start=\"866\" data-end=\"898\"><strong data-start=\"866\" data-end=\"886\">Kolor bursztynu:<\/strong> koniakowy<\/p>\n<\/li>\n<li data-start=\"899\" data-end=\"934\">\n<p data-start=\"901\" data-end=\"934\"><strong data-start=\"901\" data-end=\"921\">Kszta\u0142t kamieni:<\/strong> ma\u0142e kulki<\/p>\n<\/li>\n<li data-start=\"935\" data-end=\"982\">\n<p data-start=\"937\" data-end=\"982\"><strong data-start=\"937\" data-end=\"959\">Centralny element:<\/strong> dwie kulki z\u0142ota 585<\/p>\n<\/li>\n<li data-start=\"983\" data-end=\"1012\">\n<p data-start=\"985\" data-end=\"1012\"><strong data-start=\"985\" data-end=\"1003\">Kolor sznurka:<\/strong> czarny<\/p>\n<\/li>\n<li data-start=\"1013\" data-end=\"1050\">\n<p data-start=\"1015\" data-end=\"1050\"><strong data-start=\"1015\" data-end=\"1028\">Zapi\u0119cie:<\/strong> regulacja makramowa<\/p>\n<\/li>\n<li data-start=\"1051\" data-end=\"1103\">\n<p data-start=\"1053\" data-end=\"1103\"><strong data-start=\"1053\" data-end=\"1062\">Styl:<\/strong> minimalistyczny, elegancki, nowoczesny<\/p>\n<\/li>\n<\/ul>\n<p data-start=\"1395\" data-end=\"1630\"><strong data-start=\"1395\" data-end=\"1411\">Piel\u0119gnacja:<\/strong><br data-start=\"1411\" data-end=\"1414\" \/>Aby zachowa\u0107 pi\u0119kno bi\u017cuterii, unikaj kontaktu z wod\u0105, perfumami i detergentami. Czy\u015b\u0107 tylko przeznaczonymi do tego produktami i przechowuj w woreczku lub pude\u0142eczku jubilerskim aby zadba\u0107 o dobry wygl\u0105d bi\u017cuterii.<\/p>\n<p data-start=\"1395\" data-end=\"1630\">KOD PRODUKTU B36<\/p>","protected":false},"excerpt":{"rendered":"<p>Bransoletka z ma\u0142ych bursztynowych kuleczek na czarnym sznurku z dwiema z\u0142otymi kulkami 585 to elegancki, minimalistyczny dodatek o luksusowym akcencie. Idealna dla os\u00f3b, kt\u00f3re kochaj\u0105 po\u0142\u0105czenie naturalno\u015bci i nowoczesnego stylu.<\/p>","protected":false},"featured_media":6009,"template":"","meta":[],"etheme_brands":[],"product_brand":[],"product_cat":[23,18,50,48],"product_tag":[],"class_list":{"0":"post-6039","1":"product","2":"type-product","3":"status-publish","4":"has-post-thumbnail","6":"product_cat-bizuteria-zlota","7":"product_cat-bransoletki-z-bursztynu","8":"product_cat-prezenty-do-150-zl","9":"product_cat-promocja","11":"first","12":"instock","13":"sale","14":"taxable","15":"shipping-taxable","16":"purchasable","17":"product-type-simple"},"_links":{"self":[{"href":"https:\/\/jubilerarbiszgdansk.pl\/en\/wp-json\/wp\/v2\/product\/6039","targetHints":{"allow":["GET"]}}],"collection":[{"href":"https:\/\/jubilerarbiszgdansk.pl\/en\/wp-json\/wp\/v2\/product"}],"about":[{"href":"https:\/\/jubilerarbiszgdansk.pl\/en\/wp-json\/wp\/v2\/types\/product"}],"version-history":[{"count":0,"href":"https:\/\/jubilerarbiszgdansk.pl\/en\/wp-json\/wp\/v2\/product\/6039\/revisions"}],"wp:featuredmedia":[{"embeddable":true,"href":"https:\/\/jubilerarbiszgdansk.pl\/en\/wp-json\/wp\/v2\/media\/6009"}],"wp:attachment":[{"href":"https:\/\/jubilerarbiszgdansk.pl\/en\/wp-json\/wp\/v2\/media?parent=6039"}],"wp:term":[{"taxonomy":"brand","embeddable":true,"href":"https:\/\/jubilerarbiszgdansk.pl\/en\/wp-json\/wp\/v2\/etheme_brands?post=6039"},{"taxonomy":"product_brand","embeddable":true,"href":"https:\/\/jubilerarbiszgdansk.pl\/en\/wp-json\/wp\/v2\/product_brand?post=6039"},{"taxonomy":"product_cat","embeddable":true,"href":"https:\/\/jubilerarbiszgdansk.pl\/en\/wp-json\/wp\/v2\/product_cat?post=6039"},{"taxonomy":"product_tag","embeddable":true,"href":"https:\/\/jubilerarbiszgdansk.pl\/en\/wp-json\/wp\/v2\/product_tag?post=6039"}],"curies":[{"name":"wp","href":"https:\/\/api.w.org\/{rel}","templated":true}]}}