{"id":6037,"date":"2025-11-14T14:35:28","date_gmt":"2025-11-14T13:35:28","guid":{"rendered":"https:\/\/jubilerarbiszgdansk.pl\/?post_type=product&#038;p=6037"},"modified":"2025-11-14T14:35:29","modified_gmt":"2025-11-14T13:35:29","slug":"bransoletka-z-kuleczek-bursztynowych-ze-zlotem-585-na-bezowym-sznurku","status":"publish","type":"product","link":"https:\/\/jubilerarbiszgdansk.pl\/en\/bransoletka-z-kuleczek-bursztynowych-ze-zlotem-585-na-bezowym-sznurku\/","title":{"rendered":"Bransoletka z kuleczek bursztynowych ze z\u0142otem 585 na be\u017cowym sznurku"},"content":{"rendered":"<p data-start=\"199\" data-end=\"506\">Delikatna, elegancka bransoletka wykonana z <strong data-start=\"243\" data-end=\"296\">ma\u0142ych kuleczek naturalnego bursztynu ba\u0142tyckiego<\/strong>, na <strong>be\u017cowym sznurku<\/strong>, kt\u00f3ry podkre\u015bla ich ciep\u0142\u0105 barw\u0119. Centralnym elementem bransoletki jest <strong data-start=\"414\" data-end=\"449\">drobna kulka ze z\u0142ota 585 (14K)<\/strong>, dodaj\u0105ca ca\u0142o\u015bci luksusowego, ponadczasowego akcentu.<\/p>\n<p data-start=\"508\" data-end=\"733\">Bransoletka posiada <strong data-start=\"528\" data-end=\"561\">regulowane zapi\u0119cie makramowe<\/strong>, dzi\u0119ki czemu \u0142atwo dopasowuje si\u0119 do ka\u017cdego nadgarstka i zapewnia pe\u0142en komfort noszenia. To idealne po\u0142\u0105czenie minimalizmu, naturalno\u015bci i delikatnego z\u0142otego blasku.<\/p>\n<p data-start=\"508\" data-end=\"733\">\n<p data-start=\"735\" data-end=\"760\"><strong data-start=\"735\" data-end=\"758\">Szczeg\u00f3\u0142y produktu:<\/strong><\/p>\n<ul data-start=\"761\" data-end=\"1115\">\n<li data-start=\"870\" data-end=\"905\">\n<p data-start=\"872\" data-end=\"905\"><strong data-start=\"872\" data-end=\"892\">Kszta\u0142t kamieni:<\/strong> ma\u0142e kulki<\/p>\n<\/li>\n<li data-start=\"906\" data-end=\"948\">\n<p data-start=\"908\" data-end=\"948\"><strong data-start=\"908\" data-end=\"930\">Centralny element:<\/strong> kulka z\u0142ota 585<\/p>\n<\/li>\n<li data-start=\"949\" data-end=\"978\">\n<p data-start=\"951\" data-end=\"978\"><strong data-start=\"951\" data-end=\"969\">Kolor sznurka:<\/strong> be\u017cowy<\/p>\n<\/li>\n<li data-start=\"979\" data-end=\"1016\">\n<p data-start=\"981\" data-end=\"1016\"><strong data-start=\"981\" data-end=\"994\">Zapi\u0119cie:<\/strong> regulacja makramowa<\/p>\n<\/li>\n<li data-start=\"1017\" data-end=\"1068\">\n<p data-start=\"1019\" data-end=\"1068\"><strong data-start=\"1019\" data-end=\"1028\">Styl:<\/strong> minimalistyczny, elegancki, naturalny<\/p>\n<\/li>\n<\/ul>\n<p data-start=\"1375\" data-end=\"1610\"><strong data-start=\"1375\" data-end=\"1391\">Piel\u0119gnacja:<\/strong><br data-start=\"1391\" data-end=\"1394\" \/>Aby zachowa\u0107 pi\u0119kno bi\u017cuterii, unikaj kontaktu z wod\u0105, perfumami i detergentami. Czy\u015b\u0107 tylko przeznaczonymi do tego produktami i przechowuj w woreczku lub pude\u0142eczku jubilerskim aby zadba\u0107 o dobry wygl\u0105d bi\u017cuterii.<\/p>\n<p data-start=\"1375\" data-end=\"1610\">KOD PRODUKTU B37<\/p>","protected":false},"excerpt":{"rendered":"<p>Bransoletka z ma\u0142ych bursztynowych kuleczek na be\u017cowym sznurku, ozdobiona z\u0142ot\u0105 kulk\u0105 585, to po\u0142\u0105czenie elegancji i subtelno\u015bci. Naturalny bursztyn i delikatny z\u0142oty akcent tworz\u0105 wyj\u0105tkowy, minimalistyczny dodatek na ka\u017cdy dzie\u0144.<\/p>","protected":false},"featured_media":6021,"template":"","meta":[],"etheme_brands":[],"product_brand":[],"product_cat":[23,18,50],"product_tag":[],"class_list":{"0":"post-6037","1":"product","2":"type-product","3":"status-publish","4":"has-post-thumbnail","6":"product_cat-bizuteria-zlota","7":"product_cat-bransoletki-z-bursztynu","8":"product_cat-prezenty-do-150-zl","10":"first","11":"instock","12":"taxable","13":"shipping-taxable","14":"purchasable","15":"product-type-simple"},"_links":{"self":[{"href":"https:\/\/jubilerarbiszgdansk.pl\/en\/wp-json\/wp\/v2\/product\/6037","targetHints":{"allow":["GET"]}}],"collection":[{"href":"https:\/\/jubilerarbiszgdansk.pl\/en\/wp-json\/wp\/v2\/product"}],"about":[{"href":"https:\/\/jubilerarbiszgdansk.pl\/en\/wp-json\/wp\/v2\/types\/product"}],"version-history":[{"count":0,"href":"https:\/\/jubilerarbiszgdansk.pl\/en\/wp-json\/wp\/v2\/product\/6037\/revisions"}],"wp:featuredmedia":[{"embeddable":true,"href":"https:\/\/jubilerarbiszgdansk.pl\/en\/wp-json\/wp\/v2\/media\/6021"}],"wp:attachment":[{"href":"https:\/\/jubilerarbiszgdansk.pl\/en\/wp-json\/wp\/v2\/media?parent=6037"}],"wp:term":[{"taxonomy":"brand","embeddable":true,"href":"https:\/\/jubilerarbiszgdansk.pl\/en\/wp-json\/wp\/v2\/etheme_brands?post=6037"},{"taxonomy":"product_brand","embeddable":true,"href":"https:\/\/jubilerarbiszgdansk.pl\/en\/wp-json\/wp\/v2\/product_brand?post=6037"},{"taxonomy":"product_cat","embeddable":true,"href":"https:\/\/jubilerarbiszgdansk.pl\/en\/wp-json\/wp\/v2\/product_cat?post=6037"},{"taxonomy":"product_tag","embeddable":true,"href":"https:\/\/jubilerarbiszgdansk.pl\/en\/wp-json\/wp\/v2\/product_tag?post=6037"}],"curies":[{"name":"wp","href":"https:\/\/api.w.org\/{rel}","templated":true}]}}