{"id":6035,"date":"2025-11-14T14:01:57","date_gmt":"2025-11-14T13:01:57","guid":{"rendered":"https:\/\/jubilerarbiszgdansk.pl\/?post_type=product&#038;p=6035"},"modified":"2025-11-14T14:01:58","modified_gmt":"2025-11-14T13:01:58","slug":"bransoletka-z-kuleczek-bursztynowych-ze-zlotem-585-na-czerwonym-sznurku","status":"publish","type":"product","link":"https:\/\/jubilerarbiszgdansk.pl\/en\/bransoletka-z-kuleczek-bursztynowych-ze-zlotem-585-na-czerwonym-sznurku\/","title":{"rendered":"Bransoletka z kuleczek bursztynowych ze z\u0142otem 585 na czerwonym sznurku"},"content":{"rendered":"<p data-start=\"228\" data-end=\"534\">Delikatna i pe\u0142na symboliki bransoletka wykonana z <strong data-start=\"279\" data-end=\"333\">ma\u0142ych, naturalnych kuleczek bursztynu ba\u0142tyckiego<\/strong>, na <strong>czerwonym sznurku<\/strong>. Centralnym punktem bransoletki jest <strong data-start=\"437\" data-end=\"490\">drobna, elegancka kulka z 14-karatowego z\u0142ota 585<\/strong>, kt\u00f3ra dodaje ca\u0142o\u015bci luksusowego blasku.<\/p>\n<p data-start=\"536\" data-end=\"801\">Bransoletka posiada <strong data-start=\"556\" data-end=\"589\">regulowane makramowe zapi\u0119cie<\/strong>, dzi\u0119ki czemu idealnie dopasowuje si\u0119 do nadgarstka i zapewnia wygod\u0119 noszenia. Po\u0142\u0105czenie bursztynu, z\u0142ota i czerwonego sznurka tworzy nie tylko pi\u0119kn\u0105 ozdob\u0119, ale tak\u017ce wyj\u0105tkowy amulet o pozytywnej energii.<\/p>\n<p data-start=\"803\" data-end=\"828\"><strong data-start=\"803\" data-end=\"826\">Szczeg\u00f3\u0142y produktu:<\/strong><\/p>\n<ul data-start=\"829\" data-end=\"1179\">\n<li data-start=\"891\" data-end=\"932\">\n<p data-start=\"893\" data-end=\"932\"><strong data-start=\"893\" data-end=\"913\">Kolor bursztynu:<\/strong> naturalny koniak<\/p>\n<\/li>\n<li data-start=\"933\" data-end=\"968\">\n<p data-start=\"935\" data-end=\"968\"><strong data-start=\"935\" data-end=\"955\">Kszta\u0142t kamieni:<\/strong> ma\u0142e kulki<\/p>\n<\/li>\n<li data-start=\"969\" data-end=\"1011\">\n<p data-start=\"971\" data-end=\"1011\"><strong data-start=\"971\" data-end=\"993\">Centralny element:<\/strong> kulka z\u0142ota 585<\/p>\n<\/li>\n<li data-start=\"1012\" data-end=\"1043\">\n<p data-start=\"1014\" data-end=\"1043\"><strong data-start=\"1014\" data-end=\"1032\">Kolor sznurka:<\/strong> czerwony<\/p>\n<\/li>\n<li data-start=\"1044\" data-end=\"1081\">\n<p data-start=\"1046\" data-end=\"1081\"><strong data-start=\"1046\" data-end=\"1059\">Zapi\u0119cie:<\/strong> regulacja makramowa<\/p>\n<\/li>\n<li data-start=\"1082\" data-end=\"1132\">\n<p data-start=\"1084\" data-end=\"1132\"><strong data-start=\"1084\" data-end=\"1093\">Styl:<\/strong> minimalistyczny, elegancki, ochronny<\/p>\n<\/li>\n<\/ul>\n<p><strong data-start=\"1465\" data-end=\"1481\">Piel\u0119gnacja:<\/strong><br data-start=\"1481\" data-end=\"1484\" \/>Aby zachowa\u0107 pi\u0119kno bi\u017cuterii, unikaj kontaktu z wod\u0105, perfumami i detergentami. Czy\u015b\u0107 tylko przeznaczonymi do tego produktami i przechowuj w woreczku lub pude\u0142eczku jubilerskim aby zadba\u0107 o dobry wygl\u0105d bi\u017cuterii.<\/p>\n<p>KOD PRODUKTU B35<\/p>","protected":false},"excerpt":{"rendered":"<p>Subtelna bransoletka z ma\u0142ych bursztynowych kuleczek, ozdobiona z\u0142ot\u0105 kulk\u0105 585 i osadzona na czerwonym, regulowanym sznurku makramowym.<\/p>","protected":false},"featured_media":5994,"template":"","meta":[],"etheme_brands":[],"product_brand":[],"product_cat":[23,18,50],"product_tag":[],"class_list":{"0":"post-6035","1":"product","2":"type-product","3":"status-publish","4":"has-post-thumbnail","6":"product_cat-bizuteria-zlota","7":"product_cat-bransoletki-z-bursztynu","8":"product_cat-prezenty-do-150-zl","10":"first","11":"instock","12":"taxable","13":"shipping-taxable","14":"purchasable","15":"product-type-simple"},"_links":{"self":[{"href":"https:\/\/jubilerarbiszgdansk.pl\/en\/wp-json\/wp\/v2\/product\/6035","targetHints":{"allow":["GET"]}}],"collection":[{"href":"https:\/\/jubilerarbiszgdansk.pl\/en\/wp-json\/wp\/v2\/product"}],"about":[{"href":"https:\/\/jubilerarbiszgdansk.pl\/en\/wp-json\/wp\/v2\/types\/product"}],"version-history":[{"count":0,"href":"https:\/\/jubilerarbiszgdansk.pl\/en\/wp-json\/wp\/v2\/product\/6035\/revisions"}],"wp:featuredmedia":[{"embeddable":true,"href":"https:\/\/jubilerarbiszgdansk.pl\/en\/wp-json\/wp\/v2\/media\/5994"}],"wp:attachment":[{"href":"https:\/\/jubilerarbiszgdansk.pl\/en\/wp-json\/wp\/v2\/media?parent=6035"}],"wp:term":[{"taxonomy":"brand","embeddable":true,"href":"https:\/\/jubilerarbiszgdansk.pl\/en\/wp-json\/wp\/v2\/etheme_brands?post=6035"},{"taxonomy":"product_brand","embeddable":true,"href":"https:\/\/jubilerarbiszgdansk.pl\/en\/wp-json\/wp\/v2\/product_brand?post=6035"},{"taxonomy":"product_cat","embeddable":true,"href":"https:\/\/jubilerarbiszgdansk.pl\/en\/wp-json\/wp\/v2\/product_cat?post=6035"},{"taxonomy":"product_tag","embeddable":true,"href":"https:\/\/jubilerarbiszgdansk.pl\/en\/wp-json\/wp\/v2\/product_tag?post=6035"}],"curies":[{"name":"wp","href":"https:\/\/api.w.org\/{rel}","templated":true}]}}