{"id":60,"date":"2023-05-22T18:14:04","date_gmt":"2023-05-22T16:14:04","guid":{"rendered":"http:\/\/hosting2064503.online.pro\/autoinstalator\/wordpress1\/?post_type=product&#038;p=60"},"modified":"2025-11-10T11:39:56","modified_gmt":"2025-11-10T10:39:56","slug":"pierscionek-srebny-z-bursztynem-2","status":"publish","type":"product","link":"https:\/\/jubilerarbiszgdansk.pl\/en\/pierscionek-srebny-z-bursztynem-2\/","title":{"rendered":"Pier\u015bcionek srebny z bursztynem"},"content":{"rendered":"<p>Pi\u0119kny ,wydatny pir\u015bcionek z wyj\u0105tkowym bursztynem.Klasyczny,w romantycznym stylu.Charakteru dodaje mu oksydowane srebro.\u00a0<\/p>\n<p>&#8211; Srebro 925<\/p>\n<p>&#8211; 12,63 g\u00a0<\/p>\n<p>&#8211; Rozmiar 14\u00a0<\/p>","protected":false},"excerpt":{"rendered":"<p>Pier\u015bcionek z bursztynem o miodowo- cytrynowym odcieniu.<\/p>","protected":false},"featured_media":90,"template":"","meta":[],"etheme_brands":[],"product_brand":[],"product_cat":[17,51],"product_tag":[],"class_list":{"0":"post-60","1":"product","2":"type-product","3":"status-publish","4":"has-post-thumbnail","6":"product_cat-pierscionki-z-bursztynem","7":"product_cat-prezenty-do-500-zl","9":"first","10":"instock","11":"taxable","12":"shipping-taxable","13":"purchasable","14":"product-type-simple"},"_links":{"self":[{"href":"https:\/\/jubilerarbiszgdansk.pl\/en\/wp-json\/wp\/v2\/product\/60","targetHints":{"allow":["GET"]}}],"collection":[{"href":"https:\/\/jubilerarbiszgdansk.pl\/en\/wp-json\/wp\/v2\/product"}],"about":[{"href":"https:\/\/jubilerarbiszgdansk.pl\/en\/wp-json\/wp\/v2\/types\/product"}],"version-history":[{"count":0,"href":"https:\/\/jubilerarbiszgdansk.pl\/en\/wp-json\/wp\/v2\/product\/60\/revisions"}],"wp:featuredmedia":[{"embeddable":true,"href":"https:\/\/jubilerarbiszgdansk.pl\/en\/wp-json\/wp\/v2\/media\/90"}],"wp:attachment":[{"href":"https:\/\/jubilerarbiszgdansk.pl\/en\/wp-json\/wp\/v2\/media?parent=60"}],"wp:term":[{"taxonomy":"brand","embeddable":true,"href":"https:\/\/jubilerarbiszgdansk.pl\/en\/wp-json\/wp\/v2\/etheme_brands?post=60"},{"taxonomy":"product_brand","embeddable":true,"href":"https:\/\/jubilerarbiszgdansk.pl\/en\/wp-json\/wp\/v2\/product_brand?post=60"},{"taxonomy":"product_cat","embeddable":true,"href":"https:\/\/jubilerarbiszgdansk.pl\/en\/wp-json\/wp\/v2\/product_cat?post=60"},{"taxonomy":"product_tag","embeddable":true,"href":"https:\/\/jubilerarbiszgdansk.pl\/en\/wp-json\/wp\/v2\/product_tag?post=60"}],"curies":[{"name":"wp","href":"https:\/\/api.w.org\/{rel}","templated":true}]}}