{"id":5982,"date":"2025-11-10T16:58:49","date_gmt":"2025-11-10T15:58:49","guid":{"rendered":"https:\/\/jubilerarbiszgdansk.pl\/?post_type=product&#038;p=5982"},"modified":"2025-11-10T16:58:49","modified_gmt":"2025-11-10T15:58:49","slug":"bransoletka-z-kulek-bursztynu-koniakowo%e2%80%91mlecznego","status":"publish","type":"product","link":"https:\/\/jubilerarbiszgdansk.pl\/en\/bransoletka-z-kulek-bursztynu-koniakowo%e2%80%91mlecznego\/","title":{"rendered":"Bransoletka z kulek bursztynu koniakowo\u2011mlecznego"},"content":{"rendered":"<p data-start=\"189\" data-end=\"503\">Subtelna i elegancka bransoletka wykonana z <strong data-start=\"233\" data-end=\"270\">naturalnego bursztynu ba\u0142tyckiego<\/strong>, \u0142\u0105cz\u0105ca w sobie kulki <strong>w odcieniu koniakowo-mlecznym<\/strong>. Po\u0142\u0105czenie tych dw\u00f3ch ton\u00f3w tworzy harmonijn\u0105 kompozycj\u0119, kt\u00f3ra podkre\u015bla naturalne pi\u0119kno bursztynu i dodaje stylizacji wyj\u0105tkowego charakteru.<\/p>\n<p data-start=\"505\" data-end=\"655\">Bransoletka wykonana na elastycznej gumce zapewnia <strong data-start=\"556\" data-end=\"576\">komfort noszenia<\/strong>, a naturalne barwy bursztynu sprawiaj\u0105, \u017ce ka\u017cda sztuka jest niepowtarzalna.<\/p>\n<p data-start=\"657\" data-end=\"682\"><strong data-start=\"657\" data-end=\"680\">Szczeg\u00f3\u0142y produktu:<\/strong><\/p>\n<ul data-start=\"683\" data-end=\"979\">\n<li data-start=\"729\" data-end=\"774\">\n<p data-start=\"731\" data-end=\"774\"><strong data-start=\"731\" data-end=\"752\">Kolory bursztynu:<\/strong> koniakowo-mleczny<\/p>\n<\/li>\n<li data-start=\"775\" data-end=\"806\">\n<p data-start=\"777\" data-end=\"806\"><strong data-start=\"777\" data-end=\"793\">Wyko\u0144czenie:<\/strong> polerowane<\/p>\n<\/li>\n<li data-start=\"807\" data-end=\"837\">\n<p data-start=\"809\" data-end=\"837\"><strong data-start=\"809\" data-end=\"829\">Kszta\u0142t kamieni:<\/strong> kulki<\/p>\n<\/li>\n<li data-start=\"838\" data-end=\"886\">\n<p data-start=\"840\" data-end=\"886\"><strong data-start=\"840\" data-end=\"863\">Rodzaj bransoletki:<\/strong> na elastycznej gumce<\/p>\n<\/li>\n<li data-start=\"887\" data-end=\"932\">\n<p data-start=\"889\" data-end=\"932\"><strong data-start=\"889\" data-end=\"898\">Styl:<\/strong> elegancki, naturalny, klasyczny<\/p>\n<\/li>\n<\/ul>\n<p data-start=\"1221\" data-end=\"1456\"><strong data-start=\"1221\" data-end=\"1237\">Piel\u0119gnacja:<\/strong><br data-start=\"1237\" data-end=\"1240\" \/>Aby zachowa\u0107 pi\u0119kno bi\u017cuterii, unikaj kontaktu z wod\u0105, perfumami i detergentami. Czy\u015b\u0107 tylko przeznaczonymi do tego produktami i przechowuj w woreczku lub pude\u0142eczku jubilerskim aby zadba\u0107 o dobry wygl\u0105d bi\u017cuterii.<\/p>\n<p data-start=\"1221\" data-end=\"1456\">KOD PRODUKTU B21<\/p>","protected":false},"excerpt":{"rendered":"<p>Bransoletka z kulek bursztynu w odcieniu koniakowo-mlecznym to subtelny, elegancki dodatek, kt\u00f3ry podkre\u015bla naturalne pi\u0119kno kamieni. Idealna do codziennych i wyj\u0105tkowych stylizacji.<\/p>","protected":false},"featured_media":5950,"template":"","meta":[],"etheme_brands":[],"product_brand":[],"product_cat":[19,18,51],"product_tag":[],"class_list":{"0":"post-5982","1":"product","2":"type-product","3":"status-publish","4":"has-post-thumbnail","6":"product_cat-bizuteria-meska","7":"product_cat-bransoletki-z-bursztynu","8":"product_cat-prezenty-do-500-zl","10":"first","11":"instock","12":"taxable","13":"shipping-taxable","14":"purchasable","15":"product-type-simple"},"_links":{"self":[{"href":"https:\/\/jubilerarbiszgdansk.pl\/en\/wp-json\/wp\/v2\/product\/5982","targetHints":{"allow":["GET"]}}],"collection":[{"href":"https:\/\/jubilerarbiszgdansk.pl\/en\/wp-json\/wp\/v2\/product"}],"about":[{"href":"https:\/\/jubilerarbiszgdansk.pl\/en\/wp-json\/wp\/v2\/types\/product"}],"version-history":[{"count":0,"href":"https:\/\/jubilerarbiszgdansk.pl\/en\/wp-json\/wp\/v2\/product\/5982\/revisions"}],"wp:featuredmedia":[{"embeddable":true,"href":"https:\/\/jubilerarbiszgdansk.pl\/en\/wp-json\/wp\/v2\/media\/5950"}],"wp:attachment":[{"href":"https:\/\/jubilerarbiszgdansk.pl\/en\/wp-json\/wp\/v2\/media?parent=5982"}],"wp:term":[{"taxonomy":"brand","embeddable":true,"href":"https:\/\/jubilerarbiszgdansk.pl\/en\/wp-json\/wp\/v2\/etheme_brands?post=5982"},{"taxonomy":"product_brand","embeddable":true,"href":"https:\/\/jubilerarbiszgdansk.pl\/en\/wp-json\/wp\/v2\/product_brand?post=5982"},{"taxonomy":"product_cat","embeddable":true,"href":"https:\/\/jubilerarbiszgdansk.pl\/en\/wp-json\/wp\/v2\/product_cat?post=5982"},{"taxonomy":"product_tag","embeddable":true,"href":"https:\/\/jubilerarbiszgdansk.pl\/en\/wp-json\/wp\/v2\/product_tag?post=5982"}],"curies":[{"name":"wp","href":"https:\/\/api.w.org\/{rel}","templated":true}]}}