{"id":5978,"date":"2025-11-10T16:51:33","date_gmt":"2025-11-10T15:51:33","guid":{"rendered":"https:\/\/jubilerarbiszgdansk.pl\/?post_type=product&#038;p=5978"},"modified":"2025-11-10T16:51:34","modified_gmt":"2025-11-10T15:51:34","slug":"bransoletka-z-duzych-kulek-bursztynu-koniakowo%e2%80%91zielonego-i-srebra-925","status":"publish","type":"product","link":"https:\/\/jubilerarbiszgdansk.pl\/en\/bransoletka-z-duzych-kulek-bursztynu-koniakowo%e2%80%91zielonego-i-srebra-925\/","title":{"rendered":"Bransoletka z du\u017cych kulek bursztynu koniakowo\u2011zielonego i srebra 925"},"content":{"rendered":"<p data-start=\"243\" data-end=\"559\">Wyj\u0105tkowa bransoletka wykonana z <strong data-start=\"276\" data-end=\"327\">du\u017cych, naturalnych kulek bursztynu ba\u0142tyckiego<\/strong> w <strong data-start=\"330\" data-end=\"368\">odcieniach koniakowego i zielonego<\/strong>, kt\u00f3re pi\u0119knie wsp\u00f3\u0142graj\u0105, tworz\u0105c efektowny kontrast. Ka\u017cda kulka zosta\u0142a <strong data-start=\"444\" data-end=\"503\">prze\u0142o\u017cona delikatnymi przek\u0142adkami ze srebra pr\u00f3by 925<\/strong>, co dodaje bransoletce elegancji i subtelnego blasku.<\/p>\n<p data-start=\"561\" data-end=\"699\">Du\u017ce, naturalne kulki bursztynu przyci\u0105gaj\u0105 wzrok i podkre\u015blaj\u0105 indywidualny charakter bi\u017cuterii, czyni\u0105c j\u0105 wyj\u0105tkow\u0105 i niepowtarzaln\u0105.<\/p>\n<p data-start=\"701\" data-end=\"726\"><strong data-start=\"701\" data-end=\"724\">Szczeg\u00f3\u0142y produktu:<\/strong><\/p>\n<ul data-start=\"727\" data-end=\"1098\">\n<li data-start=\"785\" data-end=\"829\">\n<p data-start=\"787\" data-end=\"829\"><strong data-start=\"787\" data-end=\"808\">Kolory bursztynu:<\/strong> koniakowy, zielony<\/p>\n<\/li>\n<li data-start=\"862\" data-end=\"892\">\n<p data-start=\"864\" data-end=\"892\"><strong data-start=\"864\" data-end=\"884\">Kszta\u0142t kamieni:<\/strong> kulki<\/p>\n<\/li>\n<li data-start=\"941\" data-end=\"1005\">\n<p data-start=\"943\" data-end=\"1005\"><strong data-start=\"943\" data-end=\"966\">Rodzaj bransoletki:<\/strong> na elastycznej gumce<\/p>\n<\/li>\n<li data-start=\"1006\" data-end=\"1051\">\n<p data-start=\"1008\" data-end=\"1051\"><strong data-start=\"1008\" data-end=\"1017\">Styl:<\/strong> elegancki, naturalny, wyrazisty<\/p>\n<\/li>\n<\/ul>\n<p data-start=\"1309\" data-end=\"1544\"><strong data-start=\"1309\" data-end=\"1325\">Piel\u0119gnacja:<\/strong><br data-start=\"1325\" data-end=\"1328\" \/>Aby zachowa\u0107 pi\u0119kno bi\u017cuterii, unikaj kontaktu z wod\u0105, perfumami i detergentami. Czy\u015b\u0107 tylko przeznaczonymi do tego produktami i przechowuj w woreczku lub pude\u0142eczku jubilerskim aby zadba\u0107 o dobry wygl\u0105d bi\u017cuterii.<\/p>\n<p data-start=\"1309\" data-end=\"1544\">KOD PRODUKTU B19<\/p>","protected":false},"excerpt":{"rendered":"<p>Bransoletka z du\u017cych kulek bursztynu w odcieniach koniakowo\u2011zielonych, prze\u0142o\u017cona srebrnymi przek\u0142adkami 925, to efektowny i elegancki dodatek. Naturalny bursztyn przyci\u0105ga wzrok i podkre\u015bla indywidualny styl.<\/p>","protected":false},"featured_media":5953,"template":"","meta":[],"etheme_brands":[],"product_brand":[],"product_cat":[19,18,51],"product_tag":[],"class_list":{"0":"post-5978","1":"product","2":"type-product","3":"status-publish","4":"has-post-thumbnail","6":"product_cat-bizuteria-meska","7":"product_cat-bransoletki-z-bursztynu","8":"product_cat-prezenty-do-500-zl","10":"first","11":"instock","12":"taxable","13":"shipping-taxable","14":"purchasable","15":"product-type-simple"},"_links":{"self":[{"href":"https:\/\/jubilerarbiszgdansk.pl\/en\/wp-json\/wp\/v2\/product\/5978","targetHints":{"allow":["GET"]}}],"collection":[{"href":"https:\/\/jubilerarbiszgdansk.pl\/en\/wp-json\/wp\/v2\/product"}],"about":[{"href":"https:\/\/jubilerarbiszgdansk.pl\/en\/wp-json\/wp\/v2\/types\/product"}],"version-history":[{"count":0,"href":"https:\/\/jubilerarbiszgdansk.pl\/en\/wp-json\/wp\/v2\/product\/5978\/revisions"}],"wp:featuredmedia":[{"embeddable":true,"href":"https:\/\/jubilerarbiszgdansk.pl\/en\/wp-json\/wp\/v2\/media\/5953"}],"wp:attachment":[{"href":"https:\/\/jubilerarbiszgdansk.pl\/en\/wp-json\/wp\/v2\/media?parent=5978"}],"wp:term":[{"taxonomy":"brand","embeddable":true,"href":"https:\/\/jubilerarbiszgdansk.pl\/en\/wp-json\/wp\/v2\/etheme_brands?post=5978"},{"taxonomy":"product_brand","embeddable":true,"href":"https:\/\/jubilerarbiszgdansk.pl\/en\/wp-json\/wp\/v2\/product_brand?post=5978"},{"taxonomy":"product_cat","embeddable":true,"href":"https:\/\/jubilerarbiszgdansk.pl\/en\/wp-json\/wp\/v2\/product_cat?post=5978"},{"taxonomy":"product_tag","embeddable":true,"href":"https:\/\/jubilerarbiszgdansk.pl\/en\/wp-json\/wp\/v2\/product_tag?post=5978"}],"curies":[{"name":"wp","href":"https:\/\/api.w.org\/{rel}","templated":true}]}}