{"id":5976,"date":"2025-11-10T16:45:38","date_gmt":"2025-11-10T15:45:38","guid":{"rendered":"https:\/\/jubilerarbiszgdansk.pl\/?post_type=product&#038;p=5976"},"modified":"2025-11-10T16:45:39","modified_gmt":"2025-11-10T15:45:39","slug":"bransoletka-z-matowego-koniakowego-bursztynu-i-srebra-925","status":"publish","type":"product","link":"https:\/\/jubilerarbiszgdansk.pl\/en\/bransoletka-z-matowego-koniakowego-bursztynu-i-srebra-925\/","title":{"rendered":"Bransoletka z matowego koniakowego bursztynu i srebra 925"},"content":{"rendered":"<p data-start=\"191\" data-end=\"495\">Elegancka bransoletka wykonana z <strong data-start=\"224\" data-end=\"294\">matowych kulek bursztynu ba\u0142tyckiego w ciep\u0142ym koniakowym odcieniu<\/strong>, kt\u00f3re pi\u0119knie podkre\u015blaj\u0105 naturalne pi\u0119kno kamieni. Ka\u017cda kulka zosta\u0142a <strong data-start=\"368\" data-end=\"427\">prze\u0142o\u017cona delikatnymi przek\u0142adkami ze srebra pr\u00f3by 925<\/strong>, co dodaje bi\u017cuterii subtelnego blasku i klasycznego wyko\u0144czenia.<\/p>\n<p data-start=\"497\" data-end=\"690\">Po\u0142\u0105czenie matowego bursztynu i srebra tworzy elegancki kontrast, dzi\u0119ki kt\u00f3remu bransoletka jest uniwersalna i doskonale komponuje si\u0119 zar\u00f3wno z codziennymi, jak i wieczorowymi stylizacjami.<\/p>\n<p data-start=\"692\" data-end=\"717\"><strong data-start=\"692\" data-end=\"715\">Szczeg\u00f3\u0142y produktu:<\/strong><\/p>\n<ul data-start=\"718\" data-end=\"1075\">\n<li data-start=\"776\" data-end=\"810\">\n<p data-start=\"778\" data-end=\"810\"><strong data-start=\"778\" data-end=\"798\">Kolor bursztynu:<\/strong> koniakowy<\/p>\n<\/li>\n<li data-start=\"811\" data-end=\"838\">\n<p data-start=\"813\" data-end=\"838\"><strong data-start=\"813\" data-end=\"829\">Wyko\u0144czenie:<\/strong> matowe<\/p>\n<\/li>\n<li data-start=\"839\" data-end=\"869\">\n<p data-start=\"841\" data-end=\"869\"><strong data-start=\"841\" data-end=\"861\">Kszta\u0142t kamieni:<\/strong> kulki<\/p>\n<\/li>\n<li data-start=\"918\" data-end=\"982\">\n<p data-start=\"920\" data-end=\"982\"><strong data-start=\"920\" data-end=\"943\">Rodzaj bransoletki:<\/strong> na elastycznej gumce<\/p>\n<\/li>\n<li data-start=\"983\" data-end=\"1028\">\n<p data-start=\"985\" data-end=\"1028\"><strong data-start=\"985\" data-end=\"994\">Styl:<\/strong> klasyczny, elegancki, naturalny<\/p>\n<\/li>\n<\/ul>\n<p data-start=\"1320\" data-end=\"1555\"><strong data-start=\"1320\" data-end=\"1336\">Piel\u0119gnacja:<\/strong><br data-start=\"1336\" data-end=\"1339\" \/>Aby zachowa\u0107 pi\u0119kno bi\u017cuterii, unikaj kontaktu z wod\u0105, perfumami i detergentami. Czy\u015b\u0107 tylko przeznaczonymi do tego produktami i przechowuj w woreczku lub pude\u0142eczku jubilerskim aby zadba\u0107 o dobry wygl\u0105d bi\u017cuterii.<\/p>\n<p data-start=\"1320\" data-end=\"1555\">KOD PRODUKTU B24<\/p>","protected":false},"excerpt":{"rendered":"<p>Bransoletka z matowego koniakowego bursztynu przeplatana srebrnymi przek\u0142adkami 925 to klasyka naturalnego pi\u0119kna. Elegancka, uniwersalna i pe\u0142na subtelnego blasku \u2013 idealna do ka\u017cdej stylizacji.<\/p>","protected":false},"featured_media":5954,"template":"","meta":[],"etheme_brands":[],"product_brand":[],"product_cat":[19,18,51],"product_tag":[],"class_list":{"0":"post-5976","1":"product","2":"type-product","3":"status-publish","4":"has-post-thumbnail","6":"product_cat-bizuteria-meska","7":"product_cat-bransoletki-z-bursztynu","8":"product_cat-prezenty-do-500-zl","10":"first","11":"instock","12":"taxable","13":"shipping-taxable","14":"purchasable","15":"product-type-simple"},"_links":{"self":[{"href":"https:\/\/jubilerarbiszgdansk.pl\/en\/wp-json\/wp\/v2\/product\/5976","targetHints":{"allow":["GET"]}}],"collection":[{"href":"https:\/\/jubilerarbiszgdansk.pl\/en\/wp-json\/wp\/v2\/product"}],"about":[{"href":"https:\/\/jubilerarbiszgdansk.pl\/en\/wp-json\/wp\/v2\/types\/product"}],"version-history":[{"count":0,"href":"https:\/\/jubilerarbiszgdansk.pl\/en\/wp-json\/wp\/v2\/product\/5976\/revisions"}],"wp:featuredmedia":[{"embeddable":true,"href":"https:\/\/jubilerarbiszgdansk.pl\/en\/wp-json\/wp\/v2\/media\/5954"}],"wp:attachment":[{"href":"https:\/\/jubilerarbiszgdansk.pl\/en\/wp-json\/wp\/v2\/media?parent=5976"}],"wp:term":[{"taxonomy":"brand","embeddable":true,"href":"https:\/\/jubilerarbiszgdansk.pl\/en\/wp-json\/wp\/v2\/etheme_brands?post=5976"},{"taxonomy":"product_brand","embeddable":true,"href":"https:\/\/jubilerarbiszgdansk.pl\/en\/wp-json\/wp\/v2\/product_brand?post=5976"},{"taxonomy":"product_cat","embeddable":true,"href":"https:\/\/jubilerarbiszgdansk.pl\/en\/wp-json\/wp\/v2\/product_cat?post=5976"},{"taxonomy":"product_tag","embeddable":true,"href":"https:\/\/jubilerarbiszgdansk.pl\/en\/wp-json\/wp\/v2\/product_tag?post=5976"}],"curies":[{"name":"wp","href":"https:\/\/api.w.org\/{rel}","templated":true}]}}