{"id":5972,"date":"2025-11-10T16:40:25","date_gmt":"2025-11-10T15:40:25","guid":{"rendered":"https:\/\/jubilerarbiszgdansk.pl\/?post_type=product&#038;p=5972"},"modified":"2025-11-10T16:40:26","modified_gmt":"2025-11-10T15:40:26","slug":"bransoletka-z-matowego-koniakowego-bursztynu-i-pozlacanego-srebra-925","status":"publish","type":"product","link":"https:\/\/jubilerarbiszgdansk.pl\/en\/bransoletka-z-matowego-koniakowego-bursztynu-i-pozlacanego-srebra-925\/","title":{"rendered":"Bransoletka z matowego koniakowego bursztynu i poz\u0142acanego srebra 925"},"content":{"rendered":"<p data-start=\"216\" data-end=\"527\">Elegancka bransoletka wykonana z <strong data-start=\"249\" data-end=\"320\">matowych kulek bursztynu ba\u0142tyckiego w ciep\u0142ym, koniakowym odcieniu<\/strong>, kt\u00f3re pi\u0119knie podkre\u015blaj\u0105 naturalny charakter bursztynu. Ka\u017cda kulka zosta\u0142a <strong data-start=\"399\" data-end=\"458\">prze\u0142o\u017cona poz\u0142acanymi przek\u0142adkami ze srebra pr\u00f3by 925<\/strong>, co dodaje bi\u017cuterii subtelnego blasku i szlachetnego wyko\u0144czenia.<\/p>\n<p data-start=\"529\" data-end=\"741\">Po\u0142\u0105czenie matowego bursztynu z delikatnym z\u0142oceniem tworzy efektowny kontrast, dzi\u0119ki kt\u00f3remu bransoletka jest zarazem elegancka i uniwersalna \u2013 doskona\u0142a zar\u00f3wno do codziennych, jak i wieczorowych stylizacji.<\/p>\n<p data-start=\"743\" data-end=\"768\"><strong data-start=\"743\" data-end=\"766\">Szczeg\u00f3\u0142y produktu:<\/strong><\/p>\n<ul data-start=\"769\" data-end=\"1148\">\n<li data-start=\"837\" data-end=\"871\">\n<p data-start=\"839\" data-end=\"871\"><strong data-start=\"839\" data-end=\"859\">Kolor bursztynu:<\/strong> koniakowy<\/p>\n<\/li>\n<li data-start=\"872\" data-end=\"899\">\n<p data-start=\"874\" data-end=\"899\"><strong data-start=\"874\" data-end=\"890\">Wyko\u0144czenie:<\/strong> matowe<\/p>\n<\/li>\n<li data-start=\"900\" data-end=\"930\">\n<p data-start=\"902\" data-end=\"930\"><strong data-start=\"902\" data-end=\"922\">Kszta\u0142t kamieni:<\/strong> kulki<\/p>\n<\/li>\n<li data-start=\"991\" data-end=\"1055\">\n<p data-start=\"993\" data-end=\"1055\"><strong data-start=\"993\" data-end=\"1016\">Rodzaj bransoletki:<\/strong> na elastycznej gumce<\/p>\n<\/li>\n<li data-start=\"1056\" data-end=\"1101\">\n<p data-start=\"1058\" data-end=\"1101\"><strong data-start=\"1058\" data-end=\"1067\">Styl:<\/strong> klasyczny, elegancki, naturalny<\/p>\n<\/li>\n<\/ul>\n<p data-start=\"1399\" data-end=\"1634\"><strong data-start=\"1399\" data-end=\"1415\">Piel\u0119gnacja:<\/strong><br data-start=\"1415\" data-end=\"1418\" \/>Aby zachowa\u0107 pi\u0119kno bi\u017cuterii, unikaj kontaktu z wod\u0105, perfumami i detergentami. Czy\u015b\u0107 tylko przeznaczonymi do tego produktami i przechowuj w woreczku lub pude\u0142eczku jubilerskim aby zadba\u0107 o dobry wygl\u0105d bi\u017cuterii.<\/p>\n<p data-start=\"1399\" data-end=\"1634\">KOD PRODUKTU B16<\/p>","protected":false},"excerpt":{"rendered":"<p>Bransoletka z matowego koniakowego bursztynu przeplatana poz\u0142acanym srebrem 925 to po\u0142\u0105czenie naturalnego ciep\u0142a i elegancji. Subtelny po\u0142ysk z\u0142ota pi\u0119knie kontrastuje z matow\u0105 faktur\u0105 bursztynu, tworz\u0105c wyj\u0105tkowy, szlachetny dodatek<\/p>","protected":false},"featured_media":5956,"template":"","meta":[],"etheme_brands":[],"product_brand":[],"product_cat":[51,19,18],"product_tag":[],"class_list":{"0":"post-5972","1":"product","2":"type-product","3":"status-publish","4":"has-post-thumbnail","6":"product_cat-prezenty-do-500-zl","7":"product_cat-bizuteria-meska","8":"product_cat-bransoletki-z-bursztynu","10":"first","11":"instock","12":"taxable","13":"shipping-taxable","14":"purchasable","15":"product-type-simple"},"_links":{"self":[{"href":"https:\/\/jubilerarbiszgdansk.pl\/en\/wp-json\/wp\/v2\/product\/5972","targetHints":{"allow":["GET"]}}],"collection":[{"href":"https:\/\/jubilerarbiszgdansk.pl\/en\/wp-json\/wp\/v2\/product"}],"about":[{"href":"https:\/\/jubilerarbiszgdansk.pl\/en\/wp-json\/wp\/v2\/types\/product"}],"version-history":[{"count":0,"href":"https:\/\/jubilerarbiszgdansk.pl\/en\/wp-json\/wp\/v2\/product\/5972\/revisions"}],"wp:featuredmedia":[{"embeddable":true,"href":"https:\/\/jubilerarbiszgdansk.pl\/en\/wp-json\/wp\/v2\/media\/5956"}],"wp:attachment":[{"href":"https:\/\/jubilerarbiszgdansk.pl\/en\/wp-json\/wp\/v2\/media?parent=5972"}],"wp:term":[{"taxonomy":"brand","embeddable":true,"href":"https:\/\/jubilerarbiszgdansk.pl\/en\/wp-json\/wp\/v2\/etheme_brands?post=5972"},{"taxonomy":"product_brand","embeddable":true,"href":"https:\/\/jubilerarbiszgdansk.pl\/en\/wp-json\/wp\/v2\/product_brand?post=5972"},{"taxonomy":"product_cat","embeddable":true,"href":"https:\/\/jubilerarbiszgdansk.pl\/en\/wp-json\/wp\/v2\/product_cat?post=5972"},{"taxonomy":"product_tag","embeddable":true,"href":"https:\/\/jubilerarbiszgdansk.pl\/en\/wp-json\/wp\/v2\/product_tag?post=5972"}],"curies":[{"name":"wp","href":"https:\/\/api.w.org\/{rel}","templated":true}]}}