{"id":5964,"date":"2025-11-10T16:24:00","date_gmt":"2025-11-10T15:24:00","guid":{"rendered":"https:\/\/jubilerarbiszgdansk.pl\/?post_type=product&#038;p=5964"},"modified":"2025-11-10T16:24:01","modified_gmt":"2025-11-10T15:24:01","slug":"bransoletka-z-mlecznego-bursztynu-z-kolorowym-akcentem","status":"publish","type":"product","link":"https:\/\/jubilerarbiszgdansk.pl\/en\/bransoletka-z-mlecznego-bursztynu-z-kolorowym-akcentem\/","title":{"rendered":"Bransoletka z mlecznego bursztynu z kolorowym akcentem"},"content":{"rendered":"<p data-start=\"252\" data-end=\"555\">Subtelna i elegancka bransoletka wykonana z <strong data-start=\"296\" data-end=\"337\">kulek mlecznego bursztynu ba\u0142tyckiego<\/strong>, kt\u00f3rej centraln\u0105 cz\u0119\u015b\u0107 zdobi\u0105 <strong data-start=\"369\" data-end=\"435\">trzy kulki w r\u00f3\u017cnych kolorach: mlecznym, zielonym i koniakowym<\/strong>. Kolorowe elementy zosta\u0142y <strong data-start=\"463\" data-end=\"515\">prze\u0142o\u017cone srebrnymi kulkami ze srebra pr\u00f3by 925<\/strong>, co dodaje ca\u0142o\u015bci lekko\u015bci i blasku.<\/p>\n<p data-start=\"557\" data-end=\"767\">Po\u0142\u0105czenie harmonijnych barw bursztynu oraz delikatnych srebrnych akcent\u00f3w tworzy wyj\u0105tkow\u0105 kompozycj\u0119, pe\u0142n\u0105 naturalnego uroku. To doskona\u0142a propozycja dla os\u00f3b, kt\u00f3re ceni\u0105 <strong data-start=\"732\" data-end=\"764\">klasyk\u0119 z nut\u0105 oryginalno\u015bci<\/strong>.<\/p>\n<p data-start=\"769\" data-end=\"794\"><strong data-start=\"769\" data-end=\"792\">Szczeg\u00f3\u0142y produktu:<\/strong><\/p>\n<ul data-start=\"795\" data-end=\"1175\">\n<li data-start=\"859\" data-end=\"912\">\n<p data-start=\"861\" data-end=\"912\"><strong data-start=\"861\" data-end=\"882\">Kolory bursztynu:<\/strong> mleczny, zielony, koniakowy<\/p>\n<\/li>\n<li data-start=\"945\" data-end=\"975\">\n<p data-start=\"947\" data-end=\"975\"><strong data-start=\"947\" data-end=\"967\">Kszta\u0142t kamieni:<\/strong> kulki<\/p>\n<\/li>\n<li data-start=\"976\" data-end=\"1017\">\n<p data-start=\"978\" data-end=\"1017\"><strong data-start=\"978\" data-end=\"990\">Dodatki:<\/strong> przek\u0142adki ze srebra 925<\/p>\n<\/li>\n<li data-start=\"1018\" data-end=\"1082\">\n<p data-start=\"1020\" data-end=\"1082\"><strong data-start=\"1020\" data-end=\"1043\">Rodzaj bransoletki:<\/strong> na elastycznej gumce<\/p>\n<\/li>\n<li data-start=\"1083\" data-end=\"1128\">\n<p data-start=\"1085\" data-end=\"1128\"><strong data-start=\"1085\" data-end=\"1094\">Styl:<\/strong> elegancki, klasyczny, naturalny<\/p>\n<\/li>\n<\/ul>\n<p><strong data-start=\"1485\" data-end=\"1501\">Piel\u0119gnacja:<\/strong><br data-start=\"1501\" data-end=\"1504\" \/>Aby zachowa\u0107 pi\u0119kno bi\u017cuterii, unikaj kontaktu z wod\u0105, perfumami i detergentami. Czy\u015b\u0107 tylko przeznaczonymi do tego produktami i przechowuj w woreczku lub pude\u0142eczku jubilerskim aby zadba\u0107 o dobry wygl\u0105d bi\u017cuterii.<\/p>\n<p>KOD PRODUKTU B01<\/p>","protected":false},"excerpt":{"rendered":"<p>Bransoletka z mlecznego bursztynu z kolorowym akcentem \u2013 trzy kulki w odcieniach mlecznym, zielonym i koniakowym, prze\u0142o\u017cone srebrnymi elementami 925. Subtelna elegancja i naturalne pi\u0119kno w idealnej harmonii.<\/p>","protected":false},"featured_media":5948,"template":"","meta":[],"etheme_brands":[],"product_brand":[],"product_cat":[49,18],"product_tag":[],"class_list":{"0":"post-5964","1":"product","2":"type-product","3":"status-publish","4":"has-post-thumbnail","6":"product_cat-prezenty-do-300-zl","7":"product_cat-bransoletki-z-bursztynu","9":"first","10":"instock","11":"taxable","12":"shipping-taxable","13":"purchasable","14":"product-type-simple"},"_links":{"self":[{"href":"https:\/\/jubilerarbiszgdansk.pl\/en\/wp-json\/wp\/v2\/product\/5964","targetHints":{"allow":["GET"]}}],"collection":[{"href":"https:\/\/jubilerarbiszgdansk.pl\/en\/wp-json\/wp\/v2\/product"}],"about":[{"href":"https:\/\/jubilerarbiszgdansk.pl\/en\/wp-json\/wp\/v2\/types\/product"}],"version-history":[{"count":0,"href":"https:\/\/jubilerarbiszgdansk.pl\/en\/wp-json\/wp\/v2\/product\/5964\/revisions"}],"wp:featuredmedia":[{"embeddable":true,"href":"https:\/\/jubilerarbiszgdansk.pl\/en\/wp-json\/wp\/v2\/media\/5948"}],"wp:attachment":[{"href":"https:\/\/jubilerarbiszgdansk.pl\/en\/wp-json\/wp\/v2\/media?parent=5964"}],"wp:term":[{"taxonomy":"brand","embeddable":true,"href":"https:\/\/jubilerarbiszgdansk.pl\/en\/wp-json\/wp\/v2\/etheme_brands?post=5964"},{"taxonomy":"product_brand","embeddable":true,"href":"https:\/\/jubilerarbiszgdansk.pl\/en\/wp-json\/wp\/v2\/product_brand?post=5964"},{"taxonomy":"product_cat","embeddable":true,"href":"https:\/\/jubilerarbiszgdansk.pl\/en\/wp-json\/wp\/v2\/product_cat?post=5964"},{"taxonomy":"product_tag","embeddable":true,"href":"https:\/\/jubilerarbiszgdansk.pl\/en\/wp-json\/wp\/v2\/product_tag?post=5964"}],"curies":[{"name":"wp","href":"https:\/\/api.w.org\/{rel}","templated":true}]}}