{"id":5962,"date":"2025-11-10T15:47:07","date_gmt":"2025-11-10T14:47:07","guid":{"rendered":"https:\/\/jubilerarbiszgdansk.pl\/?post_type=product&#038;p=5962"},"modified":"2025-11-10T16:32:32","modified_gmt":"2025-11-10T15:32:32","slug":"bransoletka-z-matowego-ciemnego-bursztynu-z-miodowym-akcentem","status":"publish","type":"product","link":"https:\/\/jubilerarbiszgdansk.pl\/en\/bransoletka-z-matowego-ciemnego-bursztynu-z-miodowym-akcentem\/","title":{"rendered":"Bransoletka z matowego ciemnego bursztynu z miodowym akcentem"},"content":{"rendered":"<p data-start=\"261\" data-end=\"585\">Elegancka i subtelna bransoletka wykonana z <strong data-start=\"305\" data-end=\"361\">matowych kulek bardzo ciemnego bursztynu ba\u0142tyckiego<\/strong>, po\u015brodku kt\u00f3rej znajduje si\u0119 <strong data-start=\"392\" data-end=\"442\">b\u0142yszcz\u0105ca kulka bursztynu w odcieniu miodowym<\/strong>. Centralny element zosta\u0142 ozdobiony <strong data-start=\"479\" data-end=\"528\">przek\u0142adkami ze srebra pr\u00f3by 925, poz\u0142acanego<\/strong>, kt\u00f3re dodaj\u0105 ca\u0142o\u015bci delikatnego, luksusowego blasku.<\/p>\n<p data-start=\"587\" data-end=\"764\">Kontrast mi\u0119dzy g\u0142\u0119bokim, ciemnym bursztynem a jasnym, miodowym \u015brodkiem tworzy efektown\u0105, harmonijn\u0105 kompozycj\u0119, kt\u00f3ra przyci\u0105ga wzrok i podkre\u015bla naturalne pi\u0119kno bursztynu.<\/p>\n<p data-start=\"766\" data-end=\"791\"><strong data-start=\"766\" data-end=\"789\">Szczeg\u00f3\u0142y produktu:<\/strong><\/p>\n<ul data-start=\"792\" data-end=\"1216\">\n<li data-start=\"860\" data-end=\"930\">\n<p data-start=\"862\" data-end=\"930\"><strong data-start=\"862\" data-end=\"882\">Kolor bursztynu:<\/strong> bardzo ciemny (matowy) i miodowy (b\u0142yszcz\u0105cy)<\/p>\n<\/li>\n<li data-start=\"931\" data-end=\"971\">\n<p data-start=\"933\" data-end=\"971\"><strong data-start=\"933\" data-end=\"949\">Wyko\u0144czenie:<\/strong> matowe i polerowane<\/p>\n<\/li>\n<li data-start=\"972\" data-end=\"1002\">\n<p data-start=\"974\" data-end=\"1002\"><strong data-start=\"974\" data-end=\"994\">Kszta\u0142t kamieni:<\/strong> kulki<\/p>\n<\/li>\n<li data-start=\"1003\" data-end=\"1056\">\n<p data-start=\"1005\" data-end=\"1056\"><strong data-start=\"1005\" data-end=\"1017\">Dodatki:<\/strong> przek\u0142adki ze srebra 925 poz\u0142acanego<\/p>\n<\/li>\n<li data-start=\"1057\" data-end=\"1121\">\n<p data-start=\"1059\" data-end=\"1121\"><strong data-start=\"1059\" data-end=\"1082\">Rodzaj bransoletki:<\/strong> na elastycznej gumce<\/p>\n<\/li>\n<li data-start=\"1122\" data-end=\"1169\">\n<p data-start=\"1124\" data-end=\"1169\"><strong data-start=\"1124\" data-end=\"1133\">Styl:<\/strong> elegancki, kontrastowy, naturalny<\/p>\n<\/li>\n<\/ul>\n<p><strong data-start=\"1559\" data-end=\"1575\">Piel\u0119gnacja:<\/strong><br data-start=\"1575\" data-end=\"1578\" \/>Aby zachowa\u0107 pi\u0119kno bi\u017cuterii, unikaj kontaktu z wod\u0105, perfumami i detergentami. Czy\u015b\u0107 tylko przeznaczonymi do tego produktami i przechowuj w woreczku lub pude\u0142eczku jubilerskim aby zadba\u0107 o dobry wygl\u0105d bi\u017cuterii.<\/p>\n<p>KOD PRODUKTU B25<\/p>","protected":false},"excerpt":{"rendered":"<p>Bransoletka z matowego, ciemnego bursztynu z b\u0142yszcz\u0105c\u0105 kulk\u0105 miodowego bursztynu po\u015brodku i poz\u0142acanymi przek\u0142adkami ze srebra 925. Kontrast faktur i kolor\u00f3w tworzy elegancki, harmonijny dodatek pe\u0142en naturalnego uroku.<\/p>","protected":false},"featured_media":5942,"template":"","meta":[],"etheme_brands":[],"product_brand":[],"product_cat":[18,19,49],"product_tag":[],"class_list":{"0":"post-5962","1":"product","2":"type-product","3":"status-publish","4":"has-post-thumbnail","6":"product_cat-bransoletki-z-bursztynu","7":"product_cat-bizuteria-meska","8":"product_cat-prezenty-do-300-zl","10":"first","11":"instock","12":"taxable","13":"shipping-taxable","14":"purchasable","15":"product-type-simple"},"_links":{"self":[{"href":"https:\/\/jubilerarbiszgdansk.pl\/en\/wp-json\/wp\/v2\/product\/5962","targetHints":{"allow":["GET"]}}],"collection":[{"href":"https:\/\/jubilerarbiszgdansk.pl\/en\/wp-json\/wp\/v2\/product"}],"about":[{"href":"https:\/\/jubilerarbiszgdansk.pl\/en\/wp-json\/wp\/v2\/types\/product"}],"version-history":[{"count":0,"href":"https:\/\/jubilerarbiszgdansk.pl\/en\/wp-json\/wp\/v2\/product\/5962\/revisions"}],"wp:featuredmedia":[{"embeddable":true,"href":"https:\/\/jubilerarbiszgdansk.pl\/en\/wp-json\/wp\/v2\/media\/5942"}],"wp:attachment":[{"href":"https:\/\/jubilerarbiszgdansk.pl\/en\/wp-json\/wp\/v2\/media?parent=5962"}],"wp:term":[{"taxonomy":"brand","embeddable":true,"href":"https:\/\/jubilerarbiszgdansk.pl\/en\/wp-json\/wp\/v2\/etheme_brands?post=5962"},{"taxonomy":"product_brand","embeddable":true,"href":"https:\/\/jubilerarbiszgdansk.pl\/en\/wp-json\/wp\/v2\/product_brand?post=5962"},{"taxonomy":"product_cat","embeddable":true,"href":"https:\/\/jubilerarbiszgdansk.pl\/en\/wp-json\/wp\/v2\/product_cat?post=5962"},{"taxonomy":"product_tag","embeddable":true,"href":"https:\/\/jubilerarbiszgdansk.pl\/en\/wp-json\/wp\/v2\/product_tag?post=5962"}],"curies":[{"name":"wp","href":"https:\/\/api.w.org\/{rel}","templated":true}]}}