{"id":5960,"date":"2025-11-10T15:35:51","date_gmt":"2025-11-10T14:35:51","guid":{"rendered":"https:\/\/jubilerarbiszgdansk.pl\/?post_type=product&#038;p=5960"},"modified":"2025-11-10T17:00:28","modified_gmt":"2025-11-10T16:00:28","slug":"bransoletka-z-matowego-i-polerowanego-bursztynu","status":"publish","type":"product","link":"https:\/\/jubilerarbiszgdansk.pl\/en\/bransoletka-z-matowego-i-polerowanego-bursztynu\/","title":{"rendered":"Bransoletka z matowego i polerowanego bursztynu"},"content":{"rendered":"<p data-start=\"238\" data-end=\"516\">Wyj\u0105tkowa bransoletka wykonana z <strong data-start=\"271\" data-end=\"308\">naturalnego bursztynu ba\u0142tyckiego<\/strong>, \u0142\u0105cz\u0105ca w sobie <strong data-start=\"326\" data-end=\"358\">matowe i polerowane elementy<\/strong> w odcieniach <strong data-start=\"372\" data-end=\"402\">jasnego i ciemnego koniaku<\/strong>. Kawa\u0142ki bursztynu maj\u0105 <strong data-start=\"427\" data-end=\"458\">r\u00f3\u017cne geometryczne kszta\u0142ty<\/strong>, co nadaje bi\u017cuterii nowoczesny, artystyczny charakter, elegancji dodaj\u0105 przek\u0142adki ze srebra poz\u0142acanego pr\u00f3by 925.<\/p>\n<p data-start=\"518\" data-end=\"709\">Kontrast pomi\u0119dzy po\u0142yskiem a matowo\u015bci\u0105 oraz gra ciep\u0142ych bursztynowych ton\u00f3w sprawiaj\u0105, \u017ce bransoletka prezentuje si\u0119 niezwykle efektownie, zachowuj\u0105c przy tym naturalny urok i elegancj\u0119.<\/p>\n<p data-start=\"711\" data-end=\"736\"><strong data-start=\"711\" data-end=\"734\">Szczeg\u00f3\u0142y produktu:<\/strong><\/p>\n<ul data-start=\"737\" data-end=\"1088\">\n<li data-start=\"783\" data-end=\"836\">\n<p data-start=\"785\" data-end=\"836\"><strong data-start=\"785\" data-end=\"806\">Kolory bursztynu:<\/strong> jasny koniak, ciemny koniak<\/p>\n<\/li>\n<li data-start=\"837\" data-end=\"877\">\n<p data-start=\"839\" data-end=\"877\"><strong data-start=\"839\" data-end=\"855\">Wyko\u0144czenie:<\/strong> matowe i polerowane<\/p>\n<\/li>\n<li data-start=\"878\" data-end=\"927\">\n<p data-start=\"880\" data-end=\"927\"><strong data-start=\"880\" data-end=\"900\">Kszta\u0142t kamieni:<\/strong> r\u00f3\u017cne formy geometryczne<\/p>\n<\/li>\n<li data-start=\"928\" data-end=\"992\">\n<p data-start=\"930\" data-end=\"992\"><strong data-start=\"930\" data-end=\"953\">Rodzaj bransoletki:<\/strong> na elastycznej gumce<\/p>\n<\/li>\n<li data-start=\"993\" data-end=\"1041\">\n<p data-start=\"995\" data-end=\"1041\"><strong data-start=\"995\" data-end=\"1004\">Styl:<\/strong> elegancki, geometryczny, naturalny<\/p>\n<\/li>\n<\/ul>\n<p><strong data-start=\"1405\" data-end=\"1421\">Piel\u0119gnacja:<\/strong><br data-start=\"1421\" data-end=\"1424\" \/>Aby zachowa\u0107 pi\u0119kno bi\u017cuterii, unikaj kontaktu z wod\u0105, perfumami i detergentami. Czy\u015b\u0107 tylko przeznaczonymi do tego produktami i przechowuj w woreczku lub pude\u0142eczku jubilerskim aby zadba\u0107 o dobry wygl\u0105d bi\u017cuterii.<\/p>\n<p>KOD PRODUKTU B23<\/p>","protected":false},"excerpt":{"rendered":"<p>Geometryczna bransoletka z bursztynu w odcieniach koniaku zachwyca gr\u0105 \u015bwiat\u0142a i faktur. Idealna dla kobiet, kt\u00f3re lubi\u0105 wyr\u00f3\u017cnia\u0107 si\u0119 subteln\u0105 oryginalno\u015bci\u0105.<\/p>","protected":false},"featured_media":5941,"template":"","meta":[],"etheme_brands":[],"product_brand":[],"product_cat":[18,52],"product_tag":[],"class_list":{"0":"post-5960","1":"product","2":"type-product","3":"status-publish","4":"has-post-thumbnail","6":"product_cat-bransoletki-z-bursztynu","7":"product_cat-prezenty-premium","9":"first","10":"instock","11":"taxable","12":"shipping-taxable","13":"purchasable","14":"product-type-simple"},"_links":{"self":[{"href":"https:\/\/jubilerarbiszgdansk.pl\/en\/wp-json\/wp\/v2\/product\/5960","targetHints":{"allow":["GET"]}}],"collection":[{"href":"https:\/\/jubilerarbiszgdansk.pl\/en\/wp-json\/wp\/v2\/product"}],"about":[{"href":"https:\/\/jubilerarbiszgdansk.pl\/en\/wp-json\/wp\/v2\/types\/product"}],"version-history":[{"count":0,"href":"https:\/\/jubilerarbiszgdansk.pl\/en\/wp-json\/wp\/v2\/product\/5960\/revisions"}],"wp:featuredmedia":[{"embeddable":true,"href":"https:\/\/jubilerarbiszgdansk.pl\/en\/wp-json\/wp\/v2\/media\/5941"}],"wp:attachment":[{"href":"https:\/\/jubilerarbiszgdansk.pl\/en\/wp-json\/wp\/v2\/media?parent=5960"}],"wp:term":[{"taxonomy":"brand","embeddable":true,"href":"https:\/\/jubilerarbiszgdansk.pl\/en\/wp-json\/wp\/v2\/etheme_brands?post=5960"},{"taxonomy":"product_brand","embeddable":true,"href":"https:\/\/jubilerarbiszgdansk.pl\/en\/wp-json\/wp\/v2\/product_brand?post=5960"},{"taxonomy":"product_cat","embeddable":true,"href":"https:\/\/jubilerarbiszgdansk.pl\/en\/wp-json\/wp\/v2\/product_cat?post=5960"},{"taxonomy":"product_tag","embeddable":true,"href":"https:\/\/jubilerarbiszgdansk.pl\/en\/wp-json\/wp\/v2\/product_tag?post=5960"}],"curies":[{"name":"wp","href":"https:\/\/api.w.org\/{rel}","templated":true}]}}