{"id":5932,"date":"2025-11-10T15:24:35","date_gmt":"2025-11-10T14:24:35","guid":{"rendered":"https:\/\/jubilerarbiszgdansk.pl\/?post_type=product&#038;p=5932"},"modified":"2025-11-10T15:26:26","modified_gmt":"2025-11-10T14:26:26","slug":"bransoletka-z-koniakowego-bursztynu-o-nieregularnych-ksztaltach","status":"publish","type":"product","link":"https:\/\/jubilerarbiszgdansk.pl\/en\/bransoletka-z-koniakowego-bursztynu-o-nieregularnych-ksztaltach\/","title":{"rendered":"Bransoletka z koniakowego bursztynu o nieregularnych kszta\u0142tach"},"content":{"rendered":"<p data-start=\"255\" data-end=\"563\">Elegancka bransoletka wykonana z <strong data-start=\"288\" data-end=\"347\">naturalnego bursztynu ba\u0142tyckiego w odcieniu koniakowym<\/strong>, zachowanego w <strong data-start=\"363\" data-end=\"392\">nieregularnych kszta\u0142tach<\/strong>, kt\u00f3re podkre\u015blaj\u0105 autentyczno\u015b\u0107 i naturalne pochodzenie kamieni. Ka\u017cdy element jest inny, dzi\u0119ki czemu bransoletka jest absolutnie <strong data-start=\"531\" data-end=\"560\">unikalna i niepowtarzalna<\/strong>.<\/p>\n<p data-start=\"565\" data-end=\"785\">Ca\u0142o\u015b\u0107 uzupe\u0142nia<strong data-start=\"582\" data-end=\"622\">\u00a0zapi\u0119cie ze srebra pr\u00f3by 925<\/strong>, kt\u00f3re dodaje bi\u017cuterii elegancji i zapewnia trwa\u0142o\u015b\u0107. Po\u0142\u0105czenie ciep\u0142ego koloru bursztynu i ch\u0142odnego blasku srebra tworzy klasyczn\u0105, ponadczasow\u0105 kompozycj\u0119.<\/p>\n<p data-start=\"787\" data-end=\"812\"><strong data-start=\"787\" data-end=\"810\">Szczeg\u00f3\u0142y produktu:<\/strong><\/p>\n<ul data-start=\"813\" data-end=\"1120\">\n<li data-start=\"877\" data-end=\"911\">\n<p data-start=\"879\" data-end=\"911\"><strong data-start=\"879\" data-end=\"899\">Kolor bursztynu:<\/strong> koniakowy<\/p>\n<\/li>\n<li data-start=\"912\" data-end=\"966\">\n<p data-start=\"914\" data-end=\"966\"><strong data-start=\"914\" data-end=\"934\">Kszta\u0142t kamieni:<\/strong> nieregularny<\/p>\n<\/li>\n<li data-start=\"1028\" data-end=\"1073\">\n<p data-start=\"1030\" data-end=\"1073\"><strong data-start=\"1030\" data-end=\"1039\">Styl:<\/strong> klasyczny, naturalny<\/p>\n<\/li>\n<\/ul>\n<p data-start=\"1452\" data-end=\"1687\"><strong data-start=\"1452\" data-end=\"1468\">Piel\u0119gnacja:<\/strong><br data-start=\"1468\" data-end=\"1471\" \/>Aby zachowa\u0107 pi\u0119kno bi\u017cuterii, unikaj kontaktu z wod\u0105, perfumami i detergentami. Czy\u015b\u0107 tylko przeznaczonymi do tego produktami i przechowuj w woreczku lub pude\u0142eczku jubilerskim aby zadba\u0107 o dobry wygl\u0105d bi\u017cuterii.<\/p>\n<p data-start=\"1452\" data-end=\"1687\">KOD PRODUKTU<\/p>","protected":false},"excerpt":{"rendered":"<p>Koniakowy bursztyn w swojej naturalnej formie, uzupe\u0142niony srebrnym zapi\u0119ciem 925. Ka\u017cda bransoletka jest wyj\u0105tkowa \u2013 tak jak natura, z kt\u00f3rej pochodzi.<\/p>","protected":false},"featured_media":5947,"template":"","meta":[],"etheme_brands":[],"product_brand":[],"product_cat":[51,18,48],"product_tag":[],"class_list":{"0":"post-5932","1":"product","2":"type-product","3":"status-publish","4":"has-post-thumbnail","6":"product_cat-prezenty-do-500-zl","7":"product_cat-bransoletki-z-bursztynu","8":"product_cat-promocja","10":"first","11":"instock","12":"sale","13":"taxable","14":"shipping-taxable","15":"purchasable","16":"product-type-simple"},"_links":{"self":[{"href":"https:\/\/jubilerarbiszgdansk.pl\/en\/wp-json\/wp\/v2\/product\/5932","targetHints":{"allow":["GET"]}}],"collection":[{"href":"https:\/\/jubilerarbiszgdansk.pl\/en\/wp-json\/wp\/v2\/product"}],"about":[{"href":"https:\/\/jubilerarbiszgdansk.pl\/en\/wp-json\/wp\/v2\/types\/product"}],"version-history":[{"count":0,"href":"https:\/\/jubilerarbiszgdansk.pl\/en\/wp-json\/wp\/v2\/product\/5932\/revisions"}],"wp:featuredmedia":[{"embeddable":true,"href":"https:\/\/jubilerarbiszgdansk.pl\/en\/wp-json\/wp\/v2\/media\/5947"}],"wp:attachment":[{"href":"https:\/\/jubilerarbiszgdansk.pl\/en\/wp-json\/wp\/v2\/media?parent=5932"}],"wp:term":[{"taxonomy":"brand","embeddable":true,"href":"https:\/\/jubilerarbiszgdansk.pl\/en\/wp-json\/wp\/v2\/etheme_brands?post=5932"},{"taxonomy":"product_brand","embeddable":true,"href":"https:\/\/jubilerarbiszgdansk.pl\/en\/wp-json\/wp\/v2\/product_brand?post=5932"},{"taxonomy":"product_cat","embeddable":true,"href":"https:\/\/jubilerarbiszgdansk.pl\/en\/wp-json\/wp\/v2\/product_cat?post=5932"},{"taxonomy":"product_tag","embeddable":true,"href":"https:\/\/jubilerarbiszgdansk.pl\/en\/wp-json\/wp\/v2\/product_tag?post=5932"}],"curies":[{"name":"wp","href":"https:\/\/api.w.org\/{rel}","templated":true}]}}