{"id":5866,"date":"2025-11-10T13:29:00","date_gmt":"2025-11-10T12:29:00","guid":{"rendered":"https:\/\/jubilerarbiszgdansk.pl\/?post_type=product&#038;p=5866"},"modified":"2025-11-10T13:29:01","modified_gmt":"2025-11-10T12:29:01","slug":"bransoletka-makrama-z-bezowego-sznurka-z-perlami-hodowlanymi","status":"publish","type":"product","link":"https:\/\/jubilerarbiszgdansk.pl\/en\/bransoletka-makrama-z-bezowego-sznurka-z-perlami-hodowlanymi\/","title":{"rendered":"Bransoletka makrama z be\u017cowego sznurka z per\u0142ami hodowlanymi"},"content":{"rendered":"<p data-start=\"199\" data-end=\"472\">Delikatna i elegancka <strong data-start=\"221\" data-end=\"246\">bransoletka z makramy<\/strong>, wykonana z <strong data-start=\"259\" data-end=\"291\">be\u017cowego, plecionego sznurka<\/strong> ozdobionego <strong data-start=\"304\" data-end=\"327\">per\u0142ami hodowlanymi<\/strong>. Po\u0142\u0105czenie naturalnych pere\u0142 i ciep\u0142ego koloru sznurka tworzy subtelny, harmonijny efekt, kt\u00f3ry podkre\u015bla kobieco\u015b\u0107 i ponadczasow\u0105 elegancj\u0119.<\/p>\n<p data-start=\"474\" data-end=\"681\">Dzi\u0119ki regulowanemu zapi\u0119ciu typu makrama, bransoletka <strong data-start=\"529\" data-end=\"567\">\u0142atwo dopasowuje si\u0119 do nadgarstka<\/strong>, zapewniaj\u0105c wygod\u0119 noszenia. To doskona\u0142y wyb\u00f3r dla os\u00f3b, kt\u00f3re ceni\u0105 naturalne pi\u0119kno i minimalistyczny styl.<\/p>\n<p data-start=\"683\" data-end=\"708\"><strong data-start=\"683\" data-end=\"706\">Szczeg\u00f3\u0142y produktu:<\/strong><\/p>\n<ul data-start=\"709\" data-end=\"1014\">\n<li data-start=\"709\" data-end=\"761\">\n<p data-start=\"711\" data-end=\"761\"><strong data-start=\"711\" data-end=\"724\">Materia\u0142:<\/strong> sznurek makramowy<\/p>\n<\/li>\n<li data-start=\"762\" data-end=\"791\">\n<p data-start=\"764\" data-end=\"791\"><strong data-start=\"764\" data-end=\"782\">Kolor sznurka:<\/strong> be\u017cowy<\/p>\n<\/li>\n<li data-start=\"792\" data-end=\"858\">\n<p data-start=\"794\" data-end=\"858\"><strong data-start=\"794\" data-end=\"810\">Kolor pere\u0142:<\/strong> bia\u0142y<\/p>\n<\/li>\n<li data-start=\"859\" data-end=\"904\">\n<p data-start=\"861\" data-end=\"904\"><strong data-start=\"861\" data-end=\"881\">Rodzaj zapi\u0119cia:<\/strong> makrama<\/p>\n<\/li>\n<li data-start=\"905\" data-end=\"956\">\n<p data-start=\"907\" data-end=\"956\"><strong data-start=\"907\" data-end=\"916\">Styl:<\/strong> delikatny, naturalny, minimalistyczny<\/p>\n<\/li>\n<\/ul>\n<p data-start=\"1543\" data-end=\"1778\"><strong data-start=\"1543\" data-end=\"1559\">Piel\u0119gnacja:<\/strong><br data-start=\"1559\" data-end=\"1562\" \/>Aby zachowa\u0107 pi\u0119kno bi\u017cuterii, unikaj kontaktu z wod\u0105, perfumami i detergentami. Czy\u015b\u0107 tylko przeznaczonymi do tego produktami i przechowuj w woreczku lub pude\u0142eczku jubilerskim aby zadba\u0107 o dobry wygl\u0105d bi\u017cuterii.<\/p>\n<p data-start=\"1543\" data-end=\"1778\">KOD PRODUKTUN B15<\/p>","protected":false},"excerpt":{"rendered":"<p>R\u0119cznie pleciona makrama z per\u0142ami hodowlanymi w odcieniach be\u017cu i bieli. Idealna dla mi\u0142o\u015bniczek naturalnej, delikatnej bi\u017cuterii.<\/p>","protected":false},"featured_media":5868,"template":"","meta":[],"etheme_brands":[],"product_brand":[],"product_cat":[82,50],"product_tag":[],"class_list":{"0":"post-5866","1":"product","2":"type-product","3":"status-publish","4":"has-post-thumbnail","6":"product_cat-perla","7":"product_cat-prezenty-do-150-zl","9":"first","10":"instock","11":"taxable","12":"shipping-taxable","13":"purchasable","14":"product-type-simple"},"_links":{"self":[{"href":"https:\/\/jubilerarbiszgdansk.pl\/en\/wp-json\/wp\/v2\/product\/5866","targetHints":{"allow":["GET"]}}],"collection":[{"href":"https:\/\/jubilerarbiszgdansk.pl\/en\/wp-json\/wp\/v2\/product"}],"about":[{"href":"https:\/\/jubilerarbiszgdansk.pl\/en\/wp-json\/wp\/v2\/types\/product"}],"version-history":[{"count":0,"href":"https:\/\/jubilerarbiszgdansk.pl\/en\/wp-json\/wp\/v2\/product\/5866\/revisions"}],"wp:featuredmedia":[{"embeddable":true,"href":"https:\/\/jubilerarbiszgdansk.pl\/en\/wp-json\/wp\/v2\/media\/5868"}],"wp:attachment":[{"href":"https:\/\/jubilerarbiszgdansk.pl\/en\/wp-json\/wp\/v2\/media?parent=5866"}],"wp:term":[{"taxonomy":"brand","embeddable":true,"href":"https:\/\/jubilerarbiszgdansk.pl\/en\/wp-json\/wp\/v2\/etheme_brands?post=5866"},{"taxonomy":"product_brand","embeddable":true,"href":"https:\/\/jubilerarbiszgdansk.pl\/en\/wp-json\/wp\/v2\/product_brand?post=5866"},{"taxonomy":"product_cat","embeddable":true,"href":"https:\/\/jubilerarbiszgdansk.pl\/en\/wp-json\/wp\/v2\/product_cat?post=5866"},{"taxonomy":"product_tag","embeddable":true,"href":"https:\/\/jubilerarbiszgdansk.pl\/en\/wp-json\/wp\/v2\/product_tag?post=5866"}],"curies":[{"name":"wp","href":"https:\/\/api.w.org\/{rel}","templated":true}]}}