{"id":5850,"date":"2025-11-08T16:01:41","date_gmt":"2025-11-08T15:01:41","guid":{"rendered":"https:\/\/jubilerarbiszgdansk.pl\/?post_type=product&#038;p=5850"},"modified":"2025-11-10T15:00:20","modified_gmt":"2025-11-10T14:00:20","slug":"potrojna-bransoletka-z-bursztynem-i-agatem-ze-srebrem-925","status":"publish","type":"product","link":"https:\/\/jubilerarbiszgdansk.pl\/en\/potrojna-bransoletka-z-bursztynem-i-agatem-ze-srebrem-925\/","title":{"rendered":"Potr\u00f3jna bransoletka z bursztynem i agatem ze srebrem 925"},"content":{"rendered":"<p data-start=\"214\" data-end=\"617\">Wyj\u0105tkowa <strong data-start=\"224\" data-end=\"248\">potr\u00f3jna bransoletka<\/strong>, \u0142\u0105cz\u0105ca w sobie r\u00f3\u017cnorodno\u015b\u0107 kolor\u00f3w i naturalnych materia\u0142\u00f3w. Pierwszy sznur sk\u0142ada si\u0119 z <strong data-start=\"341\" data-end=\"385\">b\u0142yszcz\u0105cych kulek cytrynowego bursztynu<\/strong>, drugi to <strong data-start=\"396\" data-end=\"421\">mix agat\u00f3w<\/strong>, a trzeci tworzy <strong data-start=\"439\" data-end=\"485\">kompozycj\u0119 agatu z koniakowymi bursztynami<\/strong>. Ca\u0142o\u015b\u0107 uzupe\u0142niaj\u0105 <strong data-start=\"506\" data-end=\"550\">delikatne przek\u0142adki ze srebra pr\u00f3by 925<\/strong>, kt\u00f3re dodaj\u0105 bransoletce elegancji.<\/p>\n<p data-start=\"619\" data-end=\"800\">Bransoletka \u0142\u0105czy w sobie <strong data-start=\"645\" data-end=\"694\">naturalne pi\u0119kno kamieni i uniwersalny design<\/strong>, dzi\u0119ki czemu doskonale komponuje si\u0119 z codziennymi stylizacjami, jak i bardziej eleganckimi zestawami.<\/p>\n<p data-start=\"802\" data-end=\"827\"><strong data-start=\"802\" data-end=\"825\">Szczeg\u00f3\u0142y produktu:<\/strong><\/p>\n<ul data-start=\"828\" data-end=\"1211\">\n<li data-start=\"892\" data-end=\"977\">\n<p data-start=\"894\" data-end=\"977\"><strong data-start=\"894\" data-end=\"913\">Kolory kamieni:<\/strong> cytrynowy bursztyn, mix kolorowych agat\u00f3w, koniakowy bursztyn<\/p>\n<\/li>\n<li data-start=\"1009\" data-end=\"1056\">\n<p data-start=\"1011\" data-end=\"1056\"><strong data-start=\"1011\" data-end=\"1023\">Dodatki:<\/strong> przek\u0142adki ze srebra pr\u00f3by 925<\/p>\n<\/li>\n<li data-start=\"1057\" data-end=\"1119\">\n<p data-start=\"1059\" data-end=\"1119\"><strong data-start=\"1059\" data-end=\"1082\">Rodzaj bransoletki:<\/strong> potr\u00f3jna, po\u0142\u0105czona w jedn\u0105 ca\u0142o\u015b\u0107<\/p>\n<\/li>\n<li data-start=\"1120\" data-end=\"1164\">\n<p data-start=\"1122\" data-end=\"1164\"><strong data-start=\"1122\" data-end=\"1131\">Styl:<\/strong> kolorowy, elegancki, naturalny<\/p>\n<\/li>\n<\/ul>\n<p><strong data-start=\"1543\" data-end=\"1559\">Piel\u0119gnacja:<\/strong><br data-start=\"1559\" data-end=\"1562\" \/>Aby zachowa\u0107 pi\u0119kno bi\u017cuterii, unikaj kontaktu z wod\u0105, perfumami i detergentami. Czy\u015b\u0107 tylko przeznaczonymi do tego produktami i przechowuj w woreczku lub pude\u0142eczku jubilerskim aby zadba\u0107 o dobry wygl\u0105d bi\u017cuterii.<\/p>\n<p>KOD PRODUKTU B13<\/p>","protected":false},"excerpt":{"rendered":"<p>Potr\u00f3jna bransoletka \u0142\u0105czy cytrynowy bursztyn, kolorowe agaty i koniakowy bursztyn, uzupe\u0142nione srebrnymi przek\u0142adkami pr\u00f3by 925. Wyj\u0105tkowe po\u0142\u0105czenie kolor\u00f3w i naturalnych kamieni przyci\u0105ga wzrok i dodaje klasy.<\/p>","protected":false},"featured_media":5923,"template":"","meta":[],"etheme_brands":[],"product_brand":[],"product_cat":[49,18],"product_tag":[],"class_list":{"0":"post-5850","1":"product","2":"type-product","3":"status-publish","4":"has-post-thumbnail","6":"product_cat-prezenty-do-300-zl","7":"product_cat-bransoletki-z-bursztynu","9":"first","10":"instock","11":"taxable","12":"shipping-taxable","13":"purchasable","14":"product-type-simple"},"_links":{"self":[{"href":"https:\/\/jubilerarbiszgdansk.pl\/en\/wp-json\/wp\/v2\/product\/5850","targetHints":{"allow":["GET"]}}],"collection":[{"href":"https:\/\/jubilerarbiszgdansk.pl\/en\/wp-json\/wp\/v2\/product"}],"about":[{"href":"https:\/\/jubilerarbiszgdansk.pl\/en\/wp-json\/wp\/v2\/types\/product"}],"version-history":[{"count":0,"href":"https:\/\/jubilerarbiszgdansk.pl\/en\/wp-json\/wp\/v2\/product\/5850\/revisions"}],"wp:featuredmedia":[{"embeddable":true,"href":"https:\/\/jubilerarbiszgdansk.pl\/en\/wp-json\/wp\/v2\/media\/5923"}],"wp:attachment":[{"href":"https:\/\/jubilerarbiszgdansk.pl\/en\/wp-json\/wp\/v2\/media?parent=5850"}],"wp:term":[{"taxonomy":"brand","embeddable":true,"href":"https:\/\/jubilerarbiszgdansk.pl\/en\/wp-json\/wp\/v2\/etheme_brands?post=5850"},{"taxonomy":"product_brand","embeddable":true,"href":"https:\/\/jubilerarbiszgdansk.pl\/en\/wp-json\/wp\/v2\/product_brand?post=5850"},{"taxonomy":"product_cat","embeddable":true,"href":"https:\/\/jubilerarbiszgdansk.pl\/en\/wp-json\/wp\/v2\/product_cat?post=5850"},{"taxonomy":"product_tag","embeddable":true,"href":"https:\/\/jubilerarbiszgdansk.pl\/en\/wp-json\/wp\/v2\/product_tag?post=5850"}],"curies":[{"name":"wp","href":"https:\/\/api.w.org\/{rel}","templated":true}]}}