{"id":5847,"date":"2025-11-08T15:42:32","date_gmt":"2025-11-08T14:42:32","guid":{"rendered":"https:\/\/jubilerarbiszgdansk.pl\/?post_type=product&#038;p=5847"},"modified":"2025-11-10T14:50:03","modified_gmt":"2025-11-10T13:50:03","slug":"bransoletka-z-bursztynu-mleczno%e2%80%91miodowego-w-surowym-stylu","status":"publish","type":"product","link":"https:\/\/jubilerarbiszgdansk.pl\/en\/bransoletka-z-bursztynu-mleczno%e2%80%91miodowego-w-surowym-stylu\/","title":{"rendered":"Bransoletka z bursztynu mleczno\u2011miodowego w surowym stylu"},"content":{"rendered":"<p data-start=\"179\" data-end=\"551\">Wyj\u0105tkowa bransoletka wykonana z <strong data-start=\"212\" data-end=\"249\">naturalnego bursztynu ba\u0142tyckiego<\/strong> w odcieniach <strong data-start=\"263\" data-end=\"286\">mlecznym i miodowym<\/strong>, zachowanego w <strong data-start=\"302\" data-end=\"331\">surowym, naturalnym stylu<\/strong>. Ka\u017cdy kawa\u0142ek bursztynu ma <strong data-start=\"360\" data-end=\"401\">nieregularny kszta\u0142t i r\u00f3\u017cn\u0105 wielko\u015b\u0107<\/strong>, co podkre\u015bla autentyczno\u015b\u0107 i niepowtarzalny charakter bi\u017cuterii. Surowe wyko\u0144czenie dodaje bransoletce naturalnego uroku i wyrazistego charakteru.<\/p>\n<p data-start=\"553\" data-end=\"724\">Bransoletka wykonana na elastycznej gumce zapewnia <strong data-start=\"604\" data-end=\"624\">komfort noszenia<\/strong>, a r\u00f3\u017cnorodno\u015b\u0107 kszta\u0142t\u00f3w i odcieni sprawia, \u017ce ka\u017cdy egzemplarz jest <strong data-start=\"695\" data-end=\"721\">jedyny w swoim rodzaju<\/strong>.<\/p>\n<p data-start=\"726\" data-end=\"751\"><strong data-start=\"726\" data-end=\"749\">Szczeg\u00f3\u0142y produktu:<\/strong><\/p>\n<ul data-start=\"752\" data-end=\"1066\">\n<li data-start=\"798\" data-end=\"840\">\n<p data-start=\"800\" data-end=\"840\"><strong data-start=\"800\" data-end=\"821\">Kolory bursztynu:<\/strong> mleczny, miodowy<\/p>\n<\/li>\n<li data-start=\"841\" data-end=\"879\">\n<p data-start=\"843\" data-end=\"879\"><strong data-start=\"843\" data-end=\"859\">Wyko\u0144czenie:<\/strong> surowe, naturalne<\/p>\n<\/li>\n<li data-start=\"880\" data-end=\"925\">\n<p data-start=\"882\" data-end=\"925\"><strong data-start=\"882\" data-end=\"902\">Kszta\u0142t kamieni:<\/strong> nieregularne kawa\u0142ki<\/p>\n<\/li>\n<li data-start=\"926\" data-end=\"974\">\n<p data-start=\"928\" data-end=\"974\"><strong data-start=\"928\" data-end=\"951\">Rodzaj bransoletki:<\/strong> na elastycznej gumce<\/p>\n<\/li>\n<\/ul>\n<p><strong data-start=\"1375\" data-end=\"1391\">Piel\u0119gnacja:<\/strong><br data-start=\"1391\" data-end=\"1394\" \/>Aby zachowa\u0107 pi\u0119kno bi\u017cuterii, unikaj kontaktu z wod\u0105, perfumami i detergentami. Czy\u015b\u0107 tylko przeznaczonymi do tego produktami i przechowuj w woreczku lub pude\u0142eczku jubilerskim aby zadba\u0107 o dobry wygl\u0105d bi\u017cuterii.<\/p>\n<p>KOD PRODUKTU B10<\/p>","protected":false},"excerpt":{"rendered":"<p>Ciep\u0142o i naturalna si\u0142a bursztynu zamkni\u0119te w bransoletce o nieregularnych kszta\u0142tach. Bi\u017cuteria, kt\u00f3ra oddaje prawdziwy charakter natury.<\/p>","protected":false},"featured_media":5910,"template":"","meta":[],"etheme_brands":[],"product_brand":[],"product_cat":[19,18,51,48],"product_tag":[],"class_list":{"0":"post-5847","1":"product","2":"type-product","3":"status-publish","4":"has-post-thumbnail","6":"product_cat-bizuteria-meska","7":"product_cat-bransoletki-z-bursztynu","8":"product_cat-prezenty-do-500-zl","9":"product_cat-promocja","11":"first","12":"instock","13":"sale","14":"taxable","15":"shipping-taxable","16":"purchasable","17":"product-type-simple"},"_links":{"self":[{"href":"https:\/\/jubilerarbiszgdansk.pl\/en\/wp-json\/wp\/v2\/product\/5847","targetHints":{"allow":["GET"]}}],"collection":[{"href":"https:\/\/jubilerarbiszgdansk.pl\/en\/wp-json\/wp\/v2\/product"}],"about":[{"href":"https:\/\/jubilerarbiszgdansk.pl\/en\/wp-json\/wp\/v2\/types\/product"}],"version-history":[{"count":0,"href":"https:\/\/jubilerarbiszgdansk.pl\/en\/wp-json\/wp\/v2\/product\/5847\/revisions"}],"wp:featuredmedia":[{"embeddable":true,"href":"https:\/\/jubilerarbiszgdansk.pl\/en\/wp-json\/wp\/v2\/media\/5910"}],"wp:attachment":[{"href":"https:\/\/jubilerarbiszgdansk.pl\/en\/wp-json\/wp\/v2\/media?parent=5847"}],"wp:term":[{"taxonomy":"brand","embeddable":true,"href":"https:\/\/jubilerarbiszgdansk.pl\/en\/wp-json\/wp\/v2\/etheme_brands?post=5847"},{"taxonomy":"product_brand","embeddable":true,"href":"https:\/\/jubilerarbiszgdansk.pl\/en\/wp-json\/wp\/v2\/product_brand?post=5847"},{"taxonomy":"product_cat","embeddable":true,"href":"https:\/\/jubilerarbiszgdansk.pl\/en\/wp-json\/wp\/v2\/product_cat?post=5847"},{"taxonomy":"product_tag","embeddable":true,"href":"https:\/\/jubilerarbiszgdansk.pl\/en\/wp-json\/wp\/v2\/product_tag?post=5847"}],"curies":[{"name":"wp","href":"https:\/\/api.w.org\/{rel}","templated":true}]}}