{"id":5845,"date":"2025-11-08T15:30:23","date_gmt":"2025-11-08T14:30:23","guid":{"rendered":"https:\/\/jubilerarbiszgdansk.pl\/?post_type=product&#038;p=5845"},"modified":"2025-11-10T14:49:07","modified_gmt":"2025-11-10T13:49:07","slug":"bransoleta-srebro-925-z-bursztynem-miodowym","status":"publish","type":"product","link":"https:\/\/jubilerarbiszgdansk.pl\/en\/bransoleta-srebro-925-z-bursztynem-miodowym\/","title":{"rendered":"Bransoleta srebro 925 z bursztynem miodowym"},"content":{"rendered":"<p data-start=\"189\" data-end=\"555\">Elegancka bransoleta wykonana ze <strong data-start=\"222\" data-end=\"242\">srebra pr\u00f3by 925<\/strong>, ozdobiona <strong data-start=\"254\" data-end=\"308\">naturalnym bursztynem w ciep\u0142ym, miodowym odcieniu<\/strong>. Kamie\u0144 zosta\u0142 starannie <strong data-start=\"334\" data-end=\"362\">oprawiony w srebrn\u0105 ram\u0119<\/strong>, kt\u00f3ra podkre\u015bla jego naturalny blask i g\u0142\u0119bi\u0119 koloru. Bransoleta \u0142\u0105czy w sobie klasyk\u0119 i subteln\u0105 elegancj\u0119, doskonale komponuj\u0105c si\u0119 zar\u00f3wno z codziennymi, jak i wieczorowymi stylizacjami.<\/p>\n<p data-start=\"557\" data-end=\"582\"><strong data-start=\"557\" data-end=\"580\">Szczeg\u00f3\u0142y produktu:<\/strong><\/p>\n<ul data-start=\"583\" data-end=\"868\">\n<li data-start=\"662\" data-end=\"694\">\n<p data-start=\"664\" data-end=\"694\"><strong data-start=\"664\" data-end=\"684\">Kolor bursztynu:<\/strong> miodowy<\/p>\n<\/li>\n<li data-start=\"695\" data-end=\"730\">\n<p data-start=\"697\" data-end=\"730\"><strong data-start=\"697\" data-end=\"708\">Oprawa:<\/strong> srebrna<\/p>\n<\/li>\n<li data-start=\"731\" data-end=\"765\">\n<p data-start=\"733\" data-end=\"765\"><strong data-start=\"733\" data-end=\"742\">Styl:<\/strong> elegancki, klasyczny<\/p>\n<\/li>\n<li data-start=\"766\" data-end=\"821\">\n<p data-start=\"768\" data-end=\"821\"><strong data-start=\"768\" data-end=\"781\">Zapi\u0119cie:<\/strong> solidne i wygodne<\/p>\n<\/li>\n<\/ul>\n<p><strong data-start=\"1176\" data-end=\"1192\">Piel\u0119gnacja:<\/strong><br data-start=\"1192\" data-end=\"1195\" \/>Aby zachowa\u0107 pi\u0119kno bi\u017cuterii, unikaj kontaktu z wod\u0105, perfumami i detergentami. Czy\u015b\u0107 tylko przeznaczonymi do tego produktami i przechowuj w woreczku lub pude\u0142eczku jubilerskim aby zadba\u0107 o dobry wygl\u0105d bi\u017cuterii.<\/p>\n<p>KOD PRODUKTU B07<\/p>","protected":false},"excerpt":{"rendered":"<p>Prosta forma, naturalny bursztyn miodowy i srebro 925 \u2013 elegancja w najczystszej postaci, idealna do codziennego noszenia.<\/p>","protected":false},"featured_media":5909,"template":"","meta":[],"etheme_brands":[],"product_brand":[],"product_cat":[18,52,48],"product_tag":[],"class_list":{"0":"post-5845","1":"product","2":"type-product","3":"status-publish","4":"has-post-thumbnail","6":"product_cat-bransoletki-z-bursztynu","7":"product_cat-prezenty-premium","8":"product_cat-promocja","10":"first","11":"instock","12":"sale","13":"taxable","14":"shipping-taxable","15":"purchasable","16":"product-type-simple"},"_links":{"self":[{"href":"https:\/\/jubilerarbiszgdansk.pl\/en\/wp-json\/wp\/v2\/product\/5845","targetHints":{"allow":["GET"]}}],"collection":[{"href":"https:\/\/jubilerarbiszgdansk.pl\/en\/wp-json\/wp\/v2\/product"}],"about":[{"href":"https:\/\/jubilerarbiszgdansk.pl\/en\/wp-json\/wp\/v2\/types\/product"}],"version-history":[{"count":0,"href":"https:\/\/jubilerarbiszgdansk.pl\/en\/wp-json\/wp\/v2\/product\/5845\/revisions"}],"wp:featuredmedia":[{"embeddable":true,"href":"https:\/\/jubilerarbiszgdansk.pl\/en\/wp-json\/wp\/v2\/media\/5909"}],"wp:attachment":[{"href":"https:\/\/jubilerarbiszgdansk.pl\/en\/wp-json\/wp\/v2\/media?parent=5845"}],"wp:term":[{"taxonomy":"brand","embeddable":true,"href":"https:\/\/jubilerarbiszgdansk.pl\/en\/wp-json\/wp\/v2\/etheme_brands?post=5845"},{"taxonomy":"product_brand","embeddable":true,"href":"https:\/\/jubilerarbiszgdansk.pl\/en\/wp-json\/wp\/v2\/product_brand?post=5845"},{"taxonomy":"product_cat","embeddable":true,"href":"https:\/\/jubilerarbiszgdansk.pl\/en\/wp-json\/wp\/v2\/product_cat?post=5845"},{"taxonomy":"product_tag","embeddable":true,"href":"https:\/\/jubilerarbiszgdansk.pl\/en\/wp-json\/wp\/v2\/product_tag?post=5845"}],"curies":[{"name":"wp","href":"https:\/\/api.w.org\/{rel}","templated":true}]}}