{"id":5841,"date":"2025-11-08T15:18:42","date_gmt":"2025-11-08T14:18:42","guid":{"rendered":"https:\/\/jubilerarbiszgdansk.pl\/?post_type=product&#038;p=5841"},"modified":"2025-11-10T14:36:10","modified_gmt":"2025-11-10T13:36:10","slug":"bransoletka-z-bursztynu-w-roznych-odcieniach","status":"publish","type":"product","link":"https:\/\/jubilerarbiszgdansk.pl\/en\/bransoletka-z-bursztynu-w-roznych-odcieniach\/","title":{"rendered":"Bransoletka z bursztynu w r\u00f3\u017cnych odcieniach"},"content":{"rendered":"<p data-start=\"192\" data-end=\"571\">Wyj\u0105tkowa bransoletka wykonana z <strong data-start=\"225\" data-end=\"262\">naturalnego bursztynu ba\u0142tyckiego<\/strong>, sk\u0142adaj\u0105ca si\u0119 z du\u017cych, b\u0142yszcz\u0105cych kulek w <strong data-start=\"310\" data-end=\"335\">r\u00f3\u017cnorodnych kolorach<\/strong>. Po\u0142\u0105czenie <strong data-start=\"348\" data-end=\"456\">mlecznego bursztynu, mlecznego wpadaj\u0105cego w biel, jasnego i ciemnego koniaku oraz bursztynu z zielonymi refleksami<\/strong> tworzy efektown\u0105, pe\u0142n\u0105 harmonii kompozycj\u0119, kt\u00f3ra przyci\u0105ga wzrok i dodaje ka\u017cdej stylizacji naturalnego uroku.<\/p>\n<p data-start=\"573\" data-end=\"729\">Bransoletka wykonana na elastycznej gumce zapewnia <strong data-start=\"624\" data-end=\"644\">komfort noszenia<\/strong>, a r\u00f3\u017cnorodno\u015b\u0107 barw sprawia, \u017ce ka\u017cdy egzemplarz jest wyj\u0105tkowy i niepowtarzalny.<\/p>\n<p data-start=\"731\" data-end=\"756\"><strong data-start=\"731\" data-end=\"754\">Szczeg\u00f3\u0142y produktu:<\/strong><\/p>\n<ul data-start=\"757\" data-end=\"1115\">\n<li data-start=\"803\" data-end=\"894\">\n<p data-start=\"805\" data-end=\"894\"><strong data-start=\"805\" data-end=\"826\">Kolory bursztynu:<\/strong> mleczny, mleczny wpadaj\u0105cy w biel, jasny i ciemny koniak, zielone refleksy<\/p>\n<\/li>\n<li data-start=\"895\" data-end=\"938\">\n<p data-start=\"897\" data-end=\"938\"><strong data-start=\"897\" data-end=\"913\">Wyko\u0144czenie:<\/strong> polerowane<\/p>\n<\/li>\n<li data-start=\"939\" data-end=\"974\">\n<p data-start=\"941\" data-end=\"974\"><strong data-start=\"941\" data-end=\"961\">Kszta\u0142t kamieni:<\/strong> du\u017ce kulki<\/p>\n<\/li>\n<li data-start=\"975\" data-end=\"1023\">\n<p data-start=\"977\" data-end=\"1023\"><strong data-start=\"977\" data-end=\"1000\">Rodzaj bransoletki:<\/strong> na elastycznej gumce<\/p>\n<\/li>\n<li data-start=\"1024\" data-end=\"1068\">\n<p data-start=\"1026\" data-end=\"1068\"><strong data-start=\"1026\" data-end=\"1035\">Styl:<\/strong> elegancki, kolorowy, naturalny<\/p>\n<\/li>\n<\/ul>\n<p><strong data-start=\"1484\" data-end=\"1500\">Piel\u0119gnacja:<\/strong><br data-start=\"1500\" data-end=\"1503\" \/>Aby zachowa\u0107 pi\u0119kno bi\u017cuterii, unikaj kontaktu z wod\u0105, perfumami i detergentami. Czy\u015b\u0107 tylko przeznaczonymi do tego produktami i przechowuj w woreczku lub pude\u0142eczku jubilerskim aby zadba\u0107 o dobry wygl\u0105d bi\u017cuterii.<\/p>\n<p>KOD PRODUKTU B11<\/p>","protected":false},"excerpt":{"rendered":"<p>Ciep\u0142o i kolory Ba\u0142tyku w jednej bransoletce. Du\u017ce kulki bursztynu w r\u00f3\u017cnych odcieniach tworz\u0105 niepowtarzalny, przyci\u0105gaj\u0105cy wzrok dodatek.<\/p>","protected":false},"featured_media":5907,"template":"","meta":[],"etheme_brands":[],"product_brand":[],"product_cat":[52,18,48],"product_tag":[],"class_list":{"0":"post-5841","1":"product","2":"type-product","3":"status-publish","4":"has-post-thumbnail","6":"product_cat-prezenty-premium","7":"product_cat-bransoletki-z-bursztynu","8":"product_cat-promocja","10":"first","11":"instock","12":"sale","13":"taxable","14":"shipping-taxable","15":"purchasable","16":"product-type-simple"},"_links":{"self":[{"href":"https:\/\/jubilerarbiszgdansk.pl\/en\/wp-json\/wp\/v2\/product\/5841","targetHints":{"allow":["GET"]}}],"collection":[{"href":"https:\/\/jubilerarbiszgdansk.pl\/en\/wp-json\/wp\/v2\/product"}],"about":[{"href":"https:\/\/jubilerarbiszgdansk.pl\/en\/wp-json\/wp\/v2\/types\/product"}],"version-history":[{"count":0,"href":"https:\/\/jubilerarbiszgdansk.pl\/en\/wp-json\/wp\/v2\/product\/5841\/revisions"}],"wp:featuredmedia":[{"embeddable":true,"href":"https:\/\/jubilerarbiszgdansk.pl\/en\/wp-json\/wp\/v2\/media\/5907"}],"wp:attachment":[{"href":"https:\/\/jubilerarbiszgdansk.pl\/en\/wp-json\/wp\/v2\/media?parent=5841"}],"wp:term":[{"taxonomy":"brand","embeddable":true,"href":"https:\/\/jubilerarbiszgdansk.pl\/en\/wp-json\/wp\/v2\/etheme_brands?post=5841"},{"taxonomy":"product_brand","embeddable":true,"href":"https:\/\/jubilerarbiszgdansk.pl\/en\/wp-json\/wp\/v2\/product_brand?post=5841"},{"taxonomy":"product_cat","embeddable":true,"href":"https:\/\/jubilerarbiszgdansk.pl\/en\/wp-json\/wp\/v2\/product_cat?post=5841"},{"taxonomy":"product_tag","embeddable":true,"href":"https:\/\/jubilerarbiszgdansk.pl\/en\/wp-json\/wp\/v2\/product_tag?post=5841"}],"curies":[{"name":"wp","href":"https:\/\/api.w.org\/{rel}","templated":true}]}}