{"id":5839,"date":"2025-11-08T14:54:48","date_gmt":"2025-11-08T13:54:48","guid":{"rendered":"https:\/\/jubilerarbiszgdansk.pl\/?post_type=product&#038;p=5839"},"modified":"2025-11-10T14:31:32","modified_gmt":"2025-11-10T13:31:32","slug":"bransoletka-z-mlecznego-bursztynu","status":"publish","type":"product","link":"https:\/\/jubilerarbiszgdansk.pl\/en\/bransoletka-z-mlecznego-bursztynu\/","title":{"rendered":"Bransoletka z mlecznego bursztynu"},"content":{"rendered":"<p data-start=\"223\" data-end=\"566\">Delikatna i elegancka <strong data-start=\"245\" data-end=\"296\">bransoletka z naturalnego bursztynu ba\u0142tyckiego<\/strong> wykonana z <strong data-start=\"308\" data-end=\"341\">b\u0142yszcz\u0105cych, mlecznych kulek<\/strong>. Jasny, kremowo-miodowy odcie\u0144 bursztynu pi\u0119knie odbija \u015bwiat\u0142o, nadaj\u0105c bi\u017cuterii subtelnego blasku i lekko\u015bci. To ponadczasowy dodatek, kt\u00f3ry doskonale komponuje si\u0119 zar\u00f3wno z codziennymi, jak i eleganckimi stylizacjami.<\/p>\n<p data-start=\"568\" data-end=\"593\"><strong data-start=\"568\" data-end=\"591\">Szczeg\u00f3\u0142y produktu:<\/strong><\/p>\n<ul data-start=\"594\" data-end=\"918\">\n<li data-start=\"640\" data-end=\"672\">\n<p data-start=\"642\" data-end=\"672\"><strong data-start=\"642\" data-end=\"662\">Kolor bursztynu:<\/strong> mleczny<\/p>\n<\/li>\n<li data-start=\"673\" data-end=\"717\">\n<p data-start=\"675\" data-end=\"717\"><strong data-start=\"675\" data-end=\"691\">Wyko\u0144czenie:<\/strong> polerowane<\/p>\n<\/li>\n<li data-start=\"718\" data-end=\"748\">\n<p data-start=\"720\" data-end=\"748\"><strong data-start=\"720\" data-end=\"740\">Kszta\u0142t kamieni:<\/strong> kulki<\/p>\n<\/li>\n<li data-start=\"749\" data-end=\"825\">\n<p data-start=\"751\" data-end=\"825\"><strong data-start=\"751\" data-end=\"774\">Rodzaj bransoletki:<\/strong> na elastycznej gumce<\/p>\n<\/li>\n<li data-start=\"826\" data-end=\"871\">\n<p data-start=\"828\" data-end=\"871\"><strong data-start=\"828\" data-end=\"837\">Styl:<\/strong> delikatny, klasyczny, naturalny<\/p>\n<\/li>\n<\/ul>\n<p data-start=\"920\" data-end=\"941\"><strong data-start=\"920\" data-end=\"939\">Piel\u0119gnacja:<br data-start=\"1409\" data-end=\"1412\" \/><\/strong>Aby zachowa\u0107 pi\u0119kno bi\u017cuterii, unikaj kontaktu z wod\u0105, perfumami i detergentami. Czy\u015b\u0107 tylko przeznaczonymi do tego produktami i przechowuj w woreczku lub pude\u0142eczku jubilerskim aby zadba\u0107 o dobry wygl\u0105d bi\u017cuterii.<\/p>\n<p data-start=\"920\" data-end=\"941\">KOD PRODUKTU B02<\/p>","protected":false},"excerpt":{"rendered":"<p>Bransoletka z b\u0142yszcz\u0105cych kulek mlecznego bursztynu. Jasny odcie\u0144 i naturalny po\u0142ysk sprawiaj\u0105, \u017ce to bi\u017cuteria pe\u0142na subtelnej elegancji.<\/p>","protected":false},"featured_media":5905,"template":"","meta":[],"etheme_brands":[],"product_brand":[],"product_cat":[18,49],"product_tag":[],"class_list":{"0":"post-5839","1":"product","2":"type-product","3":"status-publish","4":"has-post-thumbnail","6":"product_cat-bransoletki-z-bursztynu","7":"product_cat-prezenty-do-300-zl","9":"first","10":"instock","11":"taxable","12":"shipping-taxable","13":"purchasable","14":"product-type-simple"},"_links":{"self":[{"href":"https:\/\/jubilerarbiszgdansk.pl\/en\/wp-json\/wp\/v2\/product\/5839","targetHints":{"allow":["GET"]}}],"collection":[{"href":"https:\/\/jubilerarbiszgdansk.pl\/en\/wp-json\/wp\/v2\/product"}],"about":[{"href":"https:\/\/jubilerarbiszgdansk.pl\/en\/wp-json\/wp\/v2\/types\/product"}],"version-history":[{"count":0,"href":"https:\/\/jubilerarbiszgdansk.pl\/en\/wp-json\/wp\/v2\/product\/5839\/revisions"}],"wp:featuredmedia":[{"embeddable":true,"href":"https:\/\/jubilerarbiszgdansk.pl\/en\/wp-json\/wp\/v2\/media\/5905"}],"wp:attachment":[{"href":"https:\/\/jubilerarbiszgdansk.pl\/en\/wp-json\/wp\/v2\/media?parent=5839"}],"wp:term":[{"taxonomy":"brand","embeddable":true,"href":"https:\/\/jubilerarbiszgdansk.pl\/en\/wp-json\/wp\/v2\/etheme_brands?post=5839"},{"taxonomy":"product_brand","embeddable":true,"href":"https:\/\/jubilerarbiszgdansk.pl\/en\/wp-json\/wp\/v2\/product_brand?post=5839"},{"taxonomy":"product_cat","embeddable":true,"href":"https:\/\/jubilerarbiszgdansk.pl\/en\/wp-json\/wp\/v2\/product_cat?post=5839"},{"taxonomy":"product_tag","embeddable":true,"href":"https:\/\/jubilerarbiszgdansk.pl\/en\/wp-json\/wp\/v2\/product_tag?post=5839"}],"curies":[{"name":"wp","href":"https:\/\/api.w.org\/{rel}","templated":true}]}}