{"id":5837,"date":"2025-11-08T14:37:42","date_gmt":"2025-11-08T13:37:42","guid":{"rendered":"https:\/\/jubilerarbiszgdansk.pl\/?post_type=product&#038;p=5837"},"modified":"2025-11-10T16:59:27","modified_gmt":"2025-11-10T15:59:27","slug":"bransoletka-z-ciemnego-bursztynu","status":"publish","type":"product","link":"https:\/\/jubilerarbiszgdansk.pl\/en\/bransoletka-z-ciemnego-bursztynu\/","title":{"rendered":"Bransoletka z ciemnego bursztynu"},"content":{"rendered":"<p data-start=\"216\" data-end=\"556\">Wyrazista i elegancka <strong data-start=\"238\" data-end=\"289\">bransoletka z naturalnego bursztynu ba\u0142tyckiego<\/strong> wykonana z <strong data-start=\"301\" data-end=\"368\">du\u017cych, b\u0142yszcz\u0105cych kulek w g\u0142\u0119bokim, ciemnym odcieniu koniaku<\/strong>. Jej intensywny kolor, niemal czarny, emanuje tajemniczo\u015bci\u0105 i klas\u0105. Polerowana powierzchnia bursztynu pi\u0119knie odbija \u015bwiat\u0142o, podkre\u015blaj\u0105c naturalne pi\u0119kno ka\u017cdego kamienia.<\/p>\n<p data-start=\"558\" data-end=\"677\">Ta bransoletka to propozycja dla os\u00f3b, kt\u00f3re lubi\u0105 <strong data-start=\"609\" data-end=\"636\">bi\u017cuteri\u0119 z charakterem<\/strong> \u2013 prost\u0105, ale pe\u0142n\u0105 elegancji i g\u0142\u0119bi.<\/p>\n<p data-start=\"679\" data-end=\"704\"><strong data-start=\"679\" data-end=\"702\">Szczeg\u00f3\u0142y produktu:<\/strong><\/p>\n<ul data-start=\"705\" data-end=\"1053\">\n<li data-start=\"751\" data-end=\"811\">\n<p data-start=\"753\" data-end=\"811\"><strong data-start=\"753\" data-end=\"773\">Kolor bursztynu:<\/strong> bardzo ciemny koniak<\/p>\n<\/li>\n<li data-start=\"812\" data-end=\"856\">\n<p data-start=\"814\" data-end=\"856\"><strong data-start=\"814\" data-end=\"830\">Wyko\u0144czenie:<\/strong> polerowane<\/p>\n<\/li>\n<li data-start=\"857\" data-end=\"892\">\n<p data-start=\"859\" data-end=\"892\"><strong data-start=\"859\" data-end=\"879\">Kszta\u0142t kamieni:<\/strong> du\u017ce kulki<\/p>\n<\/li>\n<li data-start=\"893\" data-end=\"971\">\n<p data-start=\"895\" data-end=\"971\"><strong data-start=\"895\" data-end=\"918\">Rodzaj bransoletki:<\/strong> na elastycznej gumce<\/p>\n<\/li>\n<li data-start=\"972\" data-end=\"1006\">\n<p data-start=\"974\" data-end=\"1006\"><strong data-start=\"974\" data-end=\"983\">Styl:<\/strong> elegancki, klasyczny<\/p>\n<\/li>\n<\/ul>\n<p><strong data-start=\"1393\" data-end=\"1409\">Piel\u0119gnacja:<\/strong><br data-start=\"1409\" data-end=\"1412\" \/>Aby zachowa\u0107 pi\u0119kno bi\u017cuterii, unikaj kontaktu z wod\u0105, perfumami i detergentami. Czy\u015b\u0107 tylko przeznaczonymi do tego produktami i przechowuj w woreczku lub pude\u0142eczku jubilerskim aby zadba\u0107 o dobry wygl\u0105d bi\u017cuterii.<\/p>\n<p>KOD PRODUKTU B03<\/p>","protected":false},"excerpt":{"rendered":"<p>Ciemny bursztyn o g\u0142\u0119bokim, niemal czarnym odcieniu \u2013 elegancja w najczystszej postaci. Ka\u017cda kulka odbija \u015bwiat\u0142o, tworz\u0105c subtelny, szlachetny blask.<\/p>","protected":false},"featured_media":5899,"template":"","meta":[],"etheme_brands":[],"product_brand":[],"product_cat":[52,19,18,48],"product_tag":[],"class_list":{"0":"post-5837","1":"product","2":"type-product","3":"status-publish","4":"has-post-thumbnail","6":"product_cat-prezenty-premium","7":"product_cat-bizuteria-meska","8":"product_cat-bransoletki-z-bursztynu","9":"product_cat-promocja","11":"first","12":"instock","13":"sale","14":"taxable","15":"shipping-taxable","16":"purchasable","17":"product-type-simple"},"_links":{"self":[{"href":"https:\/\/jubilerarbiszgdansk.pl\/en\/wp-json\/wp\/v2\/product\/5837","targetHints":{"allow":["GET"]}}],"collection":[{"href":"https:\/\/jubilerarbiszgdansk.pl\/en\/wp-json\/wp\/v2\/product"}],"about":[{"href":"https:\/\/jubilerarbiszgdansk.pl\/en\/wp-json\/wp\/v2\/types\/product"}],"version-history":[{"count":0,"href":"https:\/\/jubilerarbiszgdansk.pl\/en\/wp-json\/wp\/v2\/product\/5837\/revisions"}],"wp:featuredmedia":[{"embeddable":true,"href":"https:\/\/jubilerarbiszgdansk.pl\/en\/wp-json\/wp\/v2\/media\/5899"}],"wp:attachment":[{"href":"https:\/\/jubilerarbiszgdansk.pl\/en\/wp-json\/wp\/v2\/media?parent=5837"}],"wp:term":[{"taxonomy":"brand","embeddable":true,"href":"https:\/\/jubilerarbiszgdansk.pl\/en\/wp-json\/wp\/v2\/etheme_brands?post=5837"},{"taxonomy":"product_brand","embeddable":true,"href":"https:\/\/jubilerarbiszgdansk.pl\/en\/wp-json\/wp\/v2\/product_brand?post=5837"},{"taxonomy":"product_cat","embeddable":true,"href":"https:\/\/jubilerarbiszgdansk.pl\/en\/wp-json\/wp\/v2\/product_cat?post=5837"},{"taxonomy":"product_tag","embeddable":true,"href":"https:\/\/jubilerarbiszgdansk.pl\/en\/wp-json\/wp\/v2\/product_tag?post=5837"}],"curies":[{"name":"wp","href":"https:\/\/api.w.org\/{rel}","templated":true}]}}