{"id":5835,"date":"2025-11-08T14:20:48","date_gmt":"2025-11-08T13:20:48","guid":{"rendered":"https:\/\/jubilerarbiszgdansk.pl\/?post_type=product&#038;p=5835"},"modified":"2025-11-10T16:59:37","modified_gmt":"2025-11-10T15:59:37","slug":"bransoletka-z-matowego-bursztynu-koniakowego","status":"publish","type":"product","link":"https:\/\/jubilerarbiszgdansk.pl\/en\/bransoletka-z-matowego-bursztynu-koniakowego\/","title":{"rendered":"Bransoletka z matowego bursztynu koniakowego"},"content":{"rendered":"<p>Naturalna i pe\u0142na ciep\u0142a <strong data-start=\"252\" data-end=\"291\">bransoletka z bursztynu ba\u0142tyckiego<\/strong> wykonana z <strong data-start=\"303\" data-end=\"343\">matowych kulek w odcieniu koniakowym<\/strong>. Osadzona na <strong data-start=\"357\" data-end=\"391\">wytrzyma\u0142ej, elastycznej gumce<\/strong>, doskonale dopasowuje si\u0119 do nadgarstka, zapewniaj\u0105c wygod\u0119 noszenia ka\u017cdego dnia.<br data-start=\"474\" data-end=\"477\" \/>Jej prostota i szlachetno\u015b\u0107 sprawiaj\u0105, \u017ce pasuje zar\u00f3wno do codziennych stylizacji, jak i eleganckich zestaw\u00f3w.<\/p>\n<p data-start=\"592\" data-end=\"617\"><strong data-start=\"592\" data-end=\"615\">Szczeg\u00f3\u0142y produktu:<\/strong><\/p>\n<ul data-start=\"618\" data-end=\"896\">\n<li data-start=\"664\" data-end=\"698\">\n<p data-start=\"666\" data-end=\"698\"><strong data-start=\"666\" data-end=\"686\">Kolor bursztynu:<\/strong> koniakowy<\/p>\n<\/li>\n<li data-start=\"699\" data-end=\"726\">\n<p data-start=\"701\" data-end=\"726\"><strong data-start=\"701\" data-end=\"717\">Wyko\u0144czenie:<\/strong> matowe<\/p>\n<\/li>\n<li data-start=\"727\" data-end=\"757\">\n<p data-start=\"729\" data-end=\"757\"><strong data-start=\"729\" data-end=\"749\">Kszta\u0142t kamieni:<\/strong> kulki<\/p>\n<\/li>\n<li data-start=\"758\" data-end=\"814\">\n<p data-start=\"760\" data-end=\"814\"><strong data-start=\"760\" data-end=\"783\">Rodzaj bransoletki:<\/strong> na elastycznej lince (gumce)<\/p>\n<\/li>\n<li data-start=\"815\" data-end=\"849\">\n<p data-start=\"817\" data-end=\"849\"><strong data-start=\"817\" data-end=\"826\">Styl:<\/strong> klasyczny, naturalny<\/p>\n<\/li>\n<\/ul>\n<p><strong data-start=\"1393\" data-end=\"1409\">Piel\u0119gnacja:<\/strong><br data-start=\"1409\" data-end=\"1412\" \/>Aby zachowa\u0107 pi\u0119kno bi\u017cuterii, unikaj kontaktu z wod\u0105, perfumami i detergentami. Czy\u015b\u0107 tylko przeznaczonymi do tego produktami i przechowuj w woreczku lub pude\u0142eczku jubilerskim aby zadba\u0107 o dobry wygl\u0105d bi\u017cuterii.<\/p>\n<p>KOD PRODUKTU B26<\/p>","protected":false},"excerpt":{"rendered":"<p>Prosta i elegancka bransoletka z matowych kulek bursztynu koniakowego. Elastyczna gumka sprawia, \u017ce doskonale dopasowuje si\u0119 do nadgarstka i pasuje na ka\u017cd\u0105 okazj\u0119.<\/p>","protected":false},"featured_media":5897,"template":"","meta":[],"etheme_brands":[],"product_brand":[],"product_cat":[49,19,18],"product_tag":[],"class_list":{"0":"post-5835","1":"product","2":"type-product","3":"status-publish","4":"has-post-thumbnail","6":"product_cat-prezenty-do-300-zl","7":"product_cat-bizuteria-meska","8":"product_cat-bransoletki-z-bursztynu","10":"first","11":"instock","12":"taxable","13":"shipping-taxable","14":"purchasable","15":"product-type-simple"},"_links":{"self":[{"href":"https:\/\/jubilerarbiszgdansk.pl\/en\/wp-json\/wp\/v2\/product\/5835","targetHints":{"allow":["GET"]}}],"collection":[{"href":"https:\/\/jubilerarbiszgdansk.pl\/en\/wp-json\/wp\/v2\/product"}],"about":[{"href":"https:\/\/jubilerarbiszgdansk.pl\/en\/wp-json\/wp\/v2\/types\/product"}],"version-history":[{"count":0,"href":"https:\/\/jubilerarbiszgdansk.pl\/en\/wp-json\/wp\/v2\/product\/5835\/revisions"}],"wp:featuredmedia":[{"embeddable":true,"href":"https:\/\/jubilerarbiszgdansk.pl\/en\/wp-json\/wp\/v2\/media\/5897"}],"wp:attachment":[{"href":"https:\/\/jubilerarbiszgdansk.pl\/en\/wp-json\/wp\/v2\/media?parent=5835"}],"wp:term":[{"taxonomy":"brand","embeddable":true,"href":"https:\/\/jubilerarbiszgdansk.pl\/en\/wp-json\/wp\/v2\/etheme_brands?post=5835"},{"taxonomy":"product_brand","embeddable":true,"href":"https:\/\/jubilerarbiszgdansk.pl\/en\/wp-json\/wp\/v2\/product_brand?post=5835"},{"taxonomy":"product_cat","embeddable":true,"href":"https:\/\/jubilerarbiszgdansk.pl\/en\/wp-json\/wp\/v2\/product_cat?post=5835"},{"taxonomy":"product_tag","embeddable":true,"href":"https:\/\/jubilerarbiszgdansk.pl\/en\/wp-json\/wp\/v2\/product_tag?post=5835"}],"curies":[{"name":"wp","href":"https:\/\/api.w.org\/{rel}","templated":true}]}}