{"id":5832,"date":"2025-11-08T13:41:04","date_gmt":"2025-11-08T12:41:04","guid":{"rendered":"https:\/\/jubilerarbiszgdansk.pl\/?post_type=product&#038;p=5832"},"modified":"2025-11-10T14:15:46","modified_gmt":"2025-11-10T13:15:46","slug":"bransoleta-srebrna-925-z-bursztynem-koniakowym","status":"publish","type":"product","link":"https:\/\/jubilerarbiszgdansk.pl\/en\/bransoleta-srebrna-925-z-bursztynem-koniakowym\/","title":{"rendered":"Bransoleta srebro 925 z bursztynem koniakowym"},"content":{"rendered":"<p data-start=\"234\" data-end=\"573\">Wyj\u0105tkowa bransoleta wykonana ze <strong data-start=\"267\" data-end=\"287\">srebra pr\u00f3by 925<\/strong>, ozdobiona <strong data-start=\"299\" data-end=\"356\">naturalnym bursztynem ba\u0142tyckim w odcieniu koniakowym<\/strong>, w kt\u00f3rego wn\u0119trzu mo\u017cna dostrzec subtelne <strong data-start=\"400\" data-end=\"424\">p\u0119cherzyki powietrza<\/strong>. To one sprawiaj\u0105, \u017ce kamie\u0144 w \u015bwietle s\u0142o\u0144ca <strong data-start=\"471\" data-end=\"525\">mieni si\u0119 i roz\u015bwietla tysi\u0105cem ciep\u0142ych refleks\u00f3w<\/strong>, tworz\u0105c niepowtarzalny efekt g\u0142\u0119bi i blasku.<\/p>\n<p data-start=\"575\" data-end=\"802\">Ka\u017cdy bursztyn jest inny \u2014 niepowtarzalna gra \u015bwiat\u0142a i barw czyni t\u0119 bransolet\u0119 jedyn\u0105 w swoim rodzaju. To po\u0142\u0105czenie <strong data-start=\"694\" data-end=\"737\">naturalnego pi\u0119kna i srebrnej elegancji<\/strong>, idealne dla os\u00f3b ceni\u0105cych oryginalno\u015b\u0107 oraz subtelny luksus.<\/p>\n<p data-start=\"804\" data-end=\"829\"><strong data-start=\"804\" data-end=\"827\">Szczeg\u00f3\u0142y produktu:<\/strong><\/p>\n<ul data-start=\"830\" data-end=\"1106\">\n<li data-start=\"909\" data-end=\"943\">\n<p data-start=\"911\" data-end=\"943\"><strong data-start=\"911\" data-end=\"931\">Kolor bursztynu:<\/strong> koniakowy<\/p>\n<\/li>\n<li data-start=\"944\" data-end=\"1024\">\n<p data-start=\"946\" data-end=\"1024\"><strong data-start=\"946\" data-end=\"966\">Charakterystyka:<\/strong> widoczne p\u0119cherzyki powietrza, efekt mienienia w s\u0142o\u0144cu<\/p>\n<\/li>\n<li data-start=\"1025\" data-end=\"1059\">\n<p data-start=\"1027\" data-end=\"1059\"><strong data-start=\"1027\" data-end=\"1036\">Styl:<\/strong> elegancki, klasyczny<\/p>\n<\/li>\n<\/ul>\n<p data-start=\"1393\" data-end=\"1540\"><strong data-start=\"1393\" data-end=\"1409\">Piel\u0119gnacja:<\/strong><br data-start=\"1409\" data-end=\"1412\" \/>Aby zachowa\u0107 pi\u0119kno bi\u017cuterii, unikaj kontaktu z wod\u0105, perfumami i detergentami. Czy\u015b\u0107 tylko przeznaczonymi do tego produktami i przechowuj w woreczku lub pude\u0142eczku jubilerskim aby zadba\u0107 o dobry wygl\u0105d bi\u017cuterii.<\/p>\n<p data-start=\"1393\" data-end=\"1540\">KOD PRODUKTU B04<\/p>","protected":false},"excerpt":{"rendered":"<p>Wyj\u0105tkowa bransoleta wykonana ze srebra pr\u00f3by 925, ozdobiona naturalnym bursztynem ba\u0142tyckim w odcieniu koniakowym, w kt\u00f3rego wn\u0119trzu mo\u017cna dostrzec subtelne p\u0119cherzyki powietrza. To one sprawiaj\u0105,&#8230;<\/p>","protected":false},"featured_media":5892,"template":"","meta":[],"etheme_brands":[],"product_brand":[],"product_cat":[18,52,48],"product_tag":[],"class_list":{"0":"post-5832","1":"product","2":"type-product","3":"status-publish","4":"has-post-thumbnail","6":"product_cat-bransoletki-z-bursztynu","7":"product_cat-prezenty-premium","8":"product_cat-promocja","10":"first","11":"instock","12":"sale","13":"taxable","14":"shipping-taxable","15":"purchasable","16":"product-type-simple"},"_links":{"self":[{"href":"https:\/\/jubilerarbiszgdansk.pl\/en\/wp-json\/wp\/v2\/product\/5832","targetHints":{"allow":["GET"]}}],"collection":[{"href":"https:\/\/jubilerarbiszgdansk.pl\/en\/wp-json\/wp\/v2\/product"}],"about":[{"href":"https:\/\/jubilerarbiszgdansk.pl\/en\/wp-json\/wp\/v2\/types\/product"}],"version-history":[{"count":0,"href":"https:\/\/jubilerarbiszgdansk.pl\/en\/wp-json\/wp\/v2\/product\/5832\/revisions"}],"wp:featuredmedia":[{"embeddable":true,"href":"https:\/\/jubilerarbiszgdansk.pl\/en\/wp-json\/wp\/v2\/media\/5892"}],"wp:attachment":[{"href":"https:\/\/jubilerarbiszgdansk.pl\/en\/wp-json\/wp\/v2\/media?parent=5832"}],"wp:term":[{"taxonomy":"brand","embeddable":true,"href":"https:\/\/jubilerarbiszgdansk.pl\/en\/wp-json\/wp\/v2\/etheme_brands?post=5832"},{"taxonomy":"product_brand","embeddable":true,"href":"https:\/\/jubilerarbiszgdansk.pl\/en\/wp-json\/wp\/v2\/product_brand?post=5832"},{"taxonomy":"product_cat","embeddable":true,"href":"https:\/\/jubilerarbiszgdansk.pl\/en\/wp-json\/wp\/v2\/product_cat?post=5832"},{"taxonomy":"product_tag","embeddable":true,"href":"https:\/\/jubilerarbiszgdansk.pl\/en\/wp-json\/wp\/v2\/product_tag?post=5832"}],"curies":[{"name":"wp","href":"https:\/\/api.w.org\/{rel}","templated":true}]}}