{"id":5830,"date":"2025-11-08T13:22:24","date_gmt":"2025-11-08T12:22:24","guid":{"rendered":"https:\/\/jubilerarbiszgdansk.pl\/?post_type=product&#038;p=5830"},"modified":"2025-11-10T13:51:09","modified_gmt":"2025-11-10T12:51:09","slug":"bransoleta-srebro-925-z-bursztynem-koniakowym","status":"publish","type":"product","link":"https:\/\/jubilerarbiszgdansk.pl\/en\/bransoleta-srebro-925-z-bursztynem-koniakowym\/","title":{"rendered":"Bransoleta srebro 925 z bursztynem koniakowym"},"content":{"rendered":"<p>Wyj\u0105tkowa bransoleta wykonana ze <strong data-start=\"224\" data-end=\"244\">srebra pr\u00f3by 925<\/strong>, ozdobiona <strong data-start=\"256\" data-end=\"313\">naturalnym bursztynem ba\u0142tyckim w odcieniu koniakowym<\/strong>. Kamie\u0144 zosta\u0142 starannie <strong data-start=\"339\" data-end=\"367\">oprawiony w srebrn\u0105 ram\u0119<\/strong>, kt\u00f3ra podkre\u015bla jego g\u0142\u0119boki kolor i naturalny blask. To po\u0142\u0105czenie klasyki i elegancji, kt\u00f3re doskonale dope\u0142ni zar\u00f3wno codzienny, jak i wieczorowy str\u00f3j.<\/p>\n<p data-start=\"528\" data-end=\"553\"><strong data-start=\"528\" data-end=\"551\">Szczeg\u00f3\u0142y produktu:<\/strong><\/p>\n<ul data-start=\"554\" data-end=\"857\">\n<li data-start=\"633\" data-end=\"667\">\n<p data-start=\"635\" data-end=\"667\"><strong data-start=\"635\" data-end=\"655\">Kolor bursztynu:<\/strong> koniakowy<\/p>\n<\/li>\n<li data-start=\"668\" data-end=\"703\">\n<p data-start=\"670\" data-end=\"703\"><strong data-start=\"670\" data-end=\"681\">Oprawa:<\/strong> srebrna<\/p>\n<\/li>\n<li data-start=\"704\" data-end=\"738\">\n<p data-start=\"706\" data-end=\"738\"><strong data-start=\"706\" data-end=\"715\">Styl:<\/strong> elegancki, klasyczny<\/p>\n<\/li>\n<li data-start=\"739\" data-end=\"810\">\n<p data-start=\"741\" data-end=\"810\"><strong data-start=\"741\" data-end=\"754\">Zapi\u0119cie:<\/strong> solidne i wygodne<\/p>\n<\/li>\n<\/ul>\n<p data-start=\"1139\" data-end=\"1300\"><strong data-start=\"1139\" data-end=\"1155\">Piel\u0119gnacja:<\/strong><br data-start=\"1155\" data-end=\"1158\" \/>Aby zachowa\u0107 pi\u0119kno bi\u017cuterii, unikaj kontaktu z wod\u0105, perfumami i detergentami. Czy\u015b\u0107 tylko przeznaczonymi do tego produktami i przechowuj w woreczku lub pude\u0142ku jubilerskim aby zadba\u0107 o dobry wygl\u0105d bi\u017cuterii.<\/p>\n<p data-start=\"1139\" data-end=\"1300\">KOD PRODUKTU B05<\/p>","protected":false},"excerpt":{"rendered":"<p>Klasyczna bransoleta ze srebra 925 z naturalnym bursztynem koniakowym. Ciep\u0142y blask bursztynu i po\u0142ysk srebra tworz\u0105 ponadczasowe po\u0142\u0105czenie pe\u0142ne elegancji.<\/p>","protected":false},"featured_media":5887,"template":"","meta":[],"etheme_brands":[],"product_brand":[],"product_cat":[52,18],"product_tag":[],"class_list":{"0":"post-5830","1":"product","2":"type-product","3":"status-publish","4":"has-post-thumbnail","6":"product_cat-prezenty-premium","7":"product_cat-bransoletki-z-bursztynu","9":"first","10":"instock","11":"sale","12":"taxable","13":"shipping-taxable","14":"purchasable","15":"product-type-simple"},"_links":{"self":[{"href":"https:\/\/jubilerarbiszgdansk.pl\/en\/wp-json\/wp\/v2\/product\/5830","targetHints":{"allow":["GET"]}}],"collection":[{"href":"https:\/\/jubilerarbiszgdansk.pl\/en\/wp-json\/wp\/v2\/product"}],"about":[{"href":"https:\/\/jubilerarbiszgdansk.pl\/en\/wp-json\/wp\/v2\/types\/product"}],"version-history":[{"count":0,"href":"https:\/\/jubilerarbiszgdansk.pl\/en\/wp-json\/wp\/v2\/product\/5830\/revisions"}],"wp:featuredmedia":[{"embeddable":true,"href":"https:\/\/jubilerarbiszgdansk.pl\/en\/wp-json\/wp\/v2\/media\/5887"}],"wp:attachment":[{"href":"https:\/\/jubilerarbiszgdansk.pl\/en\/wp-json\/wp\/v2\/media?parent=5830"}],"wp:term":[{"taxonomy":"brand","embeddable":true,"href":"https:\/\/jubilerarbiszgdansk.pl\/en\/wp-json\/wp\/v2\/etheme_brands?post=5830"},{"taxonomy":"product_brand","embeddable":true,"href":"https:\/\/jubilerarbiszgdansk.pl\/en\/wp-json\/wp\/v2\/product_brand?post=5830"},{"taxonomy":"product_cat","embeddable":true,"href":"https:\/\/jubilerarbiszgdansk.pl\/en\/wp-json\/wp\/v2\/product_cat?post=5830"},{"taxonomy":"product_tag","embeddable":true,"href":"https:\/\/jubilerarbiszgdansk.pl\/en\/wp-json\/wp\/v2\/product_tag?post=5830"}],"curies":[{"name":"wp","href":"https:\/\/api.w.org\/{rel}","templated":true}]}}