{"id":5821,"date":"2025-11-08T12:30:40","date_gmt":"2025-11-08T11:30:40","guid":{"rendered":"https:\/\/jubilerarbiszgdansk.pl\/?post_type=product&#038;p=5821"},"modified":"2025-11-10T16:59:57","modified_gmt":"2025-11-10T15:59:57","slug":"bransoletka-z-bursztynem-matowym-srebro-925-pozlacane","status":"publish","type":"product","link":"https:\/\/jubilerarbiszgdansk.pl\/en\/bransoletka-z-bursztynem-matowym-srebro-925-pozlacane\/","title":{"rendered":"Bransoletka z bursztynem mlecznym i matowym, srebro 925 poz\u0142acane"},"content":{"rendered":"<p data-start=\"579\" data-end=\"604\">Ta wyj\u0105tkowa bransoletka to po\u0142\u0105czenie naturalnego pi\u0119kna bursztynu i szlachetnego blasku srebra. W centrum kompozycji znajduje si\u0119 <strong data-start=\"322\" data-end=\"342\">bursztyn mleczny<\/strong> o delikatnym, ciep\u0142ym odcieniu, otoczony <strong data-start=\"384\" data-end=\"417\">matowymi kamieniami bursztynu<\/strong>, kt\u00f3re podkre\u015blaj\u0105 jego wyj\u0105tkowy charakter. Ca\u0142o\u015b\u0107 uzupe\u0142niaj\u0105 <strong data-start=\"482\" data-end=\"526\">poz\u0142acane przek\u0142adki ze srebra pr\u00f3by 925<\/strong>, nadaj\u0105ce bi\u017cuterii elegancki, luksusowy wygl\u0105d.<\/p>\n<p data-start=\"579\" data-end=\"604\"><strong data-start=\"579\" data-end=\"602\">Szczeg\u00f3\u0142y produktu:<\/strong><\/p>\n<ul data-start=\"605\" data-end=\"958\">\n<li data-start=\"605\" data-end=\"650\">\n<p data-start=\"607\" data-end=\"650\"><strong data-start=\"607\" data-end=\"620\">Materia\u0142:<\/strong> srebro pr\u00f3by 925, poz\u0142acane<\/p>\n<\/li>\n<li data-start=\"651\" data-end=\"715\">\n<p data-start=\"653\" data-end=\"715\"><strong data-start=\"653\" data-end=\"666\">Kamienie:<\/strong> naturalny bursztyn ba\u0142tycki<\/p>\n<\/li>\n<li data-start=\"651\" data-end=\"715\"><strong>Waga:\u00a0<\/strong>10,92g<\/li>\n<li data-start=\"769\" data-end=\"802\">\n<p data-start=\"771\" data-end=\"802\"><strong data-start=\"771\" data-end=\"787\">Wyko\u0144czenie:<\/strong> mat \/ po\u0142ysk<\/p>\n<\/li>\n<li data-start=\"803\" data-end=\"897\">\n<p data-start=\"805\" data-end=\"897\"><strong data-start=\"805\" data-end=\"825\">Rodzaj zapi\u0119cia:<\/strong> na elastycznej lince<\/p>\n<\/li>\n<\/ul>\n<p>&nbsp;<\/p>\n<p>KOD PRODUKTU B22<\/p>","protected":false},"excerpt":{"rendered":"<p>Ta wyj\u0105tkowa bransoletka to po\u0142\u0105czenie naturalnego pi\u0119kna bursztynu i szlachetnego blasku srebra. W centrum kompozycji znajduje si\u0119 <strong data-start=\"322\" data-end=\"342\">bursztyn mleczny<\/strong> o delikatnym, ciep\u0142ym odcieniu, otoczony <strong data-start=\"384\" data-end=\"417\">matowymi kamieniami bursztynu<\/strong>, kt\u00f3re podkre\u015blaj\u0105 jego wyj\u0105tkowy charakter. Ca\u0142o\u015b\u0107 uzupe\u0142niaj\u0105 <strong data-start=\"482\" data-end=\"526\">poz\u0142acane przek\u0142adki ze srebra pr\u00f3by 925<\/strong>, nadaj\u0105ce bi\u017cuterii elegancki, luksusowy wygl\u0105d.<\/p>","protected":false},"featured_media":5881,"template":"","meta":[],"etheme_brands":[],"product_brand":[],"product_cat":[18,19],"product_tag":[],"class_list":{"0":"post-5821","1":"product","2":"type-product","3":"status-publish","4":"has-post-thumbnail","6":"product_cat-bransoletki-z-bursztynu","7":"product_cat-bizuteria-meska","9":"first","10":"instock","11":"taxable","12":"shipping-taxable","13":"purchasable","14":"product-type-simple"},"_links":{"self":[{"href":"https:\/\/jubilerarbiszgdansk.pl\/en\/wp-json\/wp\/v2\/product\/5821","targetHints":{"allow":["GET"]}}],"collection":[{"href":"https:\/\/jubilerarbiszgdansk.pl\/en\/wp-json\/wp\/v2\/product"}],"about":[{"href":"https:\/\/jubilerarbiszgdansk.pl\/en\/wp-json\/wp\/v2\/types\/product"}],"version-history":[{"count":0,"href":"https:\/\/jubilerarbiszgdansk.pl\/en\/wp-json\/wp\/v2\/product\/5821\/revisions"}],"wp:featuredmedia":[{"embeddable":true,"href":"https:\/\/jubilerarbiszgdansk.pl\/en\/wp-json\/wp\/v2\/media\/5881"}],"wp:attachment":[{"href":"https:\/\/jubilerarbiszgdansk.pl\/en\/wp-json\/wp\/v2\/media?parent=5821"}],"wp:term":[{"taxonomy":"brand","embeddable":true,"href":"https:\/\/jubilerarbiszgdansk.pl\/en\/wp-json\/wp\/v2\/etheme_brands?post=5821"},{"taxonomy":"product_brand","embeddable":true,"href":"https:\/\/jubilerarbiszgdansk.pl\/en\/wp-json\/wp\/v2\/product_brand?post=5821"},{"taxonomy":"product_cat","embeddable":true,"href":"https:\/\/jubilerarbiszgdansk.pl\/en\/wp-json\/wp\/v2\/product_cat?post=5821"},{"taxonomy":"product_tag","embeddable":true,"href":"https:\/\/jubilerarbiszgdansk.pl\/en\/wp-json\/wp\/v2\/product_tag?post=5821"}],"curies":[{"name":"wp","href":"https:\/\/api.w.org\/{rel}","templated":true}]}}