{"id":5738,"date":"2025-11-06T17:53:58","date_gmt":"2025-11-06T16:53:58","guid":{"rendered":"https:\/\/jubilerarbiszgdansk.pl\/?post_type=product&#038;p=5738"},"modified":"2025-11-10T13:41:01","modified_gmt":"2025-11-10T12:41:01","slug":"bransoleta-z-koniakowym-bursztynem-srebro-925","status":"publish","type":"product","link":"https:\/\/jubilerarbiszgdansk.pl\/en\/bransoleta-z-koniakowym-bursztynem-srebro-925\/","title":{"rendered":"Bransoleta z koniakowym bursztynem, srebro 925"},"content":{"rendered":"<p data-start=\"170\" data-end=\"426\">Elegancka bransoletka wykonana ze srebra pr\u00f3by 925, ozdobiona naturalnym bursztynem ba\u0142tyckim. Bursztyn o ciep\u0142ej, miodowo-koniakowej barwie pi\u0119knie kontrastuje z ch\u0142odnym po\u0142yskiem srebra \u2014 razem tworz\u0105 wyrazisty, a zarazem subtelny dodatek do stylizacji.<\/p>\n<p data-start=\"428\" data-end=\"442\"><strong data-start=\"428\" data-end=\"442\">Szczeg\u00f3\u0142y:<\/strong><\/p>\n<ul data-start=\"443\" data-end=\"1008\">\n<li data-start=\"443\" data-end=\"595\">\n<p data-start=\"445\" data-end=\"595\">Materia\u0142: srebro pr\u00f3by 925 \u2014 klasyczna i uznana pr\u00f3ba, oznaczaj\u0105ca, \u017ce stop zawiera 925 cz\u0119\u015bci srebra na 1000.<\/p>\n<\/li>\n<li data-start=\"443\" data-end=\"595\">Waga produktu &#8211; 31,22g<\/li>\n<li data-start=\"596\" data-end=\"777\">\n<p data-start=\"598\" data-end=\"777\">Kamie\u0144: naturalny bursztyn ba\u0142tycki \u2014 unikalna struktura i barwa, ka\u017cda sztuka mo\u017ce si\u0119 nieco r\u00f3\u017cni\u0107, co podkre\u015bla jej wyj\u0105tkowy charakter.<\/p>\n<\/li>\n<li data-start=\"778\" data-end=\"899\">\n<p data-start=\"780\" data-end=\"899\">Styl: bransoletka nadaje si\u0119 zar\u00f3wno na co dzie\u0144, jak i na wyj\u0105tkow\u0105 okazj\u0119 \u2014 \u0142\u0105czy w sobie klasyk\u0119 i naturalny urok.<\/p>\n<\/li>\n<li data-start=\"900\" data-end=\"1008\">\n<p data-start=\"902\" data-end=\"1008\">Idealna jako prezent \u2014 ze wzgl\u0119du na szlachetne materia\u0142y, autentyczno\u015b\u0107 kamienia oraz uniwersalny design.<\/p>\n<\/li>\n<\/ul>\n<p>Kod produktu : B08<\/p>","protected":false},"excerpt":{"rendered":"<p>Elegancka bransoletka wykonana ze srebra pr\u00f3by 925, ozdobiona naturalnym bursztynem ba\u0142tyckim.<\/p>","protected":false},"featured_media":5873,"template":"","meta":[],"etheme_brands":[],"product_brand":[],"product_cat":[18,52],"product_tag":[],"class_list":{"0":"post-5738","1":"product","2":"type-product","3":"status-publish","4":"has-post-thumbnail","6":"product_cat-bransoletki-z-bursztynu","7":"product_cat-prezenty-premium","9":"first","10":"instock","11":"taxable","12":"shipping-taxable","13":"purchasable","14":"product-type-simple"},"_links":{"self":[{"href":"https:\/\/jubilerarbiszgdansk.pl\/en\/wp-json\/wp\/v2\/product\/5738","targetHints":{"allow":["GET"]}}],"collection":[{"href":"https:\/\/jubilerarbiszgdansk.pl\/en\/wp-json\/wp\/v2\/product"}],"about":[{"href":"https:\/\/jubilerarbiszgdansk.pl\/en\/wp-json\/wp\/v2\/types\/product"}],"version-history":[{"count":0,"href":"https:\/\/jubilerarbiszgdansk.pl\/en\/wp-json\/wp\/v2\/product\/5738\/revisions"}],"wp:featuredmedia":[{"embeddable":true,"href":"https:\/\/jubilerarbiszgdansk.pl\/en\/wp-json\/wp\/v2\/media\/5873"}],"wp:attachment":[{"href":"https:\/\/jubilerarbiszgdansk.pl\/en\/wp-json\/wp\/v2\/media?parent=5738"}],"wp:term":[{"taxonomy":"brand","embeddable":true,"href":"https:\/\/jubilerarbiszgdansk.pl\/en\/wp-json\/wp\/v2\/etheme_brands?post=5738"},{"taxonomy":"product_brand","embeddable":true,"href":"https:\/\/jubilerarbiszgdansk.pl\/en\/wp-json\/wp\/v2\/product_brand?post=5738"},{"taxonomy":"product_cat","embeddable":true,"href":"https:\/\/jubilerarbiszgdansk.pl\/en\/wp-json\/wp\/v2\/product_cat?post=5738"},{"taxonomy":"product_tag","embeddable":true,"href":"https:\/\/jubilerarbiszgdansk.pl\/en\/wp-json\/wp\/v2\/product_tag?post=5738"}],"curies":[{"name":"wp","href":"https:\/\/api.w.org\/{rel}","templated":true}]}}