{"id":247,"date":"2023-05-22T18:16:21","date_gmt":"2023-05-22T16:16:21","guid":{"rendered":"http:\/\/hosting2064503.online.pro\/autoinstalator\/wordpress1\/?post_type=product&#038;p=247"},"modified":"2025-11-10T11:36:08","modified_gmt":"2025-11-10T10:36:08","slug":"bursztynowy-krzyzyk","status":"publish","type":"product","link":"https:\/\/jubilerarbiszgdansk.pl\/en\/bursztynowy-krzyzyk\/","title":{"rendered":"Bursztynowy krzy\u017cyk"},"content":{"rendered":"<p>Nowoczesna form krzy\u017cyka oprawiona w srebro najwy\u017cszej jako\u015bci pr\u00f3by 925 oraz wykonana z naszego z\u0142ota ba\u0142tyku czyli z bursztynu ba\u0142tyckiego.<\/p>\n<p>Waga 10.7g<\/p>","protected":false},"excerpt":{"rendered":"<p>Nowoczesna form krzy\u017cyka oprawiona w srebro najwy\u017cszej jako\u015bci pr\u00f3by 925 oraz wykonana z naszego z\u0142ota ba\u0142tyku czyli z bursztynu ba\u0142tyckiego. Waga 10.7g<\/p>","protected":false},"featured_media":286,"template":"","meta":[],"etheme_brands":[],"product_brand":[],"product_cat":[20],"product_tag":[],"class_list":{"0":"post-247","1":"product","2":"type-product","3":"status-publish","4":"has-post-thumbnail","6":"product_cat-zawieszki-z-bursztynu","8":"first","9":"instock","10":"sold-individually","11":"taxable","12":"shipping-taxable","13":"purchasable","14":"product-type-simple"},"_links":{"self":[{"href":"https:\/\/jubilerarbiszgdansk.pl\/en\/wp-json\/wp\/v2\/product\/247","targetHints":{"allow":["GET"]}}],"collection":[{"href":"https:\/\/jubilerarbiszgdansk.pl\/en\/wp-json\/wp\/v2\/product"}],"about":[{"href":"https:\/\/jubilerarbiszgdansk.pl\/en\/wp-json\/wp\/v2\/types\/product"}],"version-history":[{"count":0,"href":"https:\/\/jubilerarbiszgdansk.pl\/en\/wp-json\/wp\/v2\/product\/247\/revisions"}],"wp:featuredmedia":[{"embeddable":true,"href":"https:\/\/jubilerarbiszgdansk.pl\/en\/wp-json\/wp\/v2\/media\/286"}],"wp:attachment":[{"href":"https:\/\/jubilerarbiszgdansk.pl\/en\/wp-json\/wp\/v2\/media?parent=247"}],"wp:term":[{"taxonomy":"brand","embeddable":true,"href":"https:\/\/jubilerarbiszgdansk.pl\/en\/wp-json\/wp\/v2\/etheme_brands?post=247"},{"taxonomy":"product_brand","embeddable":true,"href":"https:\/\/jubilerarbiszgdansk.pl\/en\/wp-json\/wp\/v2\/product_brand?post=247"},{"taxonomy":"product_cat","embeddable":true,"href":"https:\/\/jubilerarbiszgdansk.pl\/en\/wp-json\/wp\/v2\/product_cat?post=247"},{"taxonomy":"product_tag","embeddable":true,"href":"https:\/\/jubilerarbiszgdansk.pl\/en\/wp-json\/wp\/v2\/product_tag?post=247"}],"curies":[{"name":"wp","href":"https:\/\/api.w.org\/{rel}","templated":true}]}}