{"id":246,"date":"2023-05-22T18:16:21","date_gmt":"2023-05-22T16:16:21","guid":{"rendered":"http:\/\/hosting2064503.online.pro\/autoinstalator\/wordpress1\/?post_type=product&#038;p=246"},"modified":"2025-11-10T11:35:45","modified_gmt":"2025-11-10T10:35:45","slug":"bursztynowy-krzyzyk-w-srebrze","status":"publish","type":"product","link":"https:\/\/jubilerarbiszgdansk.pl\/en\/bursztynowy-krzyzyk-w-srebrze\/","title":{"rendered":"Bursztynowy krzy\u017cyk w srebrze"},"content":{"rendered":"<p>Pi\u0119kny, do\u015b\u0107 w nowoczesnej formie krzy\u017cyk z idealnie wsp\u00f3\u0142graj\u0105cymi kolorami bursztynu.<\/p>\n<p>Wykonany z najwy\u017cszej jako\u015bci srebra pr\u00f3by 925 oraz z naszego z\u0142ota ba\u0142tyku czyli bursztynu ba\u0142tyckiego.<\/p>\n<p>Waga 9.7g<\/p>\n<p>&nbsp;<\/p>","protected":false},"excerpt":{"rendered":"<p>Pi\u0119kny, do\u015b\u0107 w nowoczesnej formie krzy\u017cyk z idealnie wsp\u00f3\u0142graj\u0105cymi kolorami bursztynu. Wykonany z najwy\u017cszej jako\u015bci srebra pr\u00f3by 925 oraz z naszego z\u0142ota ba\u0142tyku czyli bursztynu&#8230;<\/p>","protected":false},"featured_media":284,"template":"","meta":[],"etheme_brands":[],"product_brand":[],"product_cat":[20],"product_tag":[],"class_list":{"0":"post-246","1":"product","2":"type-product","3":"status-publish","4":"has-post-thumbnail","6":"product_cat-zawieszki-z-bursztynu","8":"first","9":"instock","10":"sold-individually","11":"taxable","12":"shipping-taxable","13":"purchasable","14":"product-type-simple"},"_links":{"self":[{"href":"https:\/\/jubilerarbiszgdansk.pl\/en\/wp-json\/wp\/v2\/product\/246","targetHints":{"allow":["GET"]}}],"collection":[{"href":"https:\/\/jubilerarbiszgdansk.pl\/en\/wp-json\/wp\/v2\/product"}],"about":[{"href":"https:\/\/jubilerarbiszgdansk.pl\/en\/wp-json\/wp\/v2\/types\/product"}],"version-history":[{"count":0,"href":"https:\/\/jubilerarbiszgdansk.pl\/en\/wp-json\/wp\/v2\/product\/246\/revisions"}],"wp:featuredmedia":[{"embeddable":true,"href":"https:\/\/jubilerarbiszgdansk.pl\/en\/wp-json\/wp\/v2\/media\/284"}],"wp:attachment":[{"href":"https:\/\/jubilerarbiszgdansk.pl\/en\/wp-json\/wp\/v2\/media?parent=246"}],"wp:term":[{"taxonomy":"brand","embeddable":true,"href":"https:\/\/jubilerarbiszgdansk.pl\/en\/wp-json\/wp\/v2\/etheme_brands?post=246"},{"taxonomy":"product_brand","embeddable":true,"href":"https:\/\/jubilerarbiszgdansk.pl\/en\/wp-json\/wp\/v2\/product_brand?post=246"},{"taxonomy":"product_cat","embeddable":true,"href":"https:\/\/jubilerarbiszgdansk.pl\/en\/wp-json\/wp\/v2\/product_cat?post=246"},{"taxonomy":"product_tag","embeddable":true,"href":"https:\/\/jubilerarbiszgdansk.pl\/en\/wp-json\/wp\/v2\/product_tag?post=246"}],"curies":[{"name":"wp","href":"https:\/\/api.w.org\/{rel}","templated":true}]}}