{"id":200,"date":"2023-05-22T18:15:39","date_gmt":"2023-05-22T16:15:39","guid":{"rendered":"http:\/\/hosting2064503.online.pro\/autoinstalator\/wordpress1\/?post_type=product&#038;p=200"},"modified":"2025-11-10T11:36:45","modified_gmt":"2025-11-10T10:36:45","slug":"broszka-w-ksztalcie-pajaka","status":"publish","type":"product","link":"https:\/\/jubilerarbiszgdansk.pl\/en\/broszka-w-ksztalcie-pajaka\/","title":{"rendered":"Broszka w kszta\u0142cie paj\u0105ka"},"content":{"rendered":"<p><strong>Broszka w kszta\u0142cie paj\u0105ka<\/strong><\/p>\n<p>wykonana ze srebra najwy\u017cszej jako\u015bci, pr\u00f3by 925 i bursztynu ba\u0142tyckiego w kolorze koniakowym.<\/p>\n<p><strong>Srebro 925g<\/strong><\/p>\n<p><strong>Bursztyn ba\u0142tycki<\/strong><\/p>\n<p><strong>Waga 5,3g<\/strong><\/p>","protected":false},"excerpt":{"rendered":"<p><strong>Broszka w kszta\u0142cie paj\u0105ka<\/strong><\/p>","protected":false},"featured_media":254,"template":"","meta":[],"etheme_brands":[],"product_brand":[],"product_cat":[26,49],"product_tag":[],"class_list":{"0":"post-200","1":"product","2":"type-product","3":"status-publish","4":"has-post-thumbnail","6":"product_cat-broszki","7":"product_cat-prezenty-do-300-zl","9":"first","10":"instock","11":"taxable","12":"shipping-taxable","13":"purchasable","14":"product-type-simple"},"_links":{"self":[{"href":"https:\/\/jubilerarbiszgdansk.pl\/en\/wp-json\/wp\/v2\/product\/200","targetHints":{"allow":["GET"]}}],"collection":[{"href":"https:\/\/jubilerarbiszgdansk.pl\/en\/wp-json\/wp\/v2\/product"}],"about":[{"href":"https:\/\/jubilerarbiszgdansk.pl\/en\/wp-json\/wp\/v2\/types\/product"}],"version-history":[{"count":0,"href":"https:\/\/jubilerarbiszgdansk.pl\/en\/wp-json\/wp\/v2\/product\/200\/revisions"}],"wp:featuredmedia":[{"embeddable":true,"href":"https:\/\/jubilerarbiszgdansk.pl\/en\/wp-json\/wp\/v2\/media\/254"}],"wp:attachment":[{"href":"https:\/\/jubilerarbiszgdansk.pl\/en\/wp-json\/wp\/v2\/media?parent=200"}],"wp:term":[{"taxonomy":"brand","embeddable":true,"href":"https:\/\/jubilerarbiszgdansk.pl\/en\/wp-json\/wp\/v2\/etheme_brands?post=200"},{"taxonomy":"product_brand","embeddable":true,"href":"https:\/\/jubilerarbiszgdansk.pl\/en\/wp-json\/wp\/v2\/product_brand?post=200"},{"taxonomy":"product_cat","embeddable":true,"href":"https:\/\/jubilerarbiszgdansk.pl\/en\/wp-json\/wp\/v2\/product_cat?post=200"},{"taxonomy":"product_tag","embeddable":true,"href":"https:\/\/jubilerarbiszgdansk.pl\/en\/wp-json\/wp\/v2\/product_tag?post=200"}],"curies":[{"name":"wp","href":"https:\/\/api.w.org\/{rel}","templated":true}]}}