{"id":197,"date":"2023-05-22T18:15:38","date_gmt":"2023-05-22T16:15:38","guid":{"rendered":"http:\/\/hosting2064503.online.pro\/autoinstalator\/wordpress1\/?post_type=product&#038;p=197"},"modified":"2025-11-10T11:37:14","modified_gmt":"2025-11-10T10:37:14","slug":"zloty-pierscionek-z-koniakowym-bursztynem","status":"publish","type":"product","link":"https:\/\/jubilerarbiszgdansk.pl\/en\/zloty-pierscionek-z-koniakowym-bursztynem\/","title":{"rendered":"Z\u0142oty pier\u015bcionek z koniakowym bursztynem"},"content":{"rendered":"<p>Z\u0142oty pier\u015bcionek wykonany z \u017c\u00f3\u0142tego z\u0142ota 14ct pr\u00f3by 585 zdobiony bursztynem ba\u0142tyckim. Jest to unikat, praca wykonana r\u0119cznie.<\/p>\n<p>Pr\u00f3ba z\u0142ota 585<\/p>\n<p>Masa: 7,600g<\/p>\n<p>Rozmiar 17<\/p>","protected":false},"excerpt":{"rendered":"<p>Z\u0142oty pier\u015bcionek wykonany z \u017c\u00f3\u0142tego z\u0142ota 14ct pr\u00f3by 585 zdobiony bursztynem ba\u0142tyckim. Jest to unikat, praca wykonana r\u0119cznie. Pr\u00f3ba z\u0142ota 585 Masa: 7,600g Rozmiar 17<\/p>","protected":false},"featured_media":239,"template":"","meta":[],"etheme_brands":[],"product_brand":[],"product_cat":[23,52],"product_tag":[],"class_list":{"0":"post-197","1":"product","2":"type-product","3":"status-publish","4":"has-post-thumbnail","6":"product_cat-bizuteria-zlota","7":"product_cat-prezenty-premium","9":"first","10":"instock","11":"taxable","12":"shipping-taxable","13":"purchasable","14":"product-type-simple"},"_links":{"self":[{"href":"https:\/\/jubilerarbiszgdansk.pl\/en\/wp-json\/wp\/v2\/product\/197","targetHints":{"allow":["GET"]}}],"collection":[{"href":"https:\/\/jubilerarbiszgdansk.pl\/en\/wp-json\/wp\/v2\/product"}],"about":[{"href":"https:\/\/jubilerarbiszgdansk.pl\/en\/wp-json\/wp\/v2\/types\/product"}],"version-history":[{"count":0,"href":"https:\/\/jubilerarbiszgdansk.pl\/en\/wp-json\/wp\/v2\/product\/197\/revisions"}],"wp:featuredmedia":[{"embeddable":true,"href":"https:\/\/jubilerarbiszgdansk.pl\/en\/wp-json\/wp\/v2\/media\/239"}],"wp:attachment":[{"href":"https:\/\/jubilerarbiszgdansk.pl\/en\/wp-json\/wp\/v2\/media?parent=197"}],"wp:term":[{"taxonomy":"brand","embeddable":true,"href":"https:\/\/jubilerarbiszgdansk.pl\/en\/wp-json\/wp\/v2\/etheme_brands?post=197"},{"taxonomy":"product_brand","embeddable":true,"href":"https:\/\/jubilerarbiszgdansk.pl\/en\/wp-json\/wp\/v2\/product_brand?post=197"},{"taxonomy":"product_cat","embeddable":true,"href":"https:\/\/jubilerarbiszgdansk.pl\/en\/wp-json\/wp\/v2\/product_cat?post=197"},{"taxonomy":"product_tag","embeddable":true,"href":"https:\/\/jubilerarbiszgdansk.pl\/en\/wp-json\/wp\/v2\/product_tag?post=197"}],"curies":[{"name":"wp","href":"https:\/\/api.w.org\/{rel}","templated":true}]}}