{"id":174,"date":"2023-05-22T18:15:16","date_gmt":"2023-05-22T16:15:16","guid":{"rendered":"http:\/\/hosting2064503.online.pro\/autoinstalator\/wordpress1\/?post_type=product&#038;p=174"},"modified":"2025-11-10T11:38:39","modified_gmt":"2025-11-10T10:38:39","slug":"zloty-naszyjnik-z-bursztynem","status":"publish","type":"product","link":"https:\/\/jubilerarbiszgdansk.pl\/en\/zloty-naszyjnik-z-bursztynem\/","title":{"rendered":"Z\u0142oty naszyjnik z bursztynem"},"content":{"rendered":"<p>Pi\u0119kny koniakowy bursztyn okuty w z\u0142ocie 14ct pr\u00f3by 585 najwy\u017cszej jako\u015bci. Ta niezwykle szykowna kolia idealnie sprawdzi si\u0119 jako dope\u0142nienie prostych, eleganckich stylizacji.<\/p>\n<p>Z\u0142oto 14ct pr\u00f3by 585<\/p>\n<p>Waga 13,43g<\/p>\n<p>Bursztyn ba\u0142tycki<\/p>","protected":false},"excerpt":{"rendered":"<p>Pi\u0119kny koniakowy bursztyn okuty w z\u0142ocie 14ct pr\u00f3by 585 najwy\u017cszej jako\u015bci. Ta niezwykle szykowna kolia idealnie sprawdzi si\u0119 jako dope\u0142nienie prostych, eleganckich stylizacji. Z\u0142oto 14ct&#8230;<\/p>","protected":false},"featured_media":229,"template":"","meta":[],"etheme_brands":[],"product_brand":[],"product_cat":[23,51],"product_tag":[],"class_list":{"0":"post-174","1":"product","2":"type-product","3":"status-publish","4":"has-post-thumbnail","6":"product_cat-bizuteria-zlota","7":"product_cat-prezenty-do-500-zl","9":"first","10":"instock","11":"taxable","12":"shipping-taxable","13":"purchasable","14":"product-type-simple"},"_links":{"self":[{"href":"https:\/\/jubilerarbiszgdansk.pl\/en\/wp-json\/wp\/v2\/product\/174","targetHints":{"allow":["GET"]}}],"collection":[{"href":"https:\/\/jubilerarbiszgdansk.pl\/en\/wp-json\/wp\/v2\/product"}],"about":[{"href":"https:\/\/jubilerarbiszgdansk.pl\/en\/wp-json\/wp\/v2\/types\/product"}],"version-history":[{"count":0,"href":"https:\/\/jubilerarbiszgdansk.pl\/en\/wp-json\/wp\/v2\/product\/174\/revisions"}],"wp:featuredmedia":[{"embeddable":true,"href":"https:\/\/jubilerarbiszgdansk.pl\/en\/wp-json\/wp\/v2\/media\/229"}],"wp:attachment":[{"href":"https:\/\/jubilerarbiszgdansk.pl\/en\/wp-json\/wp\/v2\/media?parent=174"}],"wp:term":[{"taxonomy":"brand","embeddable":true,"href":"https:\/\/jubilerarbiszgdansk.pl\/en\/wp-json\/wp\/v2\/etheme_brands?post=174"},{"taxonomy":"product_brand","embeddable":true,"href":"https:\/\/jubilerarbiszgdansk.pl\/en\/wp-json\/wp\/v2\/product_brand?post=174"},{"taxonomy":"product_cat","embeddable":true,"href":"https:\/\/jubilerarbiszgdansk.pl\/en\/wp-json\/wp\/v2\/product_cat?post=174"},{"taxonomy":"product_tag","embeddable":true,"href":"https:\/\/jubilerarbiszgdansk.pl\/en\/wp-json\/wp\/v2\/product_tag?post=174"}],"curies":[{"name":"wp","href":"https:\/\/api.w.org\/{rel}","templated":true}]}}