{"id":171,"date":"2023-05-22T18:15:16","date_gmt":"2023-05-22T16:15:16","guid":{"rendered":"http:\/\/hosting2064503.online.pro\/autoinstalator\/wordpress1\/?post_type=product&#038;p=171"},"modified":"2025-11-10T11:37:27","modified_gmt":"2025-11-10T10:37:27","slug":"bursztynowa-kolia-w-zlocie-2","status":"publish","type":"product","link":"https:\/\/jubilerarbiszgdansk.pl\/en\/bursztynowa-kolia-w-zlocie-2\/","title":{"rendered":"Bursztynowa kolia w z\u0142ocie"},"content":{"rendered":"<p>Pi\u0119kna, unikatowa kolia bursztynowa z najwy\u017cszej jako\u015bci z\u0142ota 14ct pr\u00f3by 585. Mleczny bursztyn dodaje dodatkowej warto\u015bci tego rodzaju bi\u017cuterii, poniewa\u017c jest to najstarszy bursztyn. Wyj\u0105tkowe zapi\u0119cie zapewni bezpiecze\u0144stwo przed odpi\u0119ciem si\u0119 bi\u017cuterii.<\/p>\n<p>Waga 53.78g<\/p>\n<p>z\u0142oto 14ct pr\u00f3by 585<\/p>","protected":false},"excerpt":{"rendered":"<p>Pi\u0119kna, unikatowa kolia bursztynowa z najwy\u017cszej jako\u015bci z\u0142ota 14ct pr\u00f3by 585. Mleczny bursztyn dodaje dodatkowej warto\u015bci tego rodzaju bi\u017cuterii, poniewa\u017c jest to najstarszy bursztyn. Wyj\u0105tkowe&#8230;<\/p>","protected":false},"featured_media":214,"template":"","meta":[],"etheme_brands":[],"product_brand":[],"product_cat":[23,52],"product_tag":[],"class_list":{"0":"post-171","1":"product","2":"type-product","3":"status-publish","4":"has-post-thumbnail","6":"product_cat-bizuteria-zlota","7":"product_cat-prezenty-premium","9":"first","10":"instock","11":"taxable","12":"shipping-taxable","13":"purchasable","14":"product-type-simple"},"_links":{"self":[{"href":"https:\/\/jubilerarbiszgdansk.pl\/en\/wp-json\/wp\/v2\/product\/171","targetHints":{"allow":["GET"]}}],"collection":[{"href":"https:\/\/jubilerarbiszgdansk.pl\/en\/wp-json\/wp\/v2\/product"}],"about":[{"href":"https:\/\/jubilerarbiszgdansk.pl\/en\/wp-json\/wp\/v2\/types\/product"}],"version-history":[{"count":0,"href":"https:\/\/jubilerarbiszgdansk.pl\/en\/wp-json\/wp\/v2\/product\/171\/revisions"}],"wp:featuredmedia":[{"embeddable":true,"href":"https:\/\/jubilerarbiszgdansk.pl\/en\/wp-json\/wp\/v2\/media\/214"}],"wp:attachment":[{"href":"https:\/\/jubilerarbiszgdansk.pl\/en\/wp-json\/wp\/v2\/media?parent=171"}],"wp:term":[{"taxonomy":"brand","embeddable":true,"href":"https:\/\/jubilerarbiszgdansk.pl\/en\/wp-json\/wp\/v2\/etheme_brands?post=171"},{"taxonomy":"product_brand","embeddable":true,"href":"https:\/\/jubilerarbiszgdansk.pl\/en\/wp-json\/wp\/v2\/product_brand?post=171"},{"taxonomy":"product_cat","embeddable":true,"href":"https:\/\/jubilerarbiszgdansk.pl\/en\/wp-json\/wp\/v2\/product_cat?post=171"},{"taxonomy":"product_tag","embeddable":true,"href":"https:\/\/jubilerarbiszgdansk.pl\/en\/wp-json\/wp\/v2\/product_tag?post=171"}],"curies":[{"name":"wp","href":"https:\/\/api.w.org\/{rel}","templated":true}]}}