{"id":164,"date":"2023-05-22T18:15:15","date_gmt":"2023-05-22T16:15:15","guid":{"rendered":"http:\/\/hosting2064503.online.pro\/autoinstalator\/wordpress1\/?post_type=product&#038;p=164"},"modified":"2025-11-10T11:38:50","modified_gmt":"2025-11-10T10:38:50","slug":"srebrny-pierscionek-z-koniakowym-bursztynem-z-motywem-liscia","status":"publish","type":"product","link":"https:\/\/jubilerarbiszgdansk.pl\/en\/srebrny-pierscionek-z-koniakowym-bursztynem-z-motywem-liscia\/","title":{"rendered":"Srebrny pier\u015bcionek z koniakowym bursztynem z motywem li\u015bcia"},"content":{"rendered":"<p>Delikatny pier\u015bcionek w srebrze pr\u00f3by 925 z koniakowym bursztynem z motywem li\u015bcia.<\/p>\n<p>Rozmiar 12.<\/p>","protected":false},"excerpt":{"rendered":"<p>Delikatny pier\u015bcionek w srebrze pr\u00f3by 925 z koniakowym bursztynem z motywem li\u015bcia. Rozmiar 12.<\/p>","protected":false},"featured_media":207,"template":"","meta":[],"etheme_brands":[],"product_brand":[],"product_cat":[17,50],"product_tag":[],"class_list":{"0":"post-164","1":"product","2":"type-product","3":"status-publish","4":"has-post-thumbnail","6":"product_cat-pierscionki-z-bursztynem","7":"product_cat-prezenty-do-150-zl","9":"first","10":"instock","11":"taxable","12":"shipping-taxable","13":"purchasable","14":"product-type-simple"},"_links":{"self":[{"href":"https:\/\/jubilerarbiszgdansk.pl\/en\/wp-json\/wp\/v2\/product\/164","targetHints":{"allow":["GET"]}}],"collection":[{"href":"https:\/\/jubilerarbiszgdansk.pl\/en\/wp-json\/wp\/v2\/product"}],"about":[{"href":"https:\/\/jubilerarbiszgdansk.pl\/en\/wp-json\/wp\/v2\/types\/product"}],"version-history":[{"count":0,"href":"https:\/\/jubilerarbiszgdansk.pl\/en\/wp-json\/wp\/v2\/product\/164\/revisions"}],"wp:featuredmedia":[{"embeddable":true,"href":"https:\/\/jubilerarbiszgdansk.pl\/en\/wp-json\/wp\/v2\/media\/207"}],"wp:attachment":[{"href":"https:\/\/jubilerarbiszgdansk.pl\/en\/wp-json\/wp\/v2\/media?parent=164"}],"wp:term":[{"taxonomy":"brand","embeddable":true,"href":"https:\/\/jubilerarbiszgdansk.pl\/en\/wp-json\/wp\/v2\/etheme_brands?post=164"},{"taxonomy":"product_brand","embeddable":true,"href":"https:\/\/jubilerarbiszgdansk.pl\/en\/wp-json\/wp\/v2\/product_brand?post=164"},{"taxonomy":"product_cat","embeddable":true,"href":"https:\/\/jubilerarbiszgdansk.pl\/en\/wp-json\/wp\/v2\/product_cat?post=164"},{"taxonomy":"product_tag","embeddable":true,"href":"https:\/\/jubilerarbiszgdansk.pl\/en\/wp-json\/wp\/v2\/product_tag?post=164"}],"curies":[{"name":"wp","href":"https:\/\/api.w.org\/{rel}","templated":true}]}}