{"id":1595,"date":"2023-12-03T22:16:27","date_gmt":"2023-12-03T21:16:27","guid":{"rendered":"https:\/\/jubilerarbiszgdansk.pl\/?post_type=product&#038;p=1595"},"modified":"2024-01-23T23:16:45","modified_gmt":"2024-01-23T22:16:45","slug":"karta-podarunkowa-200-zl","status":"publish","type":"product","link":"https:\/\/jubilerarbiszgdansk.pl\/en\/karta-podarunkowa-200-zl\/","title":{"rendered":"Karta podarunkowa 200 z\u0142"},"content":{"rendered":"<p>Mo\u017cesz wydrukowa\u0107 kart\u0119 i\u00a0podarowa\u0107 j\u0105\u00a0komu\u015b osobi\u015bcie lub wys\u0142a\u0107 j\u0105 emailem do odbiorcy.<\/p>\n<p>Aby zrealizowa\u0107 kart\u0119 w\u00a0sklepie internetowym, wprowad\u017a otrzymany kod w\u00a0koszyku.<\/p>\n<p>Masz pytanie dotycz\u0105ce tego produktu? <a href=\"https:\/\/jubilerarbiszgdansk.pl\/en\/kontakt\/\">Napisz do nas!<\/a><\/p>","protected":false},"excerpt":{"rendered":"<p>Mo\u017cesz wydrukowa\u0107 kart\u0119 i\u00a0podarowa\u0107 j\u0105\u00a0komu\u015b osobi\u015bcie lub wys\u0142a\u0107 j\u0105 emailem do odbiorcy. Aby zrealizowa\u0107 kart\u0119 w\u00a0sklepie internetowym, wprowad\u017a otrzymany kod w\u00a0koszyku. Masz pytanie dotycz\u0105ce tego&#8230;<\/p>","protected":false},"featured_media":1782,"template":"","meta":[],"etheme_brands":[],"product_brand":[],"product_cat":[58],"product_tag":[],"class_list":{"0":"post-1595","1":"product","2":"type-product","3":"status-publish","4":"has-post-thumbnail","6":"product_cat-karta-upominkowa","8":"first","9":"instock","10":"virtual","11":"taxable","12":"purchasable","13":"product-type-simple"},"_links":{"self":[{"href":"https:\/\/jubilerarbiszgdansk.pl\/en\/wp-json\/wp\/v2\/product\/1595","targetHints":{"allow":["GET"]}}],"collection":[{"href":"https:\/\/jubilerarbiszgdansk.pl\/en\/wp-json\/wp\/v2\/product"}],"about":[{"href":"https:\/\/jubilerarbiszgdansk.pl\/en\/wp-json\/wp\/v2\/types\/product"}],"version-history":[{"count":0,"href":"https:\/\/jubilerarbiszgdansk.pl\/en\/wp-json\/wp\/v2\/product\/1595\/revisions"}],"wp:featuredmedia":[{"embeddable":true,"href":"https:\/\/jubilerarbiszgdansk.pl\/en\/wp-json\/wp\/v2\/media\/1782"}],"wp:attachment":[{"href":"https:\/\/jubilerarbiszgdansk.pl\/en\/wp-json\/wp\/v2\/media?parent=1595"}],"wp:term":[{"taxonomy":"brand","embeddable":true,"href":"https:\/\/jubilerarbiszgdansk.pl\/en\/wp-json\/wp\/v2\/etheme_brands?post=1595"},{"taxonomy":"product_brand","embeddable":true,"href":"https:\/\/jubilerarbiszgdansk.pl\/en\/wp-json\/wp\/v2\/product_brand?post=1595"},{"taxonomy":"product_cat","embeddable":true,"href":"https:\/\/jubilerarbiszgdansk.pl\/en\/wp-json\/wp\/v2\/product_cat?post=1595"},{"taxonomy":"product_tag","embeddable":true,"href":"https:\/\/jubilerarbiszgdansk.pl\/en\/wp-json\/wp\/v2\/product_tag?post=1595"}],"curies":[{"name":"wp","href":"https:\/\/api.w.org\/{rel}","templated":true}]}}