{"id":120,"date":"2023-05-22T18:14:33","date_gmt":"2023-05-22T16:14:33","guid":{"rendered":"http:\/\/hosting2064503.online.pro\/autoinstalator\/wordpress1\/?post_type=product&#038;p=120"},"modified":"2025-11-10T11:39:06","modified_gmt":"2025-11-10T10:39:06","slug":"bransoleta-z-zoltym-bursztynem-w-srebrze","status":"publish","type":"product","link":"https:\/\/jubilerarbiszgdansk.pl\/en\/bransoleta-z-zoltym-bursztynem-w-srebrze\/","title":{"rendered":"Bransoleta z \u017c\u00f3\u0142tym bursztynem w srebrze"},"content":{"rendered":"<p>Unikatowa bransoleta z \u017c\u00f3\u0142tym bursztynem w oksydowanym srebrze o nieoczywistym wzorze.<\/p>\n<p>D\u0142ugo\u015b\u0107 w obwodzie 25cm.<\/p>\n<p>Srebro 925<\/p>\n<p>Waga 45,54g<\/p>","protected":false},"excerpt":{"rendered":"<p>Unikatowa bransoleta z \u017c\u00f3\u0142tym bursztynem w oksydowanym srebrze o nieoczywistym wzorze.<\/p>","protected":false},"featured_media":161,"template":"","meta":[],"etheme_brands":[],"product_brand":[],"product_cat":[18],"product_tag":[],"class_list":{"0":"post-120","1":"product","2":"type-product","3":"status-publish","4":"has-post-thumbnail","6":"product_cat-bransoletki-z-bursztynu","8":"first","9":"instock","10":"taxable","11":"shipping-taxable","12":"purchasable","13":"product-type-simple"},"_links":{"self":[{"href":"https:\/\/jubilerarbiszgdansk.pl\/en\/wp-json\/wp\/v2\/product\/120","targetHints":{"allow":["GET"]}}],"collection":[{"href":"https:\/\/jubilerarbiszgdansk.pl\/en\/wp-json\/wp\/v2\/product"}],"about":[{"href":"https:\/\/jubilerarbiszgdansk.pl\/en\/wp-json\/wp\/v2\/types\/product"}],"version-history":[{"count":0,"href":"https:\/\/jubilerarbiszgdansk.pl\/en\/wp-json\/wp\/v2\/product\/120\/revisions"}],"wp:featuredmedia":[{"embeddable":true,"href":"https:\/\/jubilerarbiszgdansk.pl\/en\/wp-json\/wp\/v2\/media\/161"}],"wp:attachment":[{"href":"https:\/\/jubilerarbiszgdansk.pl\/en\/wp-json\/wp\/v2\/media?parent=120"}],"wp:term":[{"taxonomy":"brand","embeddable":true,"href":"https:\/\/jubilerarbiszgdansk.pl\/en\/wp-json\/wp\/v2\/etheme_brands?post=120"},{"taxonomy":"product_brand","embeddable":true,"href":"https:\/\/jubilerarbiszgdansk.pl\/en\/wp-json\/wp\/v2\/product_brand?post=120"},{"taxonomy":"product_cat","embeddable":true,"href":"https:\/\/jubilerarbiszgdansk.pl\/en\/wp-json\/wp\/v2\/product_cat?post=120"},{"taxonomy":"product_tag","embeddable":true,"href":"https:\/\/jubilerarbiszgdansk.pl\/en\/wp-json\/wp\/v2\/product_tag?post=120"}],"curies":[{"name":"wp","href":"https:\/\/api.w.org\/{rel}","templated":true}]}}